{"id":1965,"date":"2021-11-11T12:35:18","date_gmt":"2021-11-11T12:35:18","guid":{"rendered":"https:\/\/iberogen.com\/product\/envio-de-muestras\/"},"modified":"2025-02-12T17:46:24","modified_gmt":"2025-02-12T17:46:24","slug":"envio-de-muestras","status":"publish","type":"product","link":"https:\/\/iberogen.com\/en\/product\/envio-de-muestras\/","title":{"rendered":"SAMPLES SHIPMENT"},"content":{"rendered":"<p>Worldwide Service. All our services are International. We operate in Europe, America, Asia and Africa.<\/p>\n<p>If you want to take advantage of our special service with NACEX or FEDEX, you just have to choose your location and contact us so that we can schedule the collection. They will collect your samples and bring them directly to our laboratory in the shortest possible time.<\/p>\n<ul>\n<li>If your location does not appear on our list, contact us and we will tell you the best way to send your samples to our laboratory.<\/li>\n<li>Each shipment you purchase may not exceed 500gr in weight per package.<\/li>\n<\/ul>\n","protected":false},"excerpt":{"rendered":"<p>Worldwide Service. All our services are International. We operate in Europe, America, Asia and Africa. If you want to take advantage of our special service with NACEX or FEDEX, you just have to choose your location and contact us so that we can schedule the collection. They will collect your samples and bring them directly [&hellip;]<\/p>\n","protected":false},"featured_media":0,"template":"","meta":{"_acf_changed":false},"product_brand":[],"product_cat":[1437],"product_tag":[],"tipo_de_muestra":[],"especie":[],"class_list":{"0":"post-1965","1":"product","2":"type-product","3":"status-publish","5":"product_cat-veterinary","7":"first","8":"instock","9":"shipping-taxable","10":"purchasable","11":"product-type-variable"},"acf":[],"yoast_head":"<!-- This site is optimized with the Yoast SEO plugin v27.2 - https:\/\/yoast.com\/product\/yoast-seo-wordpress\/ -->\n<title>\u00bfC\u00f3mo enviar muestras a Iberogen? | Iberogen<\/title>\n<meta name=\"description\" content=\"Aprov\u00e9chate de nuestro servicio de recogida, solo tienes que elegir tu ubicaci\u00f3n y contactar con nosotros para que programemos la recogida de las muestras.\" \/>\n<meta name=\"robots\" content=\"index, follow, max-snippet:-1, max-image-preview:large, max-video-preview:-1\" \/>\n<link rel=\"canonical\" href=\"https:\/\/iberogen.com\/en\/product\/envio-de-muestras\/\" \/>\n<meta property=\"og:locale\" content=\"en_US\" \/>\n<meta property=\"og:type\" content=\"article\" \/>\n<meta property=\"og:title\" content=\"\u00bfC\u00f3mo enviar muestras a Iberogen? | Iberogen\" \/>\n<meta property=\"og:description\" content=\"Aprov\u00e9chate de nuestro servicio de recogida, solo tienes que elegir tu ubicaci\u00f3n y contactar con nosotros para que programemos la recogida de las muestras.\" \/>\n<meta property=\"og:url\" content=\"https:\/\/iberogen.com\/en\/product\/envio-de-muestras\/\" \/>\n<meta property=\"og:site_name\" content=\"Iberogen\" \/>\n<meta property=\"article:modified_time\" content=\"2025-02-12T17:46:24+00:00\" \/>\n<meta name=\"twitter:card\" content=\"summary_large_image\" \/>\n<meta name=\"twitter:label1\" content=\"Est. reading time\" \/>\n\t<meta name=\"twitter:data1\" content=\"1 minute\" \/>\n<script type=\"application\/ld+json\" class=\"yoast-schema-graph\">{\"@context\":\"https:\/\/schema.org\",\"@graph\":[{\"@type\":\"WebPage\",\"@id\":\"https:\/\/iberogen.com\/en\/product\/envio-de-muestras\/\",\"url\":\"https:\/\/iberogen.com\/en\/product\/envio-de-muestras\/\",\"name\":\"\u00bfC\u00f3mo enviar muestras a Iberogen? | Iberogen\",\"isPartOf\":{\"@id\":\"https:\/\/iberogen.com\/en\/#website\"},\"datePublished\":\"2021-11-11T12:35:18+00:00\",\"dateModified\":\"2025-02-12T17:46:24+00:00\",\"description\":\"Aprov\u00e9chate de nuestro servicio de recogida, solo tienes que elegir tu ubicaci\u00f3n y contactar con nosotros para que programemos la recogida de las muestras.\",\"breadcrumb\":{\"@id\":\"https:\/\/iberogen.com\/en\/product\/envio-de-muestras\/#breadcrumb\"},\"inLanguage\":\"en-US\",\"potentialAction\":[{\"@type\":\"ReadAction\",\"target\":[\"https:\/\/iberogen.com\/en\/product\/envio-de-muestras\/\"]}]},{\"@type\":\"BreadcrumbList\",\"@id\":\"https:\/\/iberogen.com\/en\/product\/envio-de-muestras\/#breadcrumb\",\"itemListElement\":[{\"@type\":\"ListItem\",\"position\":1,\"name\":\"Portada\",\"item\":\"https:\/\/iberogen.com\/en\/\"},{\"@type\":\"ListItem\",\"position\":2,\"name\":\"Boutique\",\"item\":\"https:\/\/iberogen.com\/fr\/boutique\/\"},{\"@type\":\"ListItem\",\"position\":3,\"name\":\"SAMPLES SHIPMENT\"}]},{\"@type\":\"WebSite\",\"@id\":\"https:\/\/iberogen.com\/en\/#website\",\"url\":\"https:\/\/iberogen.com\/en\/\",\"name\":\"Iberogen\",\"description\":\"\",\"potentialAction\":[{\"@type\":\"SearchAction\",\"target\":{\"@type\":\"EntryPoint\",\"urlTemplate\":\"https:\/\/iberogen.com\/en\/?s={search_term_string}\"},\"query-input\":{\"@type\":\"PropertyValueSpecification\",\"valueRequired\":true,\"valueName\":\"search_term_string\"}}],\"inLanguage\":\"en-US\"}]}<\/script>\n<!-- \/ Yoast SEO plugin. -->","yoast_head_json":{"title":"\u00bfC\u00f3mo enviar muestras a Iberogen? | Iberogen","description":"Aprov\u00e9chate de nuestro servicio de recogida, solo tienes que elegir tu ubicaci\u00f3n y contactar con nosotros para que programemos la recogida de las muestras.","robots":{"index":"index","follow":"follow","max-snippet":"max-snippet:-1","max-image-preview":"max-image-preview:large","max-video-preview":"max-video-preview:-1"},"canonical":"https:\/\/iberogen.com\/en\/product\/envio-de-muestras\/","og_locale":"en_US","og_type":"article","og_title":"\u00bfC\u00f3mo enviar muestras a Iberogen? | Iberogen","og_description":"Aprov\u00e9chate de nuestro servicio de recogida, solo tienes que elegir tu ubicaci\u00f3n y contactar con nosotros para que programemos la recogida de las muestras.","og_url":"https:\/\/iberogen.com\/en\/product\/envio-de-muestras\/","og_site_name":"Iberogen","article_modified_time":"2025-02-12T17:46:24+00:00","twitter_card":"summary_large_image","twitter_misc":{"Est. reading time":"1 minute"},"schema":{"@context":"https:\/\/schema.org","@graph":[{"@type":"WebPage","@id":"https:\/\/iberogen.com\/en\/product\/envio-de-muestras\/","url":"https:\/\/iberogen.com\/en\/product\/envio-de-muestras\/","name":"\u00bfC\u00f3mo enviar muestras a Iberogen? | Iberogen","isPartOf":{"@id":"https:\/\/iberogen.com\/en\/#website"},"datePublished":"2021-11-11T12:35:18+00:00","dateModified":"2025-02-12T17:46:24+00:00","description":"Aprov\u00e9chate de nuestro servicio de recogida, solo tienes que elegir tu ubicaci\u00f3n y contactar con nosotros para que programemos la recogida de las muestras.","breadcrumb":{"@id":"https:\/\/iberogen.com\/en\/product\/envio-de-muestras\/#breadcrumb"},"inLanguage":"en-US","potentialAction":[{"@type":"ReadAction","target":["https:\/\/iberogen.com\/en\/product\/envio-de-muestras\/"]}]},{"@type":"BreadcrumbList","@id":"https:\/\/iberogen.com\/en\/product\/envio-de-muestras\/#breadcrumb","itemListElement":[{"@type":"ListItem","position":1,"name":"Portada","item":"https:\/\/iberogen.com\/en\/"},{"@type":"ListItem","position":2,"name":"Boutique","item":"https:\/\/iberogen.com\/fr\/boutique\/"},{"@type":"ListItem","position":3,"name":"SAMPLES SHIPMENT"}]},{"@type":"WebSite","@id":"https:\/\/iberogen.com\/en\/#website","url":"https:\/\/iberogen.com\/en\/","name":"Iberogen","description":"","potentialAction":[{"@type":"SearchAction","target":{"@type":"EntryPoint","urlTemplate":"https:\/\/iberogen.com\/en\/?s={search_term_string}"},"query-input":{"@type":"PropertyValueSpecification","valueRequired":true,"valueName":"search_term_string"}}],"inLanguage":"en-US"}]}},"_links":{"self":[{"href":"https:\/\/iberogen.com\/en\/wp-json\/wp\/v2\/product\/1965","targetHints":{"allow":["GET"]}}],"collection":[{"href":"https:\/\/iberogen.com\/en\/wp-json\/wp\/v2\/product"}],"about":[{"href":"https:\/\/iberogen.com\/en\/wp-json\/wp\/v2\/types\/product"}],"wp:attachment":[{"href":"https:\/\/iberogen.com\/en\/wp-json\/wp\/v2\/media?parent=1965"}],"wp:term":[{"taxonomy":"product_brand","embeddable":true,"href":"https:\/\/iberogen.com\/en\/wp-json\/wp\/v2\/product_brand?post=1965"},{"taxonomy":"product_cat","embeddable":true,"href":"https:\/\/iberogen.com\/en\/wp-json\/wp\/v2\/product_cat?post=1965"},{"taxonomy":"product_tag","embeddable":true,"href":"https:\/\/iberogen.com\/en\/wp-json\/wp\/v2\/product_tag?post=1965"},{"taxonomy":"tipo_de_muestra","embeddable":true,"href":"https:\/\/iberogen.com\/en\/wp-json\/wp\/v2\/tipo_de_muestra?post=1965"},{"taxonomy":"especie","embeddable":true,"href":"https:\/\/iberogen.com\/en\/wp-json\/wp\/v2\/especie?post=1965"}],"curies":[{"name":"wp","href":"https:\/\/api.w.org\/{rel}","templated":true}]}}