{"id":2655,"date":"2021-08-17T10:20:45","date_gmt":"2021-08-17T10:20:45","guid":{"rendered":"https:\/\/iberogen.com\/home\/"},"modified":"2024-02-05T20:46:43","modified_gmt":"2024-02-05T20:46:43","slug":"home","status":"publish","type":"page","link":"https:\/\/iberogen.com\/fr\/","title":{"rendered":"Home"},"content":{"rendered":"","protected":false},"excerpt":{"rendered":"","protected":false},"author":1,"featured_media":0,"parent":0,"menu_order":0,"comment_status":"closed","ping_status":"closed","template":"plantilla_home.php","meta":{"_acf_changed":false,"footnotes":""},"class_list":["post-2655","page","type-page","status-publish","hentry"],"acf":[],"yoast_head":"<!-- This site is optimized with the Yoast SEO plugin v27.2 - https:\/\/yoast.com\/product\/yoast-seo-wordpress\/ -->\n<title>Iberogen\u00a0: g\u00e9n\u00e9tique animale et v\u00e9g\u00e9tale avanc\u00e9e<\/title>\n<meta name=\"description\" content=\"Laboratoire de g\u00e9n\u00e9tique animale et v\u00e9g\u00e9tale. Chez Iberogen, nous sommes sp\u00e9cialistes de la g\u00e9n\u00e9tique et du sexage des oiseaux. Votre laboratoire de g\u00e9n\u00e9tique appliqu\u00e9e en ligne.\" \/>\n<meta name=\"robots\" content=\"index, follow, max-snippet:-1, max-image-preview:large, max-video-preview:-1\" \/>\n<link rel=\"canonical\" href=\"https:\/\/iberogen.com\/fr\/\" \/>\n<meta property=\"og:locale\" content=\"fr_FR\" \/>\n<meta property=\"og:type\" content=\"article\" \/>\n<meta property=\"og:title\" content=\"Iberogen\u00a0: g\u00e9n\u00e9tique animale et v\u00e9g\u00e9tale avanc\u00e9e\" \/>\n<meta property=\"og:description\" content=\"Laboratoire de g\u00e9n\u00e9tique animale et v\u00e9g\u00e9tale. Chez Iberogen, nous sommes sp\u00e9cialistes de la g\u00e9n\u00e9tique et du sexage des oiseaux. Votre laboratoire de g\u00e9n\u00e9tique appliqu\u00e9e en ligne.\" \/>\n<meta property=\"og:url\" content=\"https:\/\/iberogen.com\/fr\/\" \/>\n<meta property=\"og:site_name\" content=\"Iberogen\" \/>\n<meta property=\"article:modified_time\" content=\"2024-02-05T20:46:43+00:00\" \/>\n<meta name=\"twitter:card\" content=\"summary_large_image\" \/>\n<script type=\"application\/ld+json\" class=\"yoast-schema-graph\">{\"@context\":\"https:\/\/schema.org\",\"@graph\":[{\"@type\":\"WebPage\",\"@id\":\"https:\/\/iberogen.com\/fr\/\",\"url\":\"https:\/\/iberogen.com\/fr\/\",\"name\":\"Iberogen\u00a0: g\u00e9n\u00e9tique animale et v\u00e9g\u00e9tale avanc\u00e9e\",\"isPartOf\":{\"@id\":\"https:\/\/iberogen.com\/fr\/#website\"},\"datePublished\":\"2021-08-17T10:20:45+00:00\",\"dateModified\":\"2024-02-05T20:46:43+00:00\",\"description\":\"Laboratoire de g\u00e9n\u00e9tique animale et v\u00e9g\u00e9tale. Chez Iberogen, nous sommes sp\u00e9cialistes de la g\u00e9n\u00e9tique et du sexage des oiseaux. Votre laboratoire de g\u00e9n\u00e9tique appliqu\u00e9e en ligne.\",\"breadcrumb\":{\"@id\":\"https:\/\/iberogen.com\/fr\/#breadcrumb\"},\"inLanguage\":\"fr-FR\",\"potentialAction\":[{\"@type\":\"ReadAction\",\"target\":[\"https:\/\/iberogen.com\/fr\/\"]}]},{\"@type\":\"BreadcrumbList\",\"@id\":\"https:\/\/iberogen.com\/fr\/#breadcrumb\",\"itemListElement\":[{\"@type\":\"ListItem\",\"position\":1,\"name\":\"Portada\",\"item\":\"https:\/\/iberogen.com\/fr\/\"},{\"@type\":\"ListItem\",\"position\":2,\"name\":\"Home\"}]},{\"@type\":\"WebSite\",\"@id\":\"https:\/\/iberogen.com\/fr\/#website\",\"url\":\"https:\/\/iberogen.com\/fr\/\",\"name\":\"Iberogen\",\"description\":\"\",\"potentialAction\":[{\"@type\":\"SearchAction\",\"target\":{\"@type\":\"EntryPoint\",\"urlTemplate\":\"https:\/\/iberogen.com\/fr\/?s={search_term_string}\"},\"query-input\":{\"@type\":\"PropertyValueSpecification\",\"valueRequired\":true,\"valueName\":\"search_term_string\"}}],\"inLanguage\":\"fr-FR\"}]}<\/script>\n<!-- \/ Yoast SEO plugin. -->","yoast_head_json":{"title":"Iberogen\u00a0: g\u00e9n\u00e9tique animale et v\u00e9g\u00e9tale avanc\u00e9e","description":"Laboratoire de g\u00e9n\u00e9tique animale et v\u00e9g\u00e9tale. Chez Iberogen, nous sommes sp\u00e9cialistes de la g\u00e9n\u00e9tique et du sexage des oiseaux. Votre laboratoire de g\u00e9n\u00e9tique appliqu\u00e9e en ligne.","robots":{"index":"index","follow":"follow","max-snippet":"max-snippet:-1","max-image-preview":"max-image-preview:large","max-video-preview":"max-video-preview:-1"},"canonical":"https:\/\/iberogen.com\/fr\/","og_locale":"fr_FR","og_type":"article","og_title":"Iberogen\u00a0: g\u00e9n\u00e9tique animale et v\u00e9g\u00e9tale avanc\u00e9e","og_description":"Laboratoire de g\u00e9n\u00e9tique animale et v\u00e9g\u00e9tale. Chez Iberogen, nous sommes sp\u00e9cialistes de la g\u00e9n\u00e9tique et du sexage des oiseaux. Votre laboratoire de g\u00e9n\u00e9tique appliqu\u00e9e en ligne.","og_url":"https:\/\/iberogen.com\/fr\/","og_site_name":"Iberogen","article_modified_time":"2024-02-05T20:46:43+00:00","twitter_card":"summary_large_image","schema":{"@context":"https:\/\/schema.org","@graph":[{"@type":"WebPage","@id":"https:\/\/iberogen.com\/fr\/","url":"https:\/\/iberogen.com\/fr\/","name":"Iberogen\u00a0: g\u00e9n\u00e9tique animale et v\u00e9g\u00e9tale avanc\u00e9e","isPartOf":{"@id":"https:\/\/iberogen.com\/fr\/#website"},"datePublished":"2021-08-17T10:20:45+00:00","dateModified":"2024-02-05T20:46:43+00:00","description":"Laboratoire de g\u00e9n\u00e9tique animale et v\u00e9g\u00e9tale. Chez Iberogen, nous sommes sp\u00e9cialistes de la g\u00e9n\u00e9tique et du sexage des oiseaux. Votre laboratoire de g\u00e9n\u00e9tique appliqu\u00e9e en ligne.","breadcrumb":{"@id":"https:\/\/iberogen.com\/fr\/#breadcrumb"},"inLanguage":"fr-FR","potentialAction":[{"@type":"ReadAction","target":["https:\/\/iberogen.com\/fr\/"]}]},{"@type":"BreadcrumbList","@id":"https:\/\/iberogen.com\/fr\/#breadcrumb","itemListElement":[{"@type":"ListItem","position":1,"name":"Portada","item":"https:\/\/iberogen.com\/fr\/"},{"@type":"ListItem","position":2,"name":"Home"}]},{"@type":"WebSite","@id":"https:\/\/iberogen.com\/fr\/#website","url":"https:\/\/iberogen.com\/fr\/","name":"Iberogen","description":"","potentialAction":[{"@type":"SearchAction","target":{"@type":"EntryPoint","urlTemplate":"https:\/\/iberogen.com\/fr\/?s={search_term_string}"},"query-input":{"@type":"PropertyValueSpecification","valueRequired":true,"valueName":"search_term_string"}}],"inLanguage":"fr-FR"}]}},"_links":{"self":[{"href":"https:\/\/iberogen.com\/fr\/wp-json\/wp\/v2\/pages\/2655","targetHints":{"allow":["GET"]}}],"collection":[{"href":"https:\/\/iberogen.com\/fr\/wp-json\/wp\/v2\/pages"}],"about":[{"href":"https:\/\/iberogen.com\/fr\/wp-json\/wp\/v2\/types\/page"}],"author":[{"embeddable":true,"href":"https:\/\/iberogen.com\/fr\/wp-json\/wp\/v2\/users\/1"}],"replies":[{"embeddable":true,"href":"https:\/\/iberogen.com\/fr\/wp-json\/wp\/v2\/comments?post=2655"}],"version-history":[{"count":1,"href":"https:\/\/iberogen.com\/fr\/wp-json\/wp\/v2\/pages\/2655\/revisions"}],"predecessor-version":[{"id":2810,"href":"https:\/\/iberogen.com\/fr\/wp-json\/wp\/v2\/pages\/2655\/revisions\/2810"}],"wp:attachment":[{"href":"https:\/\/iberogen.com\/fr\/wp-json\/wp\/v2\/media?parent=2655"}],"curies":[{"name":"wp","href":"https:\/\/api.w.org\/{rel}","templated":true}]}}