{"id":2917,"date":"2021-09-25T06:27:57","date_gmt":"2021-09-25T06:27:57","guid":{"rendered":"https:\/\/iberogen.com\/politica-de-cookies\/"},"modified":"2022-07-19T12:49:12","modified_gmt":"2022-07-19T12:49:12","slug":"politique-de-cookies","status":"publish","type":"page","link":"https:\/\/iberogen.com\/fr\/politique-de-cookies\/","title":{"rendered":"Politique de cookies"},"content":{"rendered":"<p><strong>Pourquoi dois-je vous informer sur les cookies?<\/strong><\/p>\n<p>Dans le r\u00e8glement LSSI-CE (Loi sur la soci\u00e9t\u00e9 de l&rsquo;information et le commerce \u00e9lectronique), il existe une section d\u00e9di\u00e9e aux cookies qui oblige ceux d&rsquo;entre nous qui ont un site Web \u00e0 t\u00e9l\u00e9charger des cookies tiers dans votre navigateur pour informer l&rsquo;utilisateur du type de cookies, la dur\u00e9e et la finalit\u00e9 de chacun d&rsquo;eux. Vous comprendrez que ce n&rsquo;est pas facile, mais je dois par la loi me rapprocher le plus possible de ces exigences.<\/p>\n<p>Mon site Web utilise ses propres cookies et ceux de tiers pour vous garantir une meilleure exp\u00e9rience de navigation, afin que vous puissiez partager du contenu sur les r\u00e9seaux sociaux et obtenir des statistiques et des habitudes de navigation des utilisateurs de ce blog.<\/p>\n<p>En tant qu&rsquo;utilisateur, vous pouvez refuser le traitement de donn\u00e9es ou d&rsquo;informations en bloquant ces cookies via la configuration appropri\u00e9e de votre navigateur. Cependant, sachez que si vous le faites, mon site ne fonctionnera pas correctement.<\/p>\n<p>Conform\u00e9ment \u00e0 l&rsquo;article 22.2 de la loi 34\/2002 sur les services de la soci\u00e9t\u00e9 de l&rsquo;information et du commerce \u00e9lectronique, si vous continuez \u00e0 naviguer, vous donnerez votre consentement pour l&rsquo;utilisation de ces cookies.<\/p>\n<p>En tant qu&rsquo;utilisateur, vous acceptez express\u00e9ment, en utilisant ce site, le traitement des informations collect\u00e9es dans les conditions et pour les finalit\u00e9s d\u00e9crites ci-dessous. De m\u00eame, vous reconnaissez conna\u00eetre la possibilit\u00e9 de refuser le traitement de ces donn\u00e9es ou informations en refusant l&rsquo;utilisation de Cookies en s\u00e9lectionnant la configuration appropri\u00e9e \u00e0 cet effet dans votre navigateur. Bien que cette option de blocage des cookies dans votre navigateur puisse ne pas vous permettre d&rsquo;utiliser pleinement toutes les fonctionnalit\u00e9s de ce site Web.<strong><br \/>\n<\/strong><\/p>\n<p>&nbsp;<\/p>\n<p><strong>Qu&rsquo;est-ce qu&rsquo;un cookie?<\/strong><br \/>\nUn cookie est un fichier qui est t\u00e9l\u00e9charg\u00e9 sur votre ordinateur lorsque vous acc\u00e9dez \u00e0 certaines pages Web. Les cookies permettent, entre autres, \u00e0 une page Web de stocker et de r\u00e9cup\u00e9rer des informations sur les habitudes de navigation d&rsquo;un utilisateur ou de son \u00e9quipement et, en fonction des informations qu&rsquo;ils contiennent et de la mani\u00e8re dont l&rsquo;\u00e9quipement les utilise, ils peuvent \u00eatre utilis\u00e9s pour reconna\u00eetre le utilisateur.<\/p>\n<p>Compte tenu du fonctionnement d&rsquo;Internet et des sites Internet, il n&rsquo;est pas toujours possible d&rsquo;avoir des informations provenant de cookies d\u00e9pos\u00e9s par des tiers via mon site Internet. Cela s&rsquo;applique en particulier aux cas o\u00f9 mon site Web contient ce que l&rsquo;on appelle des \u00e9l\u00e9ments int\u00e9gr\u00e9s : des textes, des documents, des images ou des courts m\u00e9trages qui sont stock\u00e9s ailleurs mais qui sont affich\u00e9s sur ou via mon site Web et des d\u00e9riv\u00e9s du plug-in d&rsquo;analyse utilis\u00e9 par ce site Web.<\/p>\n<p>Par cons\u00e9quent, si vous rencontrez ce type de cookies sur ce site Web et qu&rsquo;ils ne figurent pas dans la liste suivante, vous devez m&rsquo;en informer afin que je puisse examiner ce cookie et l&rsquo;ajouter \u00e0 cette liste si n\u00e9cessaire.<\/p>\n<p>Si vous ne souhaitez pas que des cookies soient enregistr\u00e9s dans votre navigateur ou si vous souhaitez recevoir des informations \u00e0 chaque fois qu&rsquo;un cookie demande \u00e0 \u00eatre install\u00e9, vous pouvez configurer votre navigateur en ce sens. La plupart des navigateurs permettent la gestion des cookies de 3 mani\u00e8res diff\u00e9rentes :<\/p>\n<ul>\n<li>Les cookies sont toujours rejet\u00e9s.<\/li>\n<li>Le navigateur demande si l&rsquo;utilisateur souhaite installer chaque cookie.<\/li>\n<li>Les cookies sont toujours accept\u00e9s.<\/li>\n<\/ul>\n<p>Le navigateur peut \u00e9galement inclure la possibilit\u00e9 de mieux sp\u00e9cifier quels cookies doivent \u00eatre accept\u00e9s et lesquels ne le sont pas. Plus pr\u00e9cis\u00e9ment, l&rsquo;utilisateur peut normalement accepter l&rsquo;une des options suivantes :<\/p>\n<ul>\n<li>Refuser les cookies de certains domaines.<\/li>\n<li>Refuser les cookies tiers.<\/li>\n<li>Acceptez les cookies comme non persistants (ils sont supprim\u00e9s lorsque le navigateur est ferm\u00e9).<\/li>\n<li>Autoriser le serveur \u00e0 cr\u00e9er des cookies pour un autre domaine.<\/li>\n<li>Si vous rencontrez des cookies sur ce site Web et qu&rsquo;ils ne sont pas r\u00e9pertori\u00e9s ci-dessous, veuillez m&rsquo;en informer. Vous pouvez \u00e9galement contacter directement le tiers pour demander des informations sur les cookies qu&rsquo;il place, le but et la dur\u00e9e du cookie, et comment il a garanti votre confidentialit\u00e9.<\/li>\n<\/ul>\n<p>&nbsp;<\/p>\n<p><strong>Les cookies utilis\u00e9s par ce site Web.<\/strong><br \/>\nCe site Web utilise ses propres cookies et ceux de tiers pour vous garantir une meilleure exp\u00e9rience de navigation, vous permettre de partager du contenu sur les r\u00e9seaux sociaux et d&rsquo;obtenir des statistiques d&rsquo;utilisation.<\/p>\n<p>En tant qu&rsquo;utilisateur, vous pouvez refuser le traitement de donn\u00e9es ou d&rsquo;informations en bloquant ces cookies via la configuration appropri\u00e9e de votre navigateur. Cependant, vous devez savoir que si vous le faites, ce site pourrait ne pas fonctionner correctement.<\/p>\n<p>Selon les termes inclus dans l&rsquo;article 22.2 de la loi 34\/2002 sur les services de la soci\u00e9t\u00e9 de l&rsquo;information et du commerce \u00e9lectronique, si vous continuez \u00e0 naviguer, vous donnerez votre consentement pour l&rsquo;utilisation des cookies d\u00e9taill\u00e9s ci-dessous.<\/p>\n<p>Les cookies de ce site Web aident :<\/p>\n<ul>\n<li>Faire fonctionner ce site Web correctement.<\/li>\n<li>Vous \u00e9vite d&rsquo;avoir \u00e0 vous connecter \u00e0 chaque fois que vous visitez ce site.<\/li>\n<li>Vous rappeler vos param\u00e8tres pendant et entre les visites.<\/li>\n<li>Permet de visionner des vid\u00e9os.<\/li>\n<li>Obtenez des revenus gr\u00e2ce aux cookies d&rsquo;affiliation.<\/li>\n<li>Am\u00e9liorer la vitesse\/s\u00e9curit\u00e9 du site.<\/li>\n<li>Que vous pouvez partager des pages avec les r\u00e9seaux sociaux.<\/li>\n<li>Am\u00e9liorer continuellement ce site gr\u00e2ce au travail d&rsquo;analyse.<\/li>\n<li>Que vous puissiez acheter et payer les produits que je propose (cookies PayPal).<\/li>\n<\/ul>\n<p>Je n&rsquo;utiliserai jamais de cookies pour :<\/p>\n<ul>\n<li>Recueillir des informations personnellement identifiables (sans votre autorisation expresse).<\/li>\n<li>Recueillir des informations sensibles (sans votre autorisation expresse).<\/li>\n<li>Partage de donn\u00e9es personnellement identifiables \u00e0 des tiers.<\/li>\n<\/ul>\n<p>&nbsp;<\/p>\n<p><strong>Cookies tiers que j&rsquo;utilise et dont vous devez \u00eatre conscient.<\/strong><br \/>\nCe site Web, comme la plupart des sites Web et des blogs, inclut des fonctionnalit\u00e9s fournies par des tiers.<\/p>\n<p>www.iberogen.com peut utiliser des services tiers qui, au nom d&rsquo;Iberogen Environmental Studies, recueilleront des informations \u00e0 des fins statistiques, l&rsquo;utilisation de ce site Web par l&rsquo;utilisateur et pour la fourniture d&rsquo;autres services li\u00e9s \u00e0 l&rsquo;activit\u00e9 de ce site Web et services Internet.<\/p>\n<p>En particulier, ce site Web utilise Google Analytics, un service d&rsquo;analyse Web fourni par Google, Inc. domicili\u00e9 aux \u00c9tats-Unis et dont le si\u00e8ge social est situ\u00e9 au 1600 Amphitheatre Parkway, Mountain View, Californie 94043. Pour fournir ces services, ils utilisent des cookies qui collectent des informations, y compris l&rsquo;adresse IP de l&rsquo;utilisateur, qui sera transmise, trait\u00e9e et stock\u00e9e par Google dans les conditions \u00e9nonc\u00e9es sur le site Google.com. Y compris la transmission \u00e9ventuelle desdites informations \u00e0 des tiers pour des raisons d&rsquo;obligation l\u00e9gale ou lorsque lesdits tiers traitent les informations pour le compte de Google.<\/p>\n<p>Parmi les cookies tiers les plus stables figurent :<\/p>\n<ul>\n<li>Cookies techniques: Ce sont ceux qui permettent \u00e0 l&rsquo;utilisateur de naviguer sur une page Web, une plate-forme ou une application et d&rsquo;utiliser les diff\u00e9rentes options ou services qui y existent, tels que, par exemple, le contr\u00f4le du trafic et de la communication des donn\u00e9es, l&rsquo;identification de la session , acc\u00e9der \u00e0 des parties \u00e0 acc\u00e8s restreint, m\u00e9moriser les \u00e9l\u00e9ments qui composent une commande, effectuer le processus d&rsquo;achat d&rsquo;une commande, effectuer la demande d&rsquo;inscription ou de participation \u00e0 un \u00e9v\u00e9nement, utiliser des \u00e9l\u00e9ments de s\u00e9curit\u00e9 lors de la navigation, stocker des contenus pour la diffusion de vid\u00e9os ou de sons ou partager du contenu via les r\u00e9seaux sociaux.<\/li>\n<li>Cookies de personnalisation : Ce sont ceux qui permettent \u00e0 l&rsquo;utilisateur d&rsquo;acc\u00e9der au service avec certaines caract\u00e9ristiques g\u00e9n\u00e9rales pr\u00e9d\u00e9finies en fonction d&rsquo;une s\u00e9rie de crit\u00e8res dans le terminal de l&rsquo;utilisateur, tels que la langue, le type de navigateur via lequel l&rsquo;utilisateur acc\u00e8de au service. , la r\u00e9gion configuration \u00e0 partir de laquelle vous acc\u00e9dez au service, etc.<\/li>\n<li>Cookies d&rsquo;analyse : Ce sont ceux qui sont bien trait\u00e9s par Sexadodeaves.com ou par des tiers, me permettant de quantifier le nombre d&rsquo;utilisateurs et ainsi d&rsquo;effectuer la mesure et l&rsquo;analyse statistique de l&rsquo;utilisation faite par les utilisateurs du service propos\u00e9. Pour cela, votre navigation sur mon site est analys\u00e9e afin d&rsquo;am\u00e9liorer l&rsquo;offre de produits ou services que nous vous proposons.<\/li>\n<li>Cookies publicitaires : ce sont ceux qui, bien trait\u00e9s par www.iberogen.com ou par des tiers, me permettent de g\u00e9rer de la mani\u00e8re la plus efficace possible l&rsquo;offre des espaces publicitaires qui se trouvent sur ce site, en adaptant le contenu de la publicit\u00e9 \u00e0 le contenu du service demand\u00e9 ou l&rsquo;utilisation que vous faites de mon site web. Pour ce faire, je peux analyser vos habitudes de navigation sur Internet et je peux vous montrer des publicit\u00e9s li\u00e9es \u00e0 votre profil de navigation.<\/li>\n<li>Cookies de r\u00e9seaux sociaux : Des cookies de r\u00e9seaux sociaux peuvent \u00eatre d\u00e9pos\u00e9s dans votre navigateur lors de votre navigation sur www.iberogen.com, par exemple lorsque vous utilisez le bouton pour partager du contenu de www.iberogen.com sur un r\u00e9seau social.<\/li>\n<\/ul>\n<p>Les soci\u00e9t\u00e9s qui g\u00e9n\u00e8rent ces cookies correspondant aux r\u00e9seaux sociaux utilis\u00e9s par ce site ont leurs propres politiques en mati\u00e8re de cookies :<\/p>\n<ul>\n<li>Cookie Twitter, comme pr\u00e9vu dans sa politique de confidentialit\u00e9 et d&rsquo;utilisation des cookies.<\/li>\n<li>Cookie YouTube, conform\u00e9ment aux dispositions de sa politique de confidentialit\u00e9 et \u00e0 l&rsquo;utilisation de cookies.<\/li>\n<li>Cookie Vimeo, tel que pr\u00e9vu dans sa politique de confidentialit\u00e9 et utilisation des cookies.<\/li>\n<li>Cookie Flickr, tel que pr\u00e9vu dans sa politique de confidentialit\u00e9 et utilisation des cookies.<\/li>\n<li>Cookie de Facebook, conform\u00e9ment aux dispositions de sa politique de confidentialit\u00e9 et utilisation des cookies.<\/li>\n<li>Les implications en mati\u00e8re de confidentialit\u00e9 seront bas\u00e9es sur chaque r\u00e9seau social et d\u00e9pendront des param\u00e8tres de confidentialit\u00e9 que vous avez choisis sur ces r\u00e9seaux. En aucun cas, ni le responsable de ce site ni les annonceurs ne peuvent obtenir d&rsquo;informations personnellement identifiables \u00e0 partir de ces cookies.<\/li>\n<\/ul>\n<p>&nbsp;<\/p>\n<p><strong>Comment g\u00e9rer et d\u00e9sactiver ces cookies.<\/strong><br \/>\nSi vous ne souhaitez pas que les sites Web placent des cookies sur votre ordinateur, vous pouvez r\u00e9gler les param\u00e8tres de votre navigateur afin d&rsquo;\u00eatre averti avant tout t\u00e9l\u00e9chargement. De m\u00eame, vous pouvez adapter les param\u00e8tres afin que le navigateur refuse tous les cookies, ou uniquement les cookies tiers. Vous pouvez \u00e9galement supprimer tous les cookies d\u00e9j\u00e0 pr\u00e9sents sur votre ordinateur. Gardez \u00e0 l&rsquo;esprit que vous devrez adapter la configuration de chaque navigateur et \u00e9quipement que vous utilisez s\u00e9par\u00e9ment.<\/p>\n<p>www.iberogen.com met \u00e0 la disposition des utilisateurs qui souhaitent s&rsquo;opposer \u00e0 l&rsquo;installation des cookies pr\u00e9cit\u00e9s, des liens fournis \u00e0 cet effet par des navigateurs dont l&rsquo;utilisation est consid\u00e9r\u00e9e comme plus r\u00e9pandue :<\/p>\n<ul>\n<li><a href=\"https:\/\/support.google.com\/chrome\/answer\/95647?hl=es&amp;co=GENIE.Platform%3DDesktop\" target=\"_blank\" rel=\"noopener\">Google Chrome<\/a><\/li>\n<li><a href=\"https:\/\/support.microsoft.com\/es-es\/windows\/eliminar-y-administrar-cookies-168dab11-0753-043d-7c16-ede5947fc64d#:~:text=En%20Internet%20Explorer%2C%20seleccione%20el,si%20prefieres%20que%20te%20pregunten.\" target=\"_blank\" rel=\"noopener\">Internet Explorer<\/a><\/li>\n<li><a href=\"https:\/\/support.mozilla.org\/es\/kb\/Deshabilitar%20cookies%20de%20terceros\" target=\"_blank\" rel=\"noopener\">Mozilla Firefox<\/a><\/li>\n<li><a href=\"https:\/\/support.apple.com\/es-es\/HT201265\" target=\"_blank\" rel=\"noopener\">Apple Safari<\/a><\/li>\n<\/ul>\n","protected":false},"excerpt":{"rendered":"<p>Pourquoi dois-je vous informer sur les cookies? Dans le r\u00e8glement LSSI-CE (Loi sur la soci\u00e9t\u00e9 de l&rsquo;information et le commerce \u00e9lectronique), il existe une section d\u00e9di\u00e9e aux cookies qui oblige ceux d&rsquo;entre nous qui ont un site Web \u00e0 t\u00e9l\u00e9charger des cookies tiers dans votre navigateur pour informer l&rsquo;utilisateur du type de cookies, la dur\u00e9e [&hellip;]<\/p>\n","protected":false},"author":1,"featured_media":0,"parent":0,"menu_order":0,"comment_status":"closed","ping_status":"closed","template":"","meta":{"_acf_changed":false,"footnotes":""},"class_list":["post-2917","page","type-page","status-publish","hentry"],"acf":[],"yoast_head":"<!-- This site is optimized with the Yoast SEO plugin v27.2 - https:\/\/yoast.com\/product\/yoast-seo-wordpress\/ -->\n<title>Politique de cookies - Iberogen<\/title>\n<meta name=\"robots\" content=\"index, follow, max-snippet:-1, max-image-preview:large, max-video-preview:-1\" \/>\n<link rel=\"canonical\" href=\"https:\/\/iberogen.com\/fr\/politique-de-cookies\/\" \/>\n<meta property=\"og:locale\" content=\"fr_FR\" \/>\n<meta property=\"og:type\" content=\"article\" \/>\n<meta property=\"og:title\" content=\"Politique de cookies - Iberogen\" \/>\n<meta property=\"og:description\" content=\"Pourquoi dois-je vous informer sur les cookies? Dans le r\u00e8glement LSSI-CE (Loi sur la soci\u00e9t\u00e9 de l&rsquo;information et le commerce \u00e9lectronique), il existe une section d\u00e9di\u00e9e aux cookies qui oblige ceux d&rsquo;entre nous qui ont un site Web \u00e0 t\u00e9l\u00e9charger des cookies tiers dans votre navigateur pour informer l&rsquo;utilisateur du type de cookies, la dur\u00e9e [&hellip;]\" \/>\n<meta property=\"og:url\" content=\"https:\/\/iberogen.com\/fr\/politique-de-cookies\/\" \/>\n<meta property=\"og:site_name\" content=\"Iberogen\" \/>\n<meta property=\"article:modified_time\" content=\"2022-07-19T12:49:12+00:00\" \/>\n<meta name=\"twitter:card\" content=\"summary_large_image\" \/>\n<meta name=\"twitter:label1\" content=\"Dur\u00e9e de lecture estim\u00e9e\" \/>\n\t<meta name=\"twitter:data1\" content=\"8 minutes\" \/>\n<script type=\"application\/ld+json\" class=\"yoast-schema-graph\">{\"@context\":\"https:\/\/schema.org\",\"@graph\":[{\"@type\":\"WebPage\",\"@id\":\"https:\/\/iberogen.com\/fr\/politique-de-cookies\/\",\"url\":\"https:\/\/iberogen.com\/fr\/politique-de-cookies\/\",\"name\":\"Politique de cookies - Iberogen\",\"isPartOf\":{\"@id\":\"https:\/\/iberogen.com\/fr\/#website\"},\"datePublished\":\"2021-09-25T06:27:57+00:00\",\"dateModified\":\"2022-07-19T12:49:12+00:00\",\"breadcrumb\":{\"@id\":\"https:\/\/iberogen.com\/fr\/politique-de-cookies\/#breadcrumb\"},\"inLanguage\":\"fr-FR\",\"potentialAction\":[{\"@type\":\"ReadAction\",\"target\":[\"https:\/\/iberogen.com\/fr\/politique-de-cookies\/\"]}]},{\"@type\":\"BreadcrumbList\",\"@id\":\"https:\/\/iberogen.com\/fr\/politique-de-cookies\/#breadcrumb\",\"itemListElement\":[{\"@type\":\"ListItem\",\"position\":1,\"name\":\"Portada\",\"item\":\"https:\/\/iberogen.com\/fr\/\"},{\"@type\":\"ListItem\",\"position\":2,\"name\":\"Politique de cookies\"}]},{\"@type\":\"WebSite\",\"@id\":\"https:\/\/iberogen.com\/fr\/#website\",\"url\":\"https:\/\/iberogen.com\/fr\/\",\"name\":\"Iberogen\",\"description\":\"\",\"potentialAction\":[{\"@type\":\"SearchAction\",\"target\":{\"@type\":\"EntryPoint\",\"urlTemplate\":\"https:\/\/iberogen.com\/fr\/?s={search_term_string}\"},\"query-input\":{\"@type\":\"PropertyValueSpecification\",\"valueRequired\":true,\"valueName\":\"search_term_string\"}}],\"inLanguage\":\"fr-FR\"}]}<\/script>\n<!-- \/ Yoast SEO plugin. -->","yoast_head_json":{"title":"Politique de cookies - Iberogen","robots":{"index":"index","follow":"follow","max-snippet":"max-snippet:-1","max-image-preview":"max-image-preview:large","max-video-preview":"max-video-preview:-1"},"canonical":"https:\/\/iberogen.com\/fr\/politique-de-cookies\/","og_locale":"fr_FR","og_type":"article","og_title":"Politique de cookies - Iberogen","og_description":"Pourquoi dois-je vous informer sur les cookies? Dans le r\u00e8glement LSSI-CE (Loi sur la soci\u00e9t\u00e9 de l&rsquo;information et le commerce \u00e9lectronique), il existe une section d\u00e9di\u00e9e aux cookies qui oblige ceux d&rsquo;entre nous qui ont un site Web \u00e0 t\u00e9l\u00e9charger des cookies tiers dans votre navigateur pour informer l&rsquo;utilisateur du type de cookies, la dur\u00e9e [&hellip;]","og_url":"https:\/\/iberogen.com\/fr\/politique-de-cookies\/","og_site_name":"Iberogen","article_modified_time":"2022-07-19T12:49:12+00:00","twitter_card":"summary_large_image","twitter_misc":{"Dur\u00e9e de lecture estim\u00e9e":"8 minutes"},"schema":{"@context":"https:\/\/schema.org","@graph":[{"@type":"WebPage","@id":"https:\/\/iberogen.com\/fr\/politique-de-cookies\/","url":"https:\/\/iberogen.com\/fr\/politique-de-cookies\/","name":"Politique de cookies - Iberogen","isPartOf":{"@id":"https:\/\/iberogen.com\/fr\/#website"},"datePublished":"2021-09-25T06:27:57+00:00","dateModified":"2022-07-19T12:49:12+00:00","breadcrumb":{"@id":"https:\/\/iberogen.com\/fr\/politique-de-cookies\/#breadcrumb"},"inLanguage":"fr-FR","potentialAction":[{"@type":"ReadAction","target":["https:\/\/iberogen.com\/fr\/politique-de-cookies\/"]}]},{"@type":"BreadcrumbList","@id":"https:\/\/iberogen.com\/fr\/politique-de-cookies\/#breadcrumb","itemListElement":[{"@type":"ListItem","position":1,"name":"Portada","item":"https:\/\/iberogen.com\/fr\/"},{"@type":"ListItem","position":2,"name":"Politique de cookies"}]},{"@type":"WebSite","@id":"https:\/\/iberogen.com\/fr\/#website","url":"https:\/\/iberogen.com\/fr\/","name":"Iberogen","description":"","potentialAction":[{"@type":"SearchAction","target":{"@type":"EntryPoint","urlTemplate":"https:\/\/iberogen.com\/fr\/?s={search_term_string}"},"query-input":{"@type":"PropertyValueSpecification","valueRequired":true,"valueName":"search_term_string"}}],"inLanguage":"fr-FR"}]}},"_links":{"self":[{"href":"https:\/\/iberogen.com\/fr\/wp-json\/wp\/v2\/pages\/2917","targetHints":{"allow":["GET"]}}],"collection":[{"href":"https:\/\/iberogen.com\/fr\/wp-json\/wp\/v2\/pages"}],"about":[{"href":"https:\/\/iberogen.com\/fr\/wp-json\/wp\/v2\/types\/page"}],"author":[{"embeddable":true,"href":"https:\/\/iberogen.com\/fr\/wp-json\/wp\/v2\/users\/1"}],"replies":[{"embeddable":true,"href":"https:\/\/iberogen.com\/fr\/wp-json\/wp\/v2\/comments?post=2917"}],"version-history":[{"count":2,"href":"https:\/\/iberogen.com\/fr\/wp-json\/wp\/v2\/pages\/2917\/revisions"}],"predecessor-version":[{"id":2919,"href":"https:\/\/iberogen.com\/fr\/wp-json\/wp\/v2\/pages\/2917\/revisions\/2919"}],"wp:attachment":[{"href":"https:\/\/iberogen.com\/fr\/wp-json\/wp\/v2\/media?parent=2917"}],"curies":[{"name":"wp","href":"https:\/\/api.w.org\/{rel}","templated":true}]}}