{"id":2920,"date":"2021-09-25T06:28:08","date_gmt":"2021-09-25T06:28:08","guid":{"rendered":"https:\/\/iberogen.com\/aviso-legal\/"},"modified":"2022-07-19T12:51:38","modified_gmt":"2022-07-19T12:51:38","slug":"avis-juridique","status":"publish","type":"page","link":"https:\/\/iberogen.com\/fr\/avis-juridique\/","title":{"rendered":"Avis juridique"},"content":{"rendered":"<p>Conform\u00e9ment \u00e0 la loi 34\/2002 sur les services de la soci\u00e9t\u00e9 de l&rsquo;information et du commerce \u00e9lectronique, nous informons les utilisateurs du site des informations suivantes :<\/p>\n<ul>\n<li>www.iberogen.com est le site Web utilis\u00e9 par IBEROGEN ESTUDIOS AMBIENTALES SL, pour son identification sur Internet.<\/li>\n<li>IBEROGEN ESTUDIOS AMBIENTALES, SL, est une soci\u00e9t\u00e9 anonyme, domicili\u00e9e \u00e0 Ciudad del Transporte, Avda. de la Universidad s\/n. Immeuble Quorum III UMH, inscrit au Registre du Commerce d&rsquo;Alicante au volume 3640, folio 106, page A-132.100, et avec NIF B-54664453.<\/li>\n<\/ul>\n<p>Vous pouvez contacter votre administration par les moyens suivants :<\/p>\n<ul>\n<li>\u00c0 l&rsquo;adresse e-mail info@iberogen.es<\/li>\n<li>T\u00e9l\u00e9phone du service client : 865 68 78 90 et\/ou 653 96 89 32<\/li>\n<\/ul>\n<p>&nbsp;<\/p>\n<p><strong>Objet.<\/strong><br \/>\nLe texte suivant a pour objet d&rsquo;expliquer les modalit\u00e9s selon lesquelles l&rsquo;Editeur met \u00e0 la disposition des internautes le site www.iberogen.es et les conditions selon lesquelles les internautes acc\u00e8dent et utilisent cette page. Toute connexion au site est soumise \u00e0 une acceptation sans r\u00e9serve et dans le respect de ce texte l\u00e9gal que l&rsquo;Editeur se r\u00e9serve le droit de modifier ou de mettre \u00e0 jour \u00e0 tout moment.<\/p>\n<p>&nbsp;<\/p>\n<p><strong>Acc\u00e8s au site.<\/strong><br \/>\nL&rsquo;acc\u00e8s au site doit en principe \u00eatre possible 24 heures sur 24, 7 jours sur 7, sauf cas de force majeure et sauf intervention n\u00e9cessaire de l&rsquo;\u00e9quipe de maintenance pour que la page du site puisse fonctionner correctement, en outre \u00e0 la r\u00e9paration d&rsquo;\u00e9ventuels probl\u00e8mes techniques. L&rsquo;acc\u00e8s au site se fait \u00e0 partir de l&rsquo;\u00e9quipement informatique de l&rsquo;internaute, qui est reli\u00e9 \u00e0 un r\u00e9seau de t\u00e9l\u00e9communication permettant l&rsquo;acc\u00e8s \u00e0 Internet. Les protocoles de communication utilis\u00e9s sont ceux utilis\u00e9s sur Internet. Les droits d&rsquo;acc\u00e8s et d&rsquo;utilisation du site sont des droits non exclusifs et non transmissibles.<\/p>\n<p>L&rsquo;internaute est seul responsable de la pertinence du mat\u00e9riel utilis\u00e9 et des conditions de son acc\u00e8s afin de profiter au mieux des services propos\u00e9s par le site. A cet \u00e9gard, il est express\u00e9ment rappel\u00e9 que tout acc\u00e8s \u00e0 Internet depuis un terminal public n\u00e9cessite des manipulations et des v\u00e9rifications particuli\u00e8res de la part de l&rsquo;internaute afin de s&rsquo;assurer de la confidentialit\u00e9 de sa requ\u00eate et de l&rsquo;absence d&rsquo;enregistrements automatiques susceptibles de r\u00e9v\u00e9ler des donn\u00e9es confidentielles de tiers. des soir\u00e9es. L&rsquo;Editeur d\u00e9cline toute responsabilit\u00e9 quant aux conditions dans lesquelles l&rsquo;internaute se sera connect\u00e9 au Site.<\/p>\n<p>Les lois imp\u00e9ratives de certains \u00c9tats ou r\u00e9gions autonomes peuvent entra\u00eener la limitation, la r\u00e9glementation, voire l&rsquo;interdiction d&rsquo;acc\u00e8s au site Web. L&rsquo;internaute doit s&rsquo;assurer, avant toute connexion au site, que cette connexion n&rsquo;est pas contraire \u00e0 la r\u00e9glementation en vigueur dans la zone g\u00e9ographique \u00e0 partir de laquelle il se connecte. L&rsquo;\u00c9diteur n&rsquo;en sera \u00e0 aucun moment responsable.<\/p>\n<p>&nbsp;<\/p>\n<p><strong>Droits de propri\u00e9t\u00e9 intellectuelle.<\/strong><br \/>\nL&rsquo;ensemble du contenu du site, y compris toutes donn\u00e9es, informations, images, illustrations, logos, marques, cartes graphiques, arborescences, etc., est prot\u00e9g\u00e9 au titre de l&rsquo;ensemble des droits aff\u00e9rents de propri\u00e9t\u00e9 intellectuelle (notamment droits d&rsquo;auteur, droits de conception et Toute copie, reproduction, repr\u00e9sentation, adaptation, diffusion, totale ou partielle, d&rsquo;un \u00e9l\u00e9ment du site, par le quelque proc\u00e9d\u00e9 que ce soit, est strictement interdite sans l&rsquo;autorisation \u00e9crite pr\u00e9alable de l&rsquo;Editeur.<\/p>\n<p>Toute violation de l&rsquo;interdiction susvis\u00e9e constituera un d\u00e9lit de contrefa\u00e7on (pr\u00e9vu par l&rsquo;article L. 335-2 du Code de la propri\u00e9t\u00e9 intellectuelle) sans pr\u00e9judice de la responsabilit\u00e9 (civile ou p\u00e9nale) de son auteur pour actes de concurrence d\u00e9loyale et de parasitisme.<\/p>\n","protected":false},"excerpt":{"rendered":"<p>Conform\u00e9ment \u00e0 la loi 34\/2002 sur les services de la soci\u00e9t\u00e9 de l&rsquo;information et du commerce \u00e9lectronique, nous informons les utilisateurs du site des informations suivantes : www.iberogen.com est le site Web utilis\u00e9 par IBEROGEN ESTUDIOS AMBIENTALES SL, pour son identification sur Internet. IBEROGEN ESTUDIOS AMBIENTALES, SL, est une soci\u00e9t\u00e9 anonyme, domicili\u00e9e \u00e0 Ciudad del [&hellip;]<\/p>\n","protected":false},"author":1,"featured_media":0,"parent":0,"menu_order":0,"comment_status":"closed","ping_status":"closed","template":"","meta":{"_acf_changed":false,"footnotes":""},"class_list":["post-2920","page","type-page","status-publish","hentry"],"acf":[],"yoast_head":"<!-- This site is optimized with the Yoast SEO plugin v27.2 - https:\/\/yoast.com\/product\/yoast-seo-wordpress\/ -->\n<title>Avis juridique - Iberogen<\/title>\n<meta name=\"robots\" content=\"index, follow, max-snippet:-1, max-image-preview:large, max-video-preview:-1\" \/>\n<link rel=\"canonical\" href=\"https:\/\/iberogen.com\/fr\/avis-juridique\/\" \/>\n<meta property=\"og:locale\" content=\"fr_FR\" \/>\n<meta property=\"og:type\" content=\"article\" \/>\n<meta property=\"og:title\" content=\"Avis juridique - Iberogen\" \/>\n<meta property=\"og:description\" content=\"Conform\u00e9ment \u00e0 la loi 34\/2002 sur les services de la soci\u00e9t\u00e9 de l&rsquo;information et du commerce \u00e9lectronique, nous informons les utilisateurs du site des informations suivantes : www.iberogen.com est le site Web utilis\u00e9 par IBEROGEN ESTUDIOS AMBIENTALES SL, pour son identification sur Internet. IBEROGEN ESTUDIOS AMBIENTALES, SL, est une soci\u00e9t\u00e9 anonyme, domicili\u00e9e \u00e0 Ciudad del [&hellip;]\" \/>\n<meta property=\"og:url\" content=\"https:\/\/iberogen.com\/fr\/avis-juridique\/\" \/>\n<meta property=\"og:site_name\" content=\"Iberogen\" \/>\n<meta property=\"article:modified_time\" content=\"2022-07-19T12:51:38+00:00\" \/>\n<meta name=\"twitter:card\" content=\"summary_large_image\" \/>\n<meta name=\"twitter:label1\" content=\"Dur\u00e9e de lecture estim\u00e9e\" \/>\n\t<meta name=\"twitter:data1\" content=\"3 minutes\" \/>\n<script type=\"application\/ld+json\" class=\"yoast-schema-graph\">{\"@context\":\"https:\/\/schema.org\",\"@graph\":[{\"@type\":\"WebPage\",\"@id\":\"https:\/\/iberogen.com\/fr\/avis-juridique\/\",\"url\":\"https:\/\/iberogen.com\/fr\/avis-juridique\/\",\"name\":\"Avis juridique - Iberogen\",\"isPartOf\":{\"@id\":\"https:\/\/iberogen.com\/fr\/#website\"},\"datePublished\":\"2021-09-25T06:28:08+00:00\",\"dateModified\":\"2022-07-19T12:51:38+00:00\",\"breadcrumb\":{\"@id\":\"https:\/\/iberogen.com\/fr\/avis-juridique\/#breadcrumb\"},\"inLanguage\":\"fr-FR\",\"potentialAction\":[{\"@type\":\"ReadAction\",\"target\":[\"https:\/\/iberogen.com\/fr\/avis-juridique\/\"]}]},{\"@type\":\"BreadcrumbList\",\"@id\":\"https:\/\/iberogen.com\/fr\/avis-juridique\/#breadcrumb\",\"itemListElement\":[{\"@type\":\"ListItem\",\"position\":1,\"name\":\"Portada\",\"item\":\"https:\/\/iberogen.com\/fr\/\"},{\"@type\":\"ListItem\",\"position\":2,\"name\":\"Avis juridique\"}]},{\"@type\":\"WebSite\",\"@id\":\"https:\/\/iberogen.com\/fr\/#website\",\"url\":\"https:\/\/iberogen.com\/fr\/\",\"name\":\"Iberogen\",\"description\":\"\",\"potentialAction\":[{\"@type\":\"SearchAction\",\"target\":{\"@type\":\"EntryPoint\",\"urlTemplate\":\"https:\/\/iberogen.com\/fr\/?s={search_term_string}\"},\"query-input\":{\"@type\":\"PropertyValueSpecification\",\"valueRequired\":true,\"valueName\":\"search_term_string\"}}],\"inLanguage\":\"fr-FR\"}]}<\/script>\n<!-- \/ Yoast SEO plugin. -->","yoast_head_json":{"title":"Avis juridique - Iberogen","robots":{"index":"index","follow":"follow","max-snippet":"max-snippet:-1","max-image-preview":"max-image-preview:large","max-video-preview":"max-video-preview:-1"},"canonical":"https:\/\/iberogen.com\/fr\/avis-juridique\/","og_locale":"fr_FR","og_type":"article","og_title":"Avis juridique - Iberogen","og_description":"Conform\u00e9ment \u00e0 la loi 34\/2002 sur les services de la soci\u00e9t\u00e9 de l&rsquo;information et du commerce \u00e9lectronique, nous informons les utilisateurs du site des informations suivantes : www.iberogen.com est le site Web utilis\u00e9 par IBEROGEN ESTUDIOS AMBIENTALES SL, pour son identification sur Internet. IBEROGEN ESTUDIOS AMBIENTALES, SL, est une soci\u00e9t\u00e9 anonyme, domicili\u00e9e \u00e0 Ciudad del [&hellip;]","og_url":"https:\/\/iberogen.com\/fr\/avis-juridique\/","og_site_name":"Iberogen","article_modified_time":"2022-07-19T12:51:38+00:00","twitter_card":"summary_large_image","twitter_misc":{"Dur\u00e9e de lecture estim\u00e9e":"3 minutes"},"schema":{"@context":"https:\/\/schema.org","@graph":[{"@type":"WebPage","@id":"https:\/\/iberogen.com\/fr\/avis-juridique\/","url":"https:\/\/iberogen.com\/fr\/avis-juridique\/","name":"Avis juridique - Iberogen","isPartOf":{"@id":"https:\/\/iberogen.com\/fr\/#website"},"datePublished":"2021-09-25T06:28:08+00:00","dateModified":"2022-07-19T12:51:38+00:00","breadcrumb":{"@id":"https:\/\/iberogen.com\/fr\/avis-juridique\/#breadcrumb"},"inLanguage":"fr-FR","potentialAction":[{"@type":"ReadAction","target":["https:\/\/iberogen.com\/fr\/avis-juridique\/"]}]},{"@type":"BreadcrumbList","@id":"https:\/\/iberogen.com\/fr\/avis-juridique\/#breadcrumb","itemListElement":[{"@type":"ListItem","position":1,"name":"Portada","item":"https:\/\/iberogen.com\/fr\/"},{"@type":"ListItem","position":2,"name":"Avis juridique"}]},{"@type":"WebSite","@id":"https:\/\/iberogen.com\/fr\/#website","url":"https:\/\/iberogen.com\/fr\/","name":"Iberogen","description":"","potentialAction":[{"@type":"SearchAction","target":{"@type":"EntryPoint","urlTemplate":"https:\/\/iberogen.com\/fr\/?s={search_term_string}"},"query-input":{"@type":"PropertyValueSpecification","valueRequired":true,"valueName":"search_term_string"}}],"inLanguage":"fr-FR"}]}},"_links":{"self":[{"href":"https:\/\/iberogen.com\/fr\/wp-json\/wp\/v2\/pages\/2920","targetHints":{"allow":["GET"]}}],"collection":[{"href":"https:\/\/iberogen.com\/fr\/wp-json\/wp\/v2\/pages"}],"about":[{"href":"https:\/\/iberogen.com\/fr\/wp-json\/wp\/v2\/types\/page"}],"author":[{"embeddable":true,"href":"https:\/\/iberogen.com\/fr\/wp-json\/wp\/v2\/users\/1"}],"replies":[{"embeddable":true,"href":"https:\/\/iberogen.com\/fr\/wp-json\/wp\/v2\/comments?post=2920"}],"version-history":[{"count":2,"href":"https:\/\/iberogen.com\/fr\/wp-json\/wp\/v2\/pages\/2920\/revisions"}],"predecessor-version":[{"id":2922,"href":"https:\/\/iberogen.com\/fr\/wp-json\/wp\/v2\/pages\/2920\/revisions\/2922"}],"wp:attachment":[{"href":"https:\/\/iberogen.com\/fr\/wp-json\/wp\/v2\/media?parent=2920"}],"curies":[{"name":"wp","href":"https:\/\/api.w.org\/{rel}","templated":true}]}}