{"id":2923,"date":"2021-09-25T06:28:24","date_gmt":"2021-09-25T06:28:24","guid":{"rendered":"https:\/\/iberogen.com\/terminos-y-condiciones\/"},"modified":"2025-11-18T11:35:33","modified_gmt":"2025-11-18T11:35:33","slug":"termes-et-conditions","status":"publish","type":"page","link":"https:\/\/iberogen.com\/fr\/termes-et-conditions\/","title":{"rendered":"Termes et conditions"},"content":{"rendered":"<h2 data-start=\"229\" data-end=\"258\"><strong data-start=\"232\" data-end=\"256\">Service et R\u00e9sultats<\/strong><\/h2>\n<p data-start=\"259\" data-end=\"606\">Le service sera fourni en ligne via le site <a class=\"decorated-link\" href=\"http:\/\/www.iberogen.com\" target=\"_new\" rel=\"noopener\" data-start=\"303\" data-end=\"319\">www.iberogen.com<\/a>.<br data-start=\"320\" data-end=\"323\" \/>Toutes les commandes de services accept\u00e9es par IBEROGEN ESTUDIOS AMBIENTALES S.L. (ci-apr\u00e8s \u00ab IBEROGEN \u00bb) le sont conform\u00e9ment aux pr\u00e9sentes conditions g\u00e9n\u00e9rales de vente, qui font partie int\u00e9grante du contrat. L\u2019achat des services implique l\u2019acceptation de ces conditions g\u00e9n\u00e9rales.<\/p>\n<p data-start=\"608\" data-end=\"830\">IBEROGEN et le signataire ci-dessous (ci-apr\u00e8s \u00ab le Client \u00bb) sont les parties contractantes de l\u2019accord pour la r\u00e9alisation d\u2019un service d\u2019analyse ADN et\/ou d\u2019autres techniques biotechnologiques (ci-apr\u00e8s \u00ab le Service \u00bb).<\/p>\n<p data-start=\"832\" data-end=\"1512\">Le Client garantit \u00eatre \u00e2g\u00e9 de plus de 18 ans et accepter cet accord de mani\u00e8re libre et volontaire. Pour passer des commandes, effectuer des paiements, enregistrer des \u00e9chantillons ou consulter les r\u00e9sultats, le Client doit cr\u00e9er un compte personnel sur <a class=\"decorated-link\" href=\"http:\/\/www.iberogen.com\" target=\"_new\" rel=\"noopener\" data-start=\"1087\" data-end=\"1103\">www.iberogen.com<\/a>. Pour cr\u00e9er ce compte, il devra fournir des donn\u00e9es d\u2019identification (nom, adresse), une adresse email et un mot de passe. Pour toute commande, paiement ou consultation de r\u00e9sultats, le Client devra acc\u00e9der \u00e0 son compte avec son email et son mot de passe. Pour l\u2019\u00e9mission de factures, le Client devra indiquer le num\u00e9ro fiscal (CIF) ou le num\u00e9ro d\u2019identit\u00e9 (DNI) de la personne ou de l\u2019entreprise \u00e0 facturer.<\/p>\n<p data-start=\"1514\" data-end=\"1805\">Le Client est responsable d\u2019obtenir les informations n\u00e9cessaires au choix du service ad\u00e9quat. IBEROGEN r\u00e9pondra \u00e0 toutes les questions et apportera des conseils, mais ne pourra \u00eatre tenue responsable si le Client ignore ou interpr\u00e8te incorrectement les informations ou instructions fournies.<\/p>\n<p data-start=\"1807\" data-end=\"2301\">Le Client garantit \u00eatre l\u00e9galement habilit\u00e9 \u00e0 fournir les \u00e9chantillons biologiques n\u00e9cessaires et accepte d\u2019indemniser IBEROGEN pour toute perte ou dommage r\u00e9sultant d\u2019une activit\u00e9 ill\u00e9gale r\u00e9alis\u00e9e par le Client et li\u00e9e directement ou indirectement au Service. IBEROGEN ne pourra \u00eatre tenue responsable de la capacit\u00e9 l\u00e9gale du Client \u00e0 pr\u00e9lever des \u00e9chantillons ou \u00e0 demander le Service, et n\u2019indemnisera aucune perte ou dommage, sans pr\u00e9judice des droits l\u00e9galement reconnus au consommateur.<\/p>\n<p data-start=\"2303\" data-end=\"2924\">Le Client est responsable de suivre les instructions fournies par IBEROGEN pour le pr\u00e9l\u00e8vement des \u00e9chantillons. Le Client accepte qu\u2019il existe une possibilit\u00e9 que le r\u00e9sultat du Service soit non concluant si la quantit\u00e9 d\u2019ADN fournie ne r\u00e9pond pas aux standards requis. Dans ce cas, IBEROGEN effectuera un maximum de deux analyses suppl\u00e9mentaires avant de demander un nouvel envoi d\u2019\u00e9chantillons, sans frais pour le Client, uniquement si les \u00e9chantillons ont \u00e9t\u00e9 valid\u00e9s pr\u00e9alablement par IBEROGEN. Si le Client ne peut ou ne souhaite pas renvoyer d\u2019\u00e9chantillons, il accepte qu\u2019IBEROGEN ne proc\u00e8de \u00e0 aucun remboursement.<\/p>\n<p data-start=\"2926\" data-end=\"3284\">Si les \u00e9chantillons pr\u00e9sentent une mauvaise conservation et\/ou une quantit\u00e9 insuffisante et\/ou une taille inadapt\u00e9e pour une extraction correcte de l\u2019ADN, il sera demand\u00e9 au Client de renvoyer des \u00e9chantillons. Si le Client refuse, il pourra n\u00e9anmoins demander l\u2019analyse, mais IBEROGEN ne pourra \u00eatre tenue responsable de r\u00e9sultats erron\u00e9s ou non concluants.<\/p>\n<p data-start=\"3286\" data-end=\"3479\">Le Client est responsable de la livraison des \u00e9chantillons. \u00c0 d\u00e9faut, IBEROGEN ne pourra garantir la r\u00e9alisation du Service ni la communication des r\u00e9sultats jusqu\u2019\u00e0 r\u00e9solution de la situation.<\/p>\n<p data-start=\"3481\" data-end=\"3647\">Les \u00e9chantillons doivent \u00eatre envoy\u00e9s \u00e0 l\u2019adresse suivante :<br data-start=\"3541\" data-end=\"3544\" \/><strong data-start=\"3544\" data-end=\"3556\">IBEROGEN<\/strong><br data-start=\"3556\" data-end=\"3559\" \/>Avd. Marqu\u00e9s de los V\u00e9lez n\u00ba13, entresuelo 2-A<br data-start=\"3605\" data-end=\"3608\" \/>CP : 30008<br data-start=\"3618\" data-end=\"3621\" \/>Murcia (Murcia), Espagne<\/p>\n<p data-start=\"3649\" data-end=\"3755\">Il est tr\u00e8s important d\u2019indiquer \u00ab IBEROGEN \u00bb sur l\u2019adresse afin de faciliter la livraison au laboratoire.<\/p>\n<hr data-start=\"3757\" data-end=\"3760\" \/>\n<h2 data-start=\"3762\" data-end=\"3802\"><strong data-start=\"3765\" data-end=\"3802\">D\u00e9lais de Livraison des R\u00e9sultats<\/strong><\/h2>\n<p data-start=\"3804\" data-end=\"3991\">Les d\u00e9lais commencent le jour de la r\u00e9ception des \u00e9chantillons, \u00e0 condition que le Client ait correctement rempli le formulaire associ\u00e9 \u00e0 l\u2019analyse. La r\u00e9ception sera confirm\u00e9e au Client.<\/p>\n<h3 data-start=\"3993\" data-end=\"4057\"><strong data-start=\"3997\" data-end=\"4033\">Sexage ADN \u2013 Priorit\u00e9 Standard :<\/strong> 4 \u00e0 7 jours ouvrables<\/h3>\n<h3 data-start=\"4058\" data-end=\"4124\"><strong data-start=\"4062\" data-end=\"4097\">Sexage ADN \u2013 Priorit\u00e9 Premium :<\/strong> 48 \u00e0 72 heures ouvrables<\/h3>\n<h3 data-start=\"4125\" data-end=\"4190\"><strong data-start=\"4129\" data-end=\"4163\">Sexage ADN \u2013 Service Express :<\/strong> 24 \u00e0 48 heures ouvrables<\/h3>\n<h3 data-start=\"4192\" data-end=\"4246\"><strong data-start=\"4196\" data-end=\"4244\">D\u00e9tection mol\u00e9culaire de maladies aviaires :<\/strong><\/h3>\n<ul data-start=\"4247\" data-end=\"4361\">\n<li data-start=\"4247\" data-end=\"4283\">\n<p data-start=\"4249\" data-end=\"4283\">Standard : 4 \u00e0 7 jours ouvrables<\/p>\n<\/li>\n<li data-start=\"4284\" data-end=\"4322\">\n<p data-start=\"4286\" data-end=\"4322\">Premium : 48 \u00e0 72 heures ouvrables<\/p>\n<\/li>\n<li data-start=\"4323\" data-end=\"4361\">\n<p data-start=\"4325\" data-end=\"4361\">Express : 24 \u00e0 48 heures ouvrables<\/p>\n<\/li>\n<\/ul>\n<p data-start=\"4363\" data-end=\"4486\">Pour tous les services, les m\u00eames conditions concernant les \u00e9chantillons insuffisants, d\u00e9grad\u00e9s ou inad\u00e9quats s\u2019appliquent.<\/p>\n<p data-start=\"4488\" data-end=\"4688\">En g\u00e9n\u00e9ral, les d\u00e9lais peuvent \u00eatre prolong\u00e9s en raison de caract\u00e9ristiques g\u00e9n\u00e9tiques sp\u00e9cifiques ou de probl\u00e8mes li\u00e9s aux \u00e9chantillons. Le Client sera inform\u00e9 automatiquement en cas de prolongation.<\/p>\n<p data-start=\"4690\" data-end=\"4836\">IBEROGEN ne pourra \u00eatre tenue responsable des retards dus \u00e0 des causes de force majeure, mais informera le Client si une telle situation survient.<\/p>\n<hr data-start=\"4838\" data-end=\"4841\" \/>\n<h2 data-start=\"4843\" data-end=\"4877\"><strong data-start=\"4846\" data-end=\"4877\">Communication des R\u00e9sultats<\/strong><\/h2>\n<p data-start=\"4879\" data-end=\"5026\">IBEROGEN garantit que les r\u00e9sultats sont corrects en fonction des informations et \u00e9chantillons fournis, avec la pr\u00e9cision indiqu\u00e9e dans le rapport.<\/p>\n<p data-start=\"5028\" data-end=\"5342\">Les r\u00e9sultats seront communiqu\u00e9s gratuitement au Client via les moyens indiqu\u00e9s sur le site et dans le formulaire de demande. Le Client ne pourra exiger l\u2019envoi postal ou par email. Les r\u00e9sultats seront toujours disponibles dans le compte du Client, et une notification automatique l\u2019informera de leur publication.<\/p>\n<p data-start=\"5344\" data-end=\"5590\">Le Client est responsable de fournir toutes les informations n\u00e9cessaires. Le formulaire en ligne doit \u00eatre compl\u00e9t\u00e9 correctement. IBEROGEN n\u2019est pas responsable de r\u00e9sultats impr\u00e9cis ou non concluants dus \u00e0 des donn\u00e9es incorrectes ou incompl\u00e8tes.<\/p>\n<hr data-start=\"5592\" data-end=\"5595\" \/>\n<h2 data-start=\"5597\" data-end=\"5629\"><strong data-start=\"5600\" data-end=\"5629\">Prix et Modes de Paiement<\/strong><\/h2>\n<p data-start=\"5631\" data-end=\"5818\">Les prix affich\u00e9s sur le site incluent la TVA.<br data-start=\"5677\" data-end=\"5680\" \/>IBEROGEN se r\u00e9serve le droit de modifier les prix sans pr\u00e9avis.<br data-start=\"5743\" data-end=\"5746\" \/>Le paiement doit \u00eatre r\u00e9alis\u00e9 selon les moyens indiqu\u00e9s et en euros (\u20ac).<\/p>\n<p data-start=\"5820\" data-end=\"6063\">Pour les paiements par virement bancaire, le Client doit utiliser les coordonn\u00e9es fournies et indiquer le num\u00e9ro de commande. Les virements prennent g\u00e9n\u00e9ralement 2 \u00e0 3 jours ouvrables. Le Client doit envoyer le justificatif \u00e0 <a class=\"decorated-link cursor-pointer\" rel=\"noopener\" data-start=\"6046\" data-end=\"6062\">info@iberogen.es<\/a>.<\/p>\n<h3 data-start=\"6065\" data-end=\"6113\"><strong data-start=\"6069\" data-end=\"6111\">Frais associ\u00e9s aux virements bancaires<\/strong><\/h3>\n<p data-start=\"6114\" data-end=\"6189\">IBEROGEN ne prendra en charge <strong data-start=\"6144\" data-end=\"6174\">aucun frais suppl\u00e9mentaire<\/strong>, y compris :<\/p>\n<ul data-start=\"6190\" data-end=\"6369\">\n<li data-start=\"6190\" data-end=\"6235\">\n<p data-start=\"6192\" data-end=\"6235\">Commissions nationales ou internationales<\/p>\n<\/li>\n<li data-start=\"6236\" data-end=\"6263\">\n<p data-start=\"6238\" data-end=\"6263\">Frais SEPA ou hors SEPA<\/p>\n<\/li>\n<li data-start=\"6264\" data-end=\"6289\">\n<p data-start=\"6266\" data-end=\"6289\">Commissions de change<\/p>\n<\/li>\n<li data-start=\"6290\" data-end=\"6325\">\n<p data-start=\"6292\" data-end=\"6325\">Frais de banques interm\u00e9diaires<\/p>\n<\/li>\n<li data-start=\"6326\" data-end=\"6369\">\n<p data-start=\"6328\" data-end=\"6369\">Tout autre co\u00fbt li\u00e9 au mode de paiement<\/p>\n<\/li>\n<\/ul>\n<p data-start=\"6371\" data-end=\"6546\">Le Client doit s\u2019assurer que le montant final re\u00e7u par IBEROGEN correspond exactement au prix du Service. Toute diff\u00e9rence devra \u00eatre r\u00e9gl\u00e9e avant la r\u00e9alisation de l\u2019analyse.<\/p>\n<p data-start=\"6548\" data-end=\"6627\">Les r\u00e9sultats ne seront communiqu\u00e9s qu\u2019apr\u00e8s confirmation bancaire du paiement.<\/p>\n<p data-start=\"6629\" data-end=\"6684\">Les factures peuvent \u00eatre demand\u00e9es \u00e0 <a class=\"decorated-link cursor-pointer\" rel=\"noopener\" data-start=\"6667\" data-end=\"6683\">info@iberogen.es<\/a>.<\/p>\n<h3 data-start=\"6686\" data-end=\"6724\"><strong data-start=\"6690\" data-end=\"6722\">Validit\u00e9 (Date d\u2019expiration)<\/strong><\/h3>\n<p data-start=\"6725\" data-end=\"6923\">Tous les produits, services et packs ont une validit\u00e9 de <strong data-start=\"6782\" data-end=\"6798\">deux (2) ans<\/strong> \u00e0 compter de la date d\u2019achat. Pass\u00e9 ce d\u00e9lai, ils expirent automatiquement, m\u00eame s\u2019ils n\u2019ont \u00e9t\u00e9 que partiellement utilis\u00e9s.<\/p>\n<p data-start=\"6925\" data-end=\"6953\">Cette r\u00e8gle s\u2019applique \u00e0 :<\/p>\n<ul data-start=\"6954\" data-end=\"7154\">\n<li data-start=\"6954\" data-end=\"6978\">\n<p data-start=\"6956\" data-end=\"6978\">Tous les sexages ADN<\/p>\n<\/li>\n<li data-start=\"6979\" data-end=\"7014\">\n<p data-start=\"6981\" data-end=\"7014\">Toutes les analyses de maladies<\/p>\n<\/li>\n<li data-start=\"7015\" data-end=\"7056\">\n<p data-start=\"7017\" data-end=\"7056\">Services express, premium ou standard<\/p>\n<\/li>\n<li data-start=\"7057\" data-end=\"7078\">\n<p data-start=\"7059\" data-end=\"7078\">Packs multiprises<\/p>\n<\/li>\n<li data-start=\"7079\" data-end=\"7120\">\n<p data-start=\"7081\" data-end=\"7120\">Produits combin\u00e9s (sexage + maladies)<\/p>\n<\/li>\n<li data-start=\"7121\" data-end=\"7154\">\n<p data-start=\"7123\" data-end=\"7154\">Tout autre service disponible<\/p>\n<\/li>\n<\/ul>\n<p data-start=\"7156\" data-end=\"7176\">Une fois expir\u00e9s :<\/p>\n<ul data-start=\"7177\" data-end=\"7371\">\n<li data-start=\"7177\" data-end=\"7223\">\n<p data-start=\"7179\" data-end=\"7223\">Les services ne peuvent plus \u00eatre utilis\u00e9s<\/p>\n<\/li>\n<li data-start=\"7224\" data-end=\"7280\">\n<p data-start=\"7226\" data-end=\"7280\">Aucune prolongation ou r\u00e9activation ne sera possible<\/p>\n<\/li>\n<li data-start=\"7281\" data-end=\"7371\">\n<p data-start=\"7283\" data-end=\"7371\">Les soldes non utilis\u00e9s sont d\u00e9finitivement perdus, sans remboursement ni compensation<\/p>\n<\/li>\n<\/ul>\n<hr data-start=\"7373\" data-end=\"7376\" \/>\n<h2 data-start=\"7378\" data-end=\"7407\"><strong data-start=\"7381\" data-end=\"7407\">Envoi des \u00c9chantillons<\/strong><\/h2>\n<p data-start=\"7409\" data-end=\"7577\">Le Client est seul responsable de l\u2019envoi des \u00e9chantillons et des co\u00fbts associ\u00e9s. IBEROGEN n\u2019assumera aucun frais li\u00e9 au transport, douanes, taxes, retours ou retenues.<\/p>\n<p data-start=\"7579\" data-end=\"7626\">Le Client peut envoyer les \u00e9chantillons via :<\/p>\n<ul data-start=\"7627\" data-end=\"7742\">\n<li data-start=\"7627\" data-end=\"7657\">\n<p data-start=\"7629\" data-end=\"7657\">Services postaux nationaux<\/p>\n<\/li>\n<li data-start=\"7658\" data-end=\"7707\">\n<p data-start=\"7660\" data-end=\"7707\">Soci\u00e9t\u00e9s priv\u00e9es (FedEx, DHL, UPS, MRW, etc.)<\/p>\n<\/li>\n<li data-start=\"7708\" data-end=\"7742\">\n<p data-start=\"7710\" data-end=\"7742\">Tout autre service de messagerie<\/p>\n<\/li>\n<\/ul>\n<p data-start=\"7744\" data-end=\"7919\">Pour les envois dans la p\u00e9ninsule Ib\u00e9rique, le Client peut demander une collecte via NACEX, en la sollicitant <strong data-start=\"7854\" data-end=\"7887\">au moins 24 heures \u00e0 l\u2019avance<\/strong>, hors week-end et jours f\u00e9ri\u00e9s.<\/p>\n<p data-start=\"7921\" data-end=\"8142\">En cas de probl\u00e8me douanier (r\u00e9tention, inspection, retour, etc.), IBEROGEN ne sera pas responsable. Le laboratoire pourra, de mani\u00e8re strictement facultative, informer le Client de l\u2019incident et lui sugg\u00e9rer des options.<\/p>\n<p data-start=\"8144\" data-end=\"8272\">Le Client accepte que la pr\u00e9paration, l\u2019emballage, la documentation et l\u2019exp\u00e9dition rel\u00e8vent exclusivement de sa responsabilit\u00e9.<\/p>\n<hr data-start=\"8274\" data-end=\"8277\" \/>\n<h2 data-start=\"8279\" data-end=\"8300\"><strong data-start=\"8282\" data-end=\"8300\">Remboursements<\/strong><\/h2>\n<p data-start=\"8302\" data-end=\"8477\">Le Client peut demander un remboursement dans les 15 jours calendaires suivant l\u2019achat.<br data-start=\"8389\" data-end=\"8392\" \/>Aucun remboursement n\u2019est possible si des \u00e9chantillons ont d\u00e9j\u00e0 \u00e9t\u00e9 re\u00e7us et trait\u00e9s.<\/p>\n<p data-start=\"8479\" data-end=\"8617\">Les packs ne peuvent \u00eatre rembours\u00e9s que dans leur int\u00e9gralit\u00e9. S\u2019il a d\u00e9j\u00e0 \u00e9t\u00e9 utilis\u00e9 partiellement, aucun remboursement n\u2019est possible.<\/p>\n<p data-start=\"8619\" data-end=\"8706\">Les remboursements seront effectu\u00e9s par virement bancaire, PayPal ou bons de r\u00e9duction.<\/p>\n<p data-start=\"8708\" data-end=\"8816\">En cas d\u2019annulation du Service par IBEROGEN pour force majeure, le Client recevra un remboursement int\u00e9gral.<\/p>\n<hr data-start=\"8818\" data-end=\"8821\" \/>\n<h2 data-start=\"8823\" data-end=\"8841\"><strong data-start=\"8826\" data-end=\"8841\">Annulations<\/strong><\/h2>\n<p data-start=\"8843\" data-end=\"8964\">Les commandes non pay\u00e9es dans un d\u00e9lai de 30 jours et sans enregistrement d\u2019\u00e9chantillons seront automatiquement annul\u00e9es.<\/p>\n<p data-start=\"8966\" data-end=\"9093\">IBEROGEN pourra d\u00e9truire les \u00e9chantillons si le Service n\u2019est pas int\u00e9gralement pay\u00e9 dans un d\u00e9lai de 30 jours apr\u00e8s r\u00e9ception.<\/p>\n<hr data-start=\"9095\" data-end=\"9098\" \/>\n<h2 data-start=\"9100\" data-end=\"9141\"><strong data-start=\"9103\" data-end=\"9141\">Acc\u00e8s, S\u00e9curit\u00e9 et Confidentialit\u00e9<\/strong><\/h2>\n<p data-start=\"9143\" data-end=\"9249\">Pour acc\u00e9der aux services, l\u2019utilisateur doit cr\u00e9er un compte Client et accepter les Conditions G\u00e9n\u00e9rales.<\/p>\n<p data-start=\"9251\" data-end=\"9335\">Le mot de passe doit compter au minimum 8 caract\u00e8res et reste strictement personnel.<\/p>\n<p data-start=\"9337\" data-end=\"9418\">En cas de suspicion d\u2019usage frauduleux, le Client doit le modifier imm\u00e9diatement.<\/p>\n<p data-start=\"9420\" data-end=\"9572\">IBEROGEN communiquera avec le Client par email et, si n\u00e9cessaire, par t\u00e9l\u00e9phone.<br data-start=\"9500\" data-end=\"9503\" \/>Aucune information de r\u00e9sultat ne sera donn\u00e9e par t\u00e9l\u00e9phone ou email.<\/p>\n<p data-start=\"9574\" data-end=\"9682\">IBEROGEN ne communiquera aucune donn\u00e9e du Client ou des \u00e9chantillons \u00e0 des tiers sans autorisation expresse.<\/p>\n","protected":false},"excerpt":{"rendered":"<p>Service et R\u00e9sultats Le service sera fourni en ligne via le site www.iberogen.com.Toutes les commandes de services accept\u00e9es par IBEROGEN ESTUDIOS AMBIENTALES S.L. (ci-apr\u00e8s \u00ab IBEROGEN \u00bb) le sont conform\u00e9ment aux pr\u00e9sentes conditions g\u00e9n\u00e9rales de vente, qui font partie int\u00e9grante du contrat. L\u2019achat des services implique l\u2019acceptation de ces conditions g\u00e9n\u00e9rales. IBEROGEN et le signataire [&hellip;]<\/p>\n","protected":false},"author":1,"featured_media":0,"parent":0,"menu_order":0,"comment_status":"closed","ping_status":"closed","template":"","meta":{"_acf_changed":false,"footnotes":""},"class_list":["post-2923","page","type-page","status-publish","hentry"],"acf":[],"yoast_head":"<!-- This site is optimized with the Yoast SEO plugin v27.2 - https:\/\/yoast.com\/product\/yoast-seo-wordpress\/ -->\n<title>Termes et conditions - Iberogen<\/title>\n<meta name=\"robots\" content=\"index, follow, max-snippet:-1, max-image-preview:large, max-video-preview:-1\" \/>\n<link rel=\"canonical\" href=\"https:\/\/iberogen.com\/fr\/termes-et-conditions\/\" \/>\n<meta property=\"og:locale\" content=\"fr_FR\" \/>\n<meta property=\"og:type\" content=\"article\" \/>\n<meta property=\"og:title\" content=\"Termes et conditions - Iberogen\" \/>\n<meta property=\"og:description\" content=\"Service et R\u00e9sultats Le service sera fourni en ligne via le site www.iberogen.com.Toutes les commandes de services accept\u00e9es par IBEROGEN ESTUDIOS AMBIENTALES S.L. (ci-apr\u00e8s \u00ab IBEROGEN \u00bb) le sont conform\u00e9ment aux pr\u00e9sentes conditions g\u00e9n\u00e9rales de vente, qui font partie int\u00e9grante du contrat. L\u2019achat des services implique l\u2019acceptation de ces conditions g\u00e9n\u00e9rales. IBEROGEN et le signataire [&hellip;]\" \/>\n<meta property=\"og:url\" content=\"https:\/\/iberogen.com\/fr\/termes-et-conditions\/\" \/>\n<meta property=\"og:site_name\" content=\"Iberogen\" \/>\n<meta property=\"article:modified_time\" content=\"2025-11-18T11:35:33+00:00\" \/>\n<meta name=\"twitter:card\" content=\"summary_large_image\" \/>\n<meta name=\"twitter:label1\" content=\"Dur\u00e9e de lecture estim\u00e9e\" \/>\n\t<meta name=\"twitter:data1\" content=\"7 minutes\" \/>\n<script type=\"application\/ld+json\" class=\"yoast-schema-graph\">{\"@context\":\"https:\/\/schema.org\",\"@graph\":[{\"@type\":\"WebPage\",\"@id\":\"https:\/\/iberogen.com\/fr\/termes-et-conditions\/\",\"url\":\"https:\/\/iberogen.com\/fr\/termes-et-conditions\/\",\"name\":\"Termes et conditions - Iberogen\",\"isPartOf\":{\"@id\":\"https:\/\/iberogen.com\/fr\/#website\"},\"datePublished\":\"2021-09-25T06:28:24+00:00\",\"dateModified\":\"2025-11-18T11:35:33+00:00\",\"breadcrumb\":{\"@id\":\"https:\/\/iberogen.com\/fr\/termes-et-conditions\/#breadcrumb\"},\"inLanguage\":\"fr-FR\",\"potentialAction\":[{\"@type\":\"ReadAction\",\"target\":[\"https:\/\/iberogen.com\/fr\/termes-et-conditions\/\"]}]},{\"@type\":\"BreadcrumbList\",\"@id\":\"https:\/\/iberogen.com\/fr\/termes-et-conditions\/#breadcrumb\",\"itemListElement\":[{\"@type\":\"ListItem\",\"position\":1,\"name\":\"Portada\",\"item\":\"https:\/\/iberogen.com\/fr\/\"},{\"@type\":\"ListItem\",\"position\":2,\"name\":\"Termes et conditions\"}]},{\"@type\":\"WebSite\",\"@id\":\"https:\/\/iberogen.com\/fr\/#website\",\"url\":\"https:\/\/iberogen.com\/fr\/\",\"name\":\"Iberogen\",\"description\":\"\",\"potentialAction\":[{\"@type\":\"SearchAction\",\"target\":{\"@type\":\"EntryPoint\",\"urlTemplate\":\"https:\/\/iberogen.com\/fr\/?s={search_term_string}\"},\"query-input\":{\"@type\":\"PropertyValueSpecification\",\"valueRequired\":true,\"valueName\":\"search_term_string\"}}],\"inLanguage\":\"fr-FR\"}]}<\/script>\n<!-- \/ Yoast SEO plugin. -->","yoast_head_json":{"title":"Termes et conditions - Iberogen","robots":{"index":"index","follow":"follow","max-snippet":"max-snippet:-1","max-image-preview":"max-image-preview:large","max-video-preview":"max-video-preview:-1"},"canonical":"https:\/\/iberogen.com\/fr\/termes-et-conditions\/","og_locale":"fr_FR","og_type":"article","og_title":"Termes et conditions - Iberogen","og_description":"Service et R\u00e9sultats Le service sera fourni en ligne via le site www.iberogen.com.Toutes les commandes de services accept\u00e9es par IBEROGEN ESTUDIOS AMBIENTALES S.L. (ci-apr\u00e8s \u00ab IBEROGEN \u00bb) le sont conform\u00e9ment aux pr\u00e9sentes conditions g\u00e9n\u00e9rales de vente, qui font partie int\u00e9grante du contrat. L\u2019achat des services implique l\u2019acceptation de ces conditions g\u00e9n\u00e9rales. IBEROGEN et le signataire [&hellip;]","og_url":"https:\/\/iberogen.com\/fr\/termes-et-conditions\/","og_site_name":"Iberogen","article_modified_time":"2025-11-18T11:35:33+00:00","twitter_card":"summary_large_image","twitter_misc":{"Dur\u00e9e de lecture estim\u00e9e":"7 minutes"},"schema":{"@context":"https:\/\/schema.org","@graph":[{"@type":"WebPage","@id":"https:\/\/iberogen.com\/fr\/termes-et-conditions\/","url":"https:\/\/iberogen.com\/fr\/termes-et-conditions\/","name":"Termes et conditions - Iberogen","isPartOf":{"@id":"https:\/\/iberogen.com\/fr\/#website"},"datePublished":"2021-09-25T06:28:24+00:00","dateModified":"2025-11-18T11:35:33+00:00","breadcrumb":{"@id":"https:\/\/iberogen.com\/fr\/termes-et-conditions\/#breadcrumb"},"inLanguage":"fr-FR","potentialAction":[{"@type":"ReadAction","target":["https:\/\/iberogen.com\/fr\/termes-et-conditions\/"]}]},{"@type":"BreadcrumbList","@id":"https:\/\/iberogen.com\/fr\/termes-et-conditions\/#breadcrumb","itemListElement":[{"@type":"ListItem","position":1,"name":"Portada","item":"https:\/\/iberogen.com\/fr\/"},{"@type":"ListItem","position":2,"name":"Termes et conditions"}]},{"@type":"WebSite","@id":"https:\/\/iberogen.com\/fr\/#website","url":"https:\/\/iberogen.com\/fr\/","name":"Iberogen","description":"","potentialAction":[{"@type":"SearchAction","target":{"@type":"EntryPoint","urlTemplate":"https:\/\/iberogen.com\/fr\/?s={search_term_string}"},"query-input":{"@type":"PropertyValueSpecification","valueRequired":true,"valueName":"search_term_string"}}],"inLanguage":"fr-FR"}]}},"_links":{"self":[{"href":"https:\/\/iberogen.com\/fr\/wp-json\/wp\/v2\/pages\/2923","targetHints":{"allow":["GET"]}}],"collection":[{"href":"https:\/\/iberogen.com\/fr\/wp-json\/wp\/v2\/pages"}],"about":[{"href":"https:\/\/iberogen.com\/fr\/wp-json\/wp\/v2\/types\/page"}],"author":[{"embeddable":true,"href":"https:\/\/iberogen.com\/fr\/wp-json\/wp\/v2\/users\/1"}],"replies":[{"embeddable":true,"href":"https:\/\/iberogen.com\/fr\/wp-json\/wp\/v2\/comments?post=2923"}],"version-history":[{"count":5,"href":"https:\/\/iberogen.com\/fr\/wp-json\/wp\/v2\/pages\/2923\/revisions"}],"predecessor-version":[{"id":9516,"href":"https:\/\/iberogen.com\/fr\/wp-json\/wp\/v2\/pages\/2923\/revisions\/9516"}],"wp:attachment":[{"href":"https:\/\/iberogen.com\/fr\/wp-json\/wp\/v2\/media?parent=2923"}],"curies":[{"name":"wp","href":"https:\/\/api.w.org\/{rel}","templated":true}]}}