{"id":2937,"date":"2021-08-17T10:06:31","date_gmt":"2021-08-17T10:06:31","guid":{"rendered":"https:\/\/iberogen.com\/politica-privacidad\/"},"modified":"2022-07-19T13:04:36","modified_gmt":"2022-07-19T13:04:36","slug":"politique-de-confidentialite","status":"publish","type":"page","link":"https:\/\/iberogen.com\/fr\/politique-de-confidentialite\/","title":{"rendered":"Politique de confidentialit\u00e9"},"content":{"rendered":"\r\n<ol>\r\n<li>Organismo responsable del tratamiento de sus datos personales:<\/li>\r\n<\/ol>\r\n<p>La empresa responsable del tratamiento de sus datos es:<br \/>Iberogen Estudios Ambientales S.L <br \/>CIF: B54664453<br \/>Avda de la Universidad s\/n<br \/>Parque Cient\u00edfico y Empresarial UMH<br \/>Edif Quorum III<br \/>03202 Elche (Alicante)<br \/><br \/><\/p>\r\n<p>IBEROGEN desea poner en conocimiento de los usuarios del Sitio Web el tratamiento y la protecci\u00f3n de los datos de car\u00e1cter personal que se recaben a trav\u00e9s del mismo. IBEROGEN, S.L., pretende que todo usuario decida libre y voluntariamente si desea facilitar dicha informaci\u00f3n.<\/p>\r\n<p>La presente pol\u00edtica de privacidad pretende regular el tratamiento de los datos suministrados por los diferentes usuarios que navegan en la web de www.iberogen.com \u00a0o facilitan sus datos personales a trav\u00e9s de los diferentes formularios situados en la misma.<\/p>\r\n<p>IBEROGEN, S.L., se reserva el derecho de modificar esta pol\u00edtica de privacidad para adaptarla a cualesquiera novedades legislativas o jurisprudenciales, pr\u00e1cticas del sector o intereses particulares. Cualquier modificaci\u00f3n se comunicar\u00e1 al usuario con la debida antelaci\u00f3n e indic\u00e1ndose expresamente la fecha en que comenzar\u00e1 a ser efectiva.<\/p>\r\n<ol start=\"2\">\r\n<li>Datos personales<\/li>\r\n<\/ol>\r\n<p>La visita del usuario a la web no implica la facilitaci\u00f3n de datos personales. \u00a0No obstante, en caso de facilitarlos, por decisi\u00f3n del usuario, los datos ser\u00e1n tratados de forma l\u00edcita con sujeci\u00f3n en todo momento a los principios y derechos recogidos en el RGPD 2016\/679 de 27 de abril de 2016 y la LOPDGDD 3\/2018 del 5 de diciembre.<\/p>\r\n<p>&nbsp;<\/p>\r\n<ol start=\"3\">\r\n<li>Finalidad del tratamiento de los datos<\/li>\r\n<\/ol>\r\n<p>En IBEROGEN tratamos los datos personales recabados del titular de los mismos para las siguientes finalidades:<\/p>\r\n<p>&#8211; Contacto: la finalidad prevista para los datos personales que se recaben por medio del Sitio Web es el env\u00edo, por v\u00eda postal o electr\u00f3nica, de informaci\u00f3n sobre la Empresa, actividades, sorteos o cualesquiera otras comunicaciones de car\u00e1cter comercial.<\/p>\r\n<ul>\r\n<li>Acceso a \u00ab\u00a0Perfil de usuario\u00a0\u00bb: con la finalidad de llevar a cabo la administraci\u00f3n general de su cuenta, el mantenimiento, sus compras y productos, a trav\u00e9s del alta como usuario, permitiendo al usuario a acceder a sus informes y resultados.<\/li>\r\n<li>Publicidad de productos y servicios propios:\u00a0Tras recabar el consentimiento de acuerdo con la vigente normativa sobre protecci\u00f3n de datos, IBEROGEN podr\u00e1 hacerle llegar, a trav\u00e9s del correo electr\u00f3nico u otros medios de comunicaci\u00f3n electr\u00f3nica, publicidad tanto de car\u00e1cter general como adaptada a sus caracter\u00edsticas relacionadas con los servicios de la compa\u00f1\u00eda.<\/li>\r\n<li>Atender las solicitudes realizadas por el usuario a trav\u00e9s del\u201cformulario de contacto\u201d. Se recogen y los datos personales del usuario para poder tramitar y gestionar su solicitud, consulta o cualquier petici\u00f3n que realiza a trav\u00e9s de dicho formulario.<\/li>\r\n<\/ul>\r\n<p>La base leg\u00edtima para gestionar los puntos anteriormente descritos, es el consentimiento que nos otorga para ello al seleccionar la casilla de aceptaci\u00f3n de nuestra pol\u00edtica de privacidad. \u00a0Estos datos se conservar\u00e1n durante el tiempo necesario para dar cumplimiento a su petici\u00f3n y durante el tiempo establecido por la ley. El usuario tiene derecho al acceso, rectificaci\u00f3n, limitaci\u00f3n, oposici\u00f3n, supresi\u00f3n (\u201cderecho al olvido\u201d), portabilidad y oposici\u00f3n al tratamiento de decisiones automatizadas<\/p>\r\n<p>Menores de edad<br \/>El tratamiento de datos de los menores de catorce a\u00f1os exigir\u00e1 el consentimiento de sus padres o tutores. IBEROGEN, S.L., articular\u00e1 los procedimientos necesarios para comprobar la edad del menor y la autenticidad del consentimiento prestado por los padres o representantes legales. Cuando un menor participe en una promoci\u00f3n organizada por IBEROGEN, S.L., se le solicitar\u00e1n los datos de identificativos de su padre o tutor, la direcci\u00f3n postal y el correo electr\u00f3nico del mismo, a los efectos de recabar su consentimiento. Asimismo, se requerir\u00e1 copia del D.N.I. y\/o libro de familia para determinar la filiaci\u00f3n.<\/p>\r\n<p>&nbsp;<\/p>\r\n<ol start=\"4\">\r\n<li>Cesi\u00f3n o comunicaci\u00f3n de datos personales<\/li>\r\n<\/ol>\r\n<p>La empresa Iberogen S.L se compromete a que sus datos no ser\u00e1n cedidos, ni comunicados a terceros, salvo que expresamente lo exija una normativa o se cuente con el consentimiento del candidato.<\/p>\r\n<p>&nbsp;<\/p>\r\n<ul>\r\n<li>Derechos de los usuarios<br \/>El usuario tiene derecho al acceso, rectificaci\u00f3n, limitaci\u00f3n, oposici\u00f3n, supresi\u00f3n (\u201cderecho al olvido\u201d), portabilidad y oposici\u00f3n al tratamiento de decisiones automatizadas<\/li>\r\n<\/ul>\r\n<p>Para ello, informar\u00e1 a IBEROGEN, S.L., enviando la oportuna comunicaci\u00f3n escrita a su domicilio social o, un e-mail a la direcci\u00f3n info@iberogen.es acompa\u00f1ando una fotocopia de su D.N.I. El usuario podr\u00e1 revocar el consentimiento prestado a la recepci\u00f3n de comunicaciones comerciales de IBEROGEN, S.L. Si el usuario desea informaci\u00f3n adicional sobre el ejercicio de sus derechos podr\u00e1 ponerse en contacto con IBEROGEN, S.L., en la direcci\u00f3n electr\u00f3nica indicada o consultar la p\u00e1gina web de la Agencia Espa\u00f1ola de Protecci\u00f3n de Datos. Si considera que sus derechos no se han atendido debidamente, tiene derecho a presentar una reclamaci\u00f3n ante la Agencia Espa\u00f1ola de Protecci\u00f3n de Datos en www.aepd.es.<\/p>\r\n","protected":false},"excerpt":{"rendered":"<p>Organismo responsable del tratamiento de sus datos personales: La empresa responsable del tratamiento de sus datos es:Iberogen Estudios Ambientales S.L CIF: B54664453Avda de la Universidad s\/nParque Cient\u00edfico y Empresarial UMHEdif Quorum III03202 Elche (Alicante) IBEROGEN desea poner en conocimiento de los usuarios del Sitio Web el tratamiento y la protecci\u00f3n de los datos de car\u00e1cter [&hellip;]<\/p>\n","protected":false},"author":1,"featured_media":0,"parent":0,"menu_order":0,"comment_status":"closed","ping_status":"open","template":"","meta":{"_acf_changed":false,"footnotes":""},"class_list":["post-2937","page","type-page","status-publish","hentry"],"acf":[],"yoast_head":"<!-- This site is optimized with the Yoast SEO plugin v27.2 - https:\/\/yoast.com\/product\/yoast-seo-wordpress\/ -->\n<title>Politique de confidentialit\u00e9 - Iberogen<\/title>\n<meta name=\"robots\" content=\"index, follow, max-snippet:-1, max-image-preview:large, max-video-preview:-1\" \/>\n<link rel=\"canonical\" href=\"https:\/\/iberogen.com\/fr\/politique-de-confidentialite\/\" \/>\n<meta property=\"og:locale\" content=\"fr_FR\" \/>\n<meta property=\"og:type\" content=\"article\" \/>\n<meta property=\"og:title\" content=\"Politique de confidentialit\u00e9 - Iberogen\" \/>\n<meta property=\"og:description\" content=\"Organismo responsable del tratamiento de sus datos personales: La empresa responsable del tratamiento de sus datos es:Iberogen Estudios Ambientales S.L CIF: B54664453Avda de la Universidad s\/nParque Cient\u00edfico y Empresarial UMHEdif Quorum III03202 Elche (Alicante) IBEROGEN desea poner en conocimiento de los usuarios del Sitio Web el tratamiento y la protecci\u00f3n de los datos de car\u00e1cter [&hellip;]\" \/>\n<meta property=\"og:url\" content=\"https:\/\/iberogen.com\/fr\/politique-de-confidentialite\/\" \/>\n<meta property=\"og:site_name\" content=\"Iberogen\" \/>\n<meta property=\"article:modified_time\" content=\"2022-07-19T13:04:36+00:00\" \/>\n<meta name=\"twitter:card\" content=\"summary_large_image\" \/>\n<meta name=\"twitter:label1\" content=\"Dur\u00e9e de lecture estim\u00e9e\" \/>\n\t<meta name=\"twitter:data1\" content=\"4 minutes\" \/>\n<script type=\"application\/ld+json\" class=\"yoast-schema-graph\">{\"@context\":\"https:\/\/schema.org\",\"@graph\":[{\"@type\":\"WebPage\",\"@id\":\"https:\/\/iberogen.com\/fr\/politique-de-confidentialite\/\",\"url\":\"https:\/\/iberogen.com\/fr\/politique-de-confidentialite\/\",\"name\":\"Politique de confidentialit\u00e9 - Iberogen\",\"isPartOf\":{\"@id\":\"https:\/\/iberogen.com\/fr\/#website\"},\"datePublished\":\"2021-08-17T10:06:31+00:00\",\"dateModified\":\"2022-07-19T13:04:36+00:00\",\"breadcrumb\":{\"@id\":\"https:\/\/iberogen.com\/fr\/politique-de-confidentialite\/#breadcrumb\"},\"inLanguage\":\"fr-FR\",\"potentialAction\":[{\"@type\":\"ReadAction\",\"target\":[\"https:\/\/iberogen.com\/fr\/politique-de-confidentialite\/\"]}]},{\"@type\":\"BreadcrumbList\",\"@id\":\"https:\/\/iberogen.com\/fr\/politique-de-confidentialite\/#breadcrumb\",\"itemListElement\":[{\"@type\":\"ListItem\",\"position\":1,\"name\":\"Portada\",\"item\":\"https:\/\/iberogen.com\/fr\/\"},{\"@type\":\"ListItem\",\"position\":2,\"name\":\"Politique de confidentialit\u00e9\"}]},{\"@type\":\"WebSite\",\"@id\":\"https:\/\/iberogen.com\/fr\/#website\",\"url\":\"https:\/\/iberogen.com\/fr\/\",\"name\":\"Iberogen\",\"description\":\"\",\"potentialAction\":[{\"@type\":\"SearchAction\",\"target\":{\"@type\":\"EntryPoint\",\"urlTemplate\":\"https:\/\/iberogen.com\/fr\/?s={search_term_string}\"},\"query-input\":{\"@type\":\"PropertyValueSpecification\",\"valueRequired\":true,\"valueName\":\"search_term_string\"}}],\"inLanguage\":\"fr-FR\"}]}<\/script>\n<!-- \/ Yoast SEO plugin. -->","yoast_head_json":{"title":"Politique de confidentialit\u00e9 - Iberogen","robots":{"index":"index","follow":"follow","max-snippet":"max-snippet:-1","max-image-preview":"max-image-preview:large","max-video-preview":"max-video-preview:-1"},"canonical":"https:\/\/iberogen.com\/fr\/politique-de-confidentialite\/","og_locale":"fr_FR","og_type":"article","og_title":"Politique de confidentialit\u00e9 - Iberogen","og_description":"Organismo responsable del tratamiento de sus datos personales: La empresa responsable del tratamiento de sus datos es:Iberogen Estudios Ambientales S.L CIF: B54664453Avda de la Universidad s\/nParque Cient\u00edfico y Empresarial UMHEdif Quorum III03202 Elche (Alicante) IBEROGEN desea poner en conocimiento de los usuarios del Sitio Web el tratamiento y la protecci\u00f3n de los datos de car\u00e1cter [&hellip;]","og_url":"https:\/\/iberogen.com\/fr\/politique-de-confidentialite\/","og_site_name":"Iberogen","article_modified_time":"2022-07-19T13:04:36+00:00","twitter_card":"summary_large_image","twitter_misc":{"Dur\u00e9e de lecture estim\u00e9e":"4 minutes"},"schema":{"@context":"https:\/\/schema.org","@graph":[{"@type":"WebPage","@id":"https:\/\/iberogen.com\/fr\/politique-de-confidentialite\/","url":"https:\/\/iberogen.com\/fr\/politique-de-confidentialite\/","name":"Politique de confidentialit\u00e9 - Iberogen","isPartOf":{"@id":"https:\/\/iberogen.com\/fr\/#website"},"datePublished":"2021-08-17T10:06:31+00:00","dateModified":"2022-07-19T13:04:36+00:00","breadcrumb":{"@id":"https:\/\/iberogen.com\/fr\/politique-de-confidentialite\/#breadcrumb"},"inLanguage":"fr-FR","potentialAction":[{"@type":"ReadAction","target":["https:\/\/iberogen.com\/fr\/politique-de-confidentialite\/"]}]},{"@type":"BreadcrumbList","@id":"https:\/\/iberogen.com\/fr\/politique-de-confidentialite\/#breadcrumb","itemListElement":[{"@type":"ListItem","position":1,"name":"Portada","item":"https:\/\/iberogen.com\/fr\/"},{"@type":"ListItem","position":2,"name":"Politique de confidentialit\u00e9"}]},{"@type":"WebSite","@id":"https:\/\/iberogen.com\/fr\/#website","url":"https:\/\/iberogen.com\/fr\/","name":"Iberogen","description":"","potentialAction":[{"@type":"SearchAction","target":{"@type":"EntryPoint","urlTemplate":"https:\/\/iberogen.com\/fr\/?s={search_term_string}"},"query-input":{"@type":"PropertyValueSpecification","valueRequired":true,"valueName":"search_term_string"}}],"inLanguage":"fr-FR"}]}},"_links":{"self":[{"href":"https:\/\/iberogen.com\/fr\/wp-json\/wp\/v2\/pages\/2937","targetHints":{"allow":["GET"]}}],"collection":[{"href":"https:\/\/iberogen.com\/fr\/wp-json\/wp\/v2\/pages"}],"about":[{"href":"https:\/\/iberogen.com\/fr\/wp-json\/wp\/v2\/types\/page"}],"author":[{"embeddable":true,"href":"https:\/\/iberogen.com\/fr\/wp-json\/wp\/v2\/users\/1"}],"replies":[{"embeddable":true,"href":"https:\/\/iberogen.com\/fr\/wp-json\/wp\/v2\/comments?post=2937"}],"version-history":[{"count":1,"href":"https:\/\/iberogen.com\/fr\/wp-json\/wp\/v2\/pages\/2937\/revisions"}],"predecessor-version":[{"id":2938,"href":"https:\/\/iberogen.com\/fr\/wp-json\/wp\/v2\/pages\/2937\/revisions\/2938"}],"wp:attachment":[{"href":"https:\/\/iberogen.com\/fr\/wp-json\/wp\/v2\/media?parent=2937"}],"curies":[{"name":"wp","href":"https:\/\/api.w.org\/{rel}","templated":true}]}}