{"id":10142,"date":"2026-02-04T11:05:49","date_gmt":"2026-02-04T11:05:49","guid":{"rendered":"https:\/\/iberogen.com\/?post_type=product&#038;p=10142"},"modified":"2026-03-04T10:55:18","modified_gmt":"2026-03-04T10:55:18","slug":"nouveau-psittaciformes-quarantaine-pack-copia","status":"publish","type":"product","link":"https:\/\/iberogen.com\/fr\/produit\/nouveau-psittaciformes-quarantaine-pack-copia\/","title":{"rendered":"Pack Sant\u00e9 Basique Psittacid\u00e9s (PBFD + Psittacose)"},"content":{"rendered":"<p data-start=\"411\" data-end=\"652\">Pack Sant\u00e9 Basique pour Psittacid\u00e9s (PBFD + Psittacose)<br data-start=\"470\" data-end=\"473\" \/>D\u00e9tection par PCR du virus responsable de la maladie du bec et des plumes des psittacid\u00e9s (PBFD) + d\u00e9tection par PCR de l\u2019agent causal de la psittacose (<em data-start=\"626\" data-end=\"650\">Chlamydophila psittaci<\/em>).<\/p>\n<p data-start=\"654\" data-end=\"708\"><strong data-start=\"654\" data-end=\"680\">Types d\u2019\u00e9chantillons : sang et \u00e9couvillon cloacal.<\/strong><\/p>\n","protected":false},"excerpt":{"rendered":"<p>Pack Sant\u00e9 Basique pour Psittacid\u00e9s (PBFD + Psittacose)D\u00e9tection par PCR du virus responsable de la maladie du bec et des plumes des psittacid\u00e9s (PBFD) + d\u00e9tection par PCR de l\u2019agent causal de la psittacose (Chlamydophila psittaci). Types d\u2019\u00e9chantillons : sang et \u00e9couvillon cloacal.<\/p>\n","protected":false},"featured_media":0,"template":"","meta":{"_acf_changed":false},"product_brand":[],"product_cat":[1501,4355,1493],"product_tag":[],"tipo_de_muestra":[1523],"especie":[1527],"class_list":{"0":"post-10142","1":"product","2":"type-product","3":"status-publish","5":"product_cat-detection-des-maladies","6":"product_cat-pack-detection-des-maladies","7":"product_cat-veterinaire","9":"first","10":"instock","11":"shipping-taxable","12":"purchasable","13":"product-type-variable"},"acf":[],"yoast_head":"<!-- This site is optimized with the Yoast SEO plugin v27.2 - https:\/\/yoast.com\/product\/yoast-seo-wordpress\/ -->\n<title>Pack Sant\u00e9 Basique Psittacid\u00e9s (PBFD + Psittacose) - Iberogen<\/title>\n<meta name=\"robots\" content=\"index, follow, max-snippet:-1, max-image-preview:large, max-video-preview:-1\" \/>\n<link rel=\"canonical\" href=\"https:\/\/iberogen.com\/fr\/produit\/nouveau-psittaciformes-quarantaine-pack-copia\/\" \/>\n<meta property=\"og:locale\" content=\"fr_FR\" \/>\n<meta property=\"og:type\" content=\"article\" \/>\n<meta property=\"og:title\" content=\"Pack Sant\u00e9 Basique Psittacid\u00e9s (PBFD + Psittacose) - Iberogen\" \/>\n<meta property=\"og:description\" content=\"Pack Sant\u00e9 Basique pour Psittacid\u00e9s (PBFD + Psittacose)D\u00e9tection par PCR du virus responsable de la maladie du bec et des plumes des psittacid\u00e9s (PBFD) + d\u00e9tection par PCR de l\u2019agent causal de la psittacose (Chlamydophila psittaci). Types d\u2019\u00e9chantillons : sang et \u00e9couvillon cloacal.\" \/>\n<meta property=\"og:url\" content=\"https:\/\/iberogen.com\/fr\/produit\/nouveau-psittaciformes-quarantaine-pack-copia\/\" \/>\n<meta property=\"og:site_name\" content=\"Iberogen\" \/>\n<meta property=\"article:modified_time\" content=\"2026-03-04T10:55:18+00:00\" \/>\n<meta name=\"twitter:card\" content=\"summary_large_image\" \/>\n<meta name=\"twitter:label1\" content=\"Dur\u00e9e de lecture estim\u00e9e\" \/>\n\t<meta name=\"twitter:data1\" content=\"1 minute\" \/>\n<script type=\"application\/ld+json\" class=\"yoast-schema-graph\">{\"@context\":\"https:\/\/schema.org\",\"@graph\":[{\"@type\":\"WebPage\",\"@id\":\"https:\/\/iberogen.com\/fr\/produit\/nouveau-psittaciformes-quarantaine-pack-copia\/\",\"url\":\"https:\/\/iberogen.com\/fr\/produit\/nouveau-psittaciformes-quarantaine-pack-copia\/\",\"name\":\"Pack Sant\u00e9 Basique Psittacid\u00e9s (PBFD + Psittacose) - Iberogen\",\"isPartOf\":{\"@id\":\"https:\/\/iberogen.com\/fr\/#website\"},\"datePublished\":\"2026-02-04T11:05:49+00:00\",\"dateModified\":\"2026-03-04T10:55:18+00:00\",\"breadcrumb\":{\"@id\":\"https:\/\/iberogen.com\/fr\/produit\/nouveau-psittaciformes-quarantaine-pack-copia\/#breadcrumb\"},\"inLanguage\":\"fr-FR\",\"potentialAction\":[{\"@type\":\"ReadAction\",\"target\":[\"https:\/\/iberogen.com\/fr\/produit\/nouveau-psittaciformes-quarantaine-pack-copia\/\"]}]},{\"@type\":\"BreadcrumbList\",\"@id\":\"https:\/\/iberogen.com\/fr\/produit\/nouveau-psittaciformes-quarantaine-pack-copia\/#breadcrumb\",\"itemListElement\":[{\"@type\":\"ListItem\",\"position\":1,\"name\":\"Portada\",\"item\":\"https:\/\/iberogen.com\/fr\/\"},{\"@type\":\"ListItem\",\"position\":2,\"name\":\"Boutique\",\"item\":\"https:\/\/iberogen.com\/fr\/boutique\/\"},{\"@type\":\"ListItem\",\"position\":3,\"name\":\"Pack Sant\u00e9 Basique Psittacid\u00e9s (PBFD + Psittacose)\"}]},{\"@type\":\"WebSite\",\"@id\":\"https:\/\/iberogen.com\/fr\/#website\",\"url\":\"https:\/\/iberogen.com\/fr\/\",\"name\":\"Iberogen\",\"description\":\"\",\"potentialAction\":[{\"@type\":\"SearchAction\",\"target\":{\"@type\":\"EntryPoint\",\"urlTemplate\":\"https:\/\/iberogen.com\/fr\/?s={search_term_string}\"},\"query-input\":{\"@type\":\"PropertyValueSpecification\",\"valueRequired\":true,\"valueName\":\"search_term_string\"}}],\"inLanguage\":\"fr-FR\"}]}<\/script>\n<!-- \/ Yoast SEO plugin. -->","yoast_head_json":{"title":"Pack Sant\u00e9 Basique Psittacid\u00e9s (PBFD + Psittacose) - Iberogen","robots":{"index":"index","follow":"follow","max-snippet":"max-snippet:-1","max-image-preview":"max-image-preview:large","max-video-preview":"max-video-preview:-1"},"canonical":"https:\/\/iberogen.com\/fr\/produit\/nouveau-psittaciformes-quarantaine-pack-copia\/","og_locale":"fr_FR","og_type":"article","og_title":"Pack Sant\u00e9 Basique Psittacid\u00e9s (PBFD + Psittacose) - Iberogen","og_description":"Pack Sant\u00e9 Basique pour Psittacid\u00e9s (PBFD + Psittacose)D\u00e9tection par PCR du virus responsable de la maladie du bec et des plumes des psittacid\u00e9s (PBFD) + d\u00e9tection par PCR de l\u2019agent causal de la psittacose (Chlamydophila psittaci). Types d\u2019\u00e9chantillons : sang et \u00e9couvillon cloacal.","og_url":"https:\/\/iberogen.com\/fr\/produit\/nouveau-psittaciformes-quarantaine-pack-copia\/","og_site_name":"Iberogen","article_modified_time":"2026-03-04T10:55:18+00:00","twitter_card":"summary_large_image","twitter_misc":{"Dur\u00e9e de lecture estim\u00e9e":"1 minute"},"schema":{"@context":"https:\/\/schema.org","@graph":[{"@type":"WebPage","@id":"https:\/\/iberogen.com\/fr\/produit\/nouveau-psittaciformes-quarantaine-pack-copia\/","url":"https:\/\/iberogen.com\/fr\/produit\/nouveau-psittaciformes-quarantaine-pack-copia\/","name":"Pack Sant\u00e9 Basique Psittacid\u00e9s (PBFD + Psittacose) - Iberogen","isPartOf":{"@id":"https:\/\/iberogen.com\/fr\/#website"},"datePublished":"2026-02-04T11:05:49+00:00","dateModified":"2026-03-04T10:55:18+00:00","breadcrumb":{"@id":"https:\/\/iberogen.com\/fr\/produit\/nouveau-psittaciformes-quarantaine-pack-copia\/#breadcrumb"},"inLanguage":"fr-FR","potentialAction":[{"@type":"ReadAction","target":["https:\/\/iberogen.com\/fr\/produit\/nouveau-psittaciformes-quarantaine-pack-copia\/"]}]},{"@type":"BreadcrumbList","@id":"https:\/\/iberogen.com\/fr\/produit\/nouveau-psittaciformes-quarantaine-pack-copia\/#breadcrumb","itemListElement":[{"@type":"ListItem","position":1,"name":"Portada","item":"https:\/\/iberogen.com\/fr\/"},{"@type":"ListItem","position":2,"name":"Boutique","item":"https:\/\/iberogen.com\/fr\/boutique\/"},{"@type":"ListItem","position":3,"name":"Pack Sant\u00e9 Basique Psittacid\u00e9s (PBFD + Psittacose)"}]},{"@type":"WebSite","@id":"https:\/\/iberogen.com\/fr\/#website","url":"https:\/\/iberogen.com\/fr\/","name":"Iberogen","description":"","potentialAction":[{"@type":"SearchAction","target":{"@type":"EntryPoint","urlTemplate":"https:\/\/iberogen.com\/fr\/?s={search_term_string}"},"query-input":{"@type":"PropertyValueSpecification","valueRequired":true,"valueName":"search_term_string"}}],"inLanguage":"fr-FR"}]}},"_links":{"self":[{"href":"https:\/\/iberogen.com\/fr\/wp-json\/wp\/v2\/product\/10142","targetHints":{"allow":["GET"]}}],"collection":[{"href":"https:\/\/iberogen.com\/fr\/wp-json\/wp\/v2\/product"}],"about":[{"href":"https:\/\/iberogen.com\/fr\/wp-json\/wp\/v2\/types\/product"}],"wp:attachment":[{"href":"https:\/\/iberogen.com\/fr\/wp-json\/wp\/v2\/media?parent=10142"}],"wp:term":[{"taxonomy":"product_brand","embeddable":true,"href":"https:\/\/iberogen.com\/fr\/wp-json\/wp\/v2\/product_brand?post=10142"},{"taxonomy":"product_cat","embeddable":true,"href":"https:\/\/iberogen.com\/fr\/wp-json\/wp\/v2\/product_cat?post=10142"},{"taxonomy":"product_tag","embeddable":true,"href":"https:\/\/iberogen.com\/fr\/wp-json\/wp\/v2\/product_tag?post=10142"},{"taxonomy":"tipo_de_muestra","embeddable":true,"href":"https:\/\/iberogen.com\/fr\/wp-json\/wp\/v2\/tipo_de_muestra?post=10142"},{"taxonomy":"especie","embeddable":true,"href":"https:\/\/iberogen.com\/fr\/wp-json\/wp\/v2\/especie?post=10142"}],"curies":[{"name":"wp","href":"https:\/\/api.w.org\/{rel}","templated":true}]}}