{"id":10182,"date":"2026-02-05T10:57:18","date_gmt":"2026-02-05T10:57:18","guid":{"rendered":"https:\/\/iberogen.com\/?post_type=product&#038;p=10182"},"modified":"2026-03-04T11:05:01","modified_gmt":"2026-03-04T11:05:01","slug":"pack-sante-quarantaine-psittacides-copia","status":"publish","type":"product","link":"https:\/\/iberogen.com\/fr\/produit\/pack-sante-quarantaine-psittacides-copia\/","title":{"rendered":"Pack Sant\u00e9 Totale Psittacid\u00e9s"},"content":{"rendered":"<p data-start=\"1618\" data-end=\"1841\">Ce pack comprend <strong data-start=\"1635\" data-end=\"1671\">PBFD + Psittacose + Polyomavirus<\/strong>, et vous pouvez choisir entre <strong data-start=\"1702\" data-end=\"1725\">l\u2019analyse des f\u00e8ces<\/strong> ou <strong data-start=\"1729\" data-end=\"1754\">la maladie de Pacheco<\/strong> (<strong data-start=\"1756\" data-end=\"1839\">il est indispensable de contacter le laboratoire avant l\u2019envoi des \u00e9chantillons<\/strong>).<\/p>\n<p data-start=\"1843\" data-end=\"2030\">Les analyses de f\u00e8ces sont r\u00e9alis\u00e9es <strong data-start=\"1880\" data-end=\"1901\">du lundi au jeudi<\/strong> ; les \u00e9chantillons doivent donc \u00eatre envoy\u00e9s au laboratoire <strong data-start=\"1962\" data-end=\"1986\">du lundi au mercredi<\/strong> via un <strong data-start=\"1994\" data-end=\"2029\">service de messagerie 24 heures<\/strong>.<\/p>\n<p data-start=\"2032\" data-end=\"2377\">Si vous \u00eates situ\u00e9 <strong data-start=\"2051\" data-end=\"2089\">en dehors de la p\u00e9ninsule Ib\u00e9rique<\/strong>, vous devez contacter le laboratoire au pr\u00e9alable pour choisir cette option, car les f\u00e8ces doivent \u00eatre aussi fra\u00eeches que possible. Pour cela, vous pouvez utiliser n\u2019importe quel service de messagerie 24 heures ou contracter notre <strong data-start=\"2322\" data-end=\"2349\">service NACEX pour 10 \u20ac<\/strong> (envois dans la p\u00e9ninsule).<\/p>\n<p data-start=\"2379\" data-end=\"2905\">Les r\u00e9cipients st\u00e9riles peuvent \u00eatre achet\u00e9s dans n\u2019importe quelle pharmacie. Nous recommandons des <strong data-start=\"2479\" data-end=\"2506\">tubes d\u2019analyse d\u2019urine<\/strong> ou de <strong data-start=\"2513\" data-end=\"2543\">petits r\u00e9cipients st\u00e9riles<\/strong>. Dans les deux cas, quelques gouttes de <strong data-start=\"2584\" data-end=\"2607\">s\u00e9rum physiologique<\/strong> doivent \u00eatre ajout\u00e9es aux f\u00e8ces afin de maintenir l\u2019humidit\u00e9 et le pH (sans les immerger, uniquement les humidifier). Pour la collecte, il est possible de placer du papier aluminium dans les cages. Un <strong data-start=\"2809\" data-end=\"2843\">\u00e9couvillon auriculaire st\u00e9rile<\/strong> peut \u00eatre utilis\u00e9 pour introduire l\u2019\u00e9chantillon dans le tube.<\/p>\n<p data-start=\"2907\" data-end=\"3025\">Les \u00e9chantillons ne respectant pas ces conditions <strong data-start=\"2957\" data-end=\"2994\">pourront \u00eatre refus\u00e9s et \u00e9limin\u00e9s<\/strong> \u00e0 leur arriv\u00e9e au laboratoire.<\/p>\n<p data-start=\"3027\" data-end=\"3202\">Nous r\u00e9alisons le <strong data-start=\"3045\" data-end=\"3059\">diagnostic<\/strong> et pouvons <strong data-start=\"3071\" data-end=\"3116\">recommander des traitements si n\u00e9cessaire<\/strong>, mais nous <strong data-start=\"3128\" data-end=\"3201\">n\u2019\u00e9tablissons pas d\u2019ordonnances et ne fournissons pas les traitements<\/strong>.<\/p>\n<p data-start=\"3204\" data-end=\"3265\"><strong data-start=\"3204\" data-end=\"3230\">Types d\u2019\u00e9chantillons : sang, \u00e9couvillon cloacal et f\u00e8ces.<\/strong><\/p>\n","protected":false},"excerpt":{"rendered":"<p>Ce pack comprend PBFD + Psittacose + Polyomavirus, et vous pouvez choisir entre l\u2019analyse des f\u00e8ces ou la maladie de Pacheco (il est indispensable de contacter le laboratoire avant l\u2019envoi des \u00e9chantillons). Les analyses de f\u00e8ces sont r\u00e9alis\u00e9es du lundi au jeudi ; les \u00e9chantillons doivent donc \u00eatre envoy\u00e9s au laboratoire du lundi au mercredi [&hellip;]<\/p>\n","protected":false},"featured_media":0,"template":"","meta":{"_acf_changed":false},"product_brand":[],"product_cat":[1501,4355,1493],"product_tag":[],"tipo_de_muestra":[4351],"especie":[1527],"class_list":{"0":"post-10182","1":"product","2":"type-product","3":"status-publish","5":"product_cat-detection-des-maladies","6":"product_cat-pack-detection-des-maladies","7":"product_cat-veterinaire","9":"first","10":"instock","11":"shipping-taxable","12":"purchasable","13":"product-type-variable"},"acf":[],"yoast_head":"<!-- This site is optimized with the Yoast SEO plugin v27.2 - https:\/\/yoast.com\/product\/yoast-seo-wordpress\/ -->\n<title>Pack Sant\u00e9 Totale Psittacid\u00e9s - Iberogen<\/title>\n<meta name=\"robots\" content=\"index, follow, max-snippet:-1, max-image-preview:large, max-video-preview:-1\" \/>\n<link rel=\"canonical\" href=\"https:\/\/iberogen.com\/fr\/produit\/pack-sante-quarantaine-psittacides-copia\/\" \/>\n<meta property=\"og:locale\" content=\"fr_FR\" \/>\n<meta property=\"og:type\" content=\"article\" \/>\n<meta property=\"og:title\" content=\"Pack Sant\u00e9 Totale Psittacid\u00e9s - Iberogen\" \/>\n<meta property=\"og:description\" content=\"Ce pack comprend PBFD + Psittacose + Polyomavirus, et vous pouvez choisir entre l\u2019analyse des f\u00e8ces ou la maladie de Pacheco (il est indispensable de contacter le laboratoire avant l\u2019envoi des \u00e9chantillons). Les analyses de f\u00e8ces sont r\u00e9alis\u00e9es du lundi au jeudi ; les \u00e9chantillons doivent donc \u00eatre envoy\u00e9s au laboratoire du lundi au mercredi [&hellip;]\" \/>\n<meta property=\"og:url\" content=\"https:\/\/iberogen.com\/fr\/produit\/pack-sante-quarantaine-psittacides-copia\/\" \/>\n<meta property=\"og:site_name\" content=\"Iberogen\" \/>\n<meta property=\"article:modified_time\" content=\"2026-03-04T11:05:01+00:00\" \/>\n<meta name=\"twitter:card\" content=\"summary_large_image\" \/>\n<meta name=\"twitter:label1\" content=\"Dur\u00e9e de lecture estim\u00e9e\" \/>\n\t<meta name=\"twitter:data1\" content=\"2 minutes\" \/>\n<script type=\"application\/ld+json\" class=\"yoast-schema-graph\">{\"@context\":\"https:\/\/schema.org\",\"@graph\":[{\"@type\":\"WebPage\",\"@id\":\"https:\/\/iberogen.com\/fr\/produit\/pack-sante-quarantaine-psittacides-copia\/\",\"url\":\"https:\/\/iberogen.com\/fr\/produit\/pack-sante-quarantaine-psittacides-copia\/\",\"name\":\"Pack Sant\u00e9 Totale Psittacid\u00e9s - Iberogen\",\"isPartOf\":{\"@id\":\"https:\/\/iberogen.com\/fr\/#website\"},\"datePublished\":\"2026-02-05T10:57:18+00:00\",\"dateModified\":\"2026-03-04T11:05:01+00:00\",\"breadcrumb\":{\"@id\":\"https:\/\/iberogen.com\/fr\/produit\/pack-sante-quarantaine-psittacides-copia\/#breadcrumb\"},\"inLanguage\":\"fr-FR\",\"potentialAction\":[{\"@type\":\"ReadAction\",\"target\":[\"https:\/\/iberogen.com\/fr\/produit\/pack-sante-quarantaine-psittacides-copia\/\"]}]},{\"@type\":\"BreadcrumbList\",\"@id\":\"https:\/\/iberogen.com\/fr\/produit\/pack-sante-quarantaine-psittacides-copia\/#breadcrumb\",\"itemListElement\":[{\"@type\":\"ListItem\",\"position\":1,\"name\":\"Portada\",\"item\":\"https:\/\/iberogen.com\/fr\/\"},{\"@type\":\"ListItem\",\"position\":2,\"name\":\"Boutique\",\"item\":\"https:\/\/iberogen.com\/fr\/boutique\/\"},{\"@type\":\"ListItem\",\"position\":3,\"name\":\"Pack Sant\u00e9 Totale Psittacid\u00e9s\"}]},{\"@type\":\"WebSite\",\"@id\":\"https:\/\/iberogen.com\/fr\/#website\",\"url\":\"https:\/\/iberogen.com\/fr\/\",\"name\":\"Iberogen\",\"description\":\"\",\"potentialAction\":[{\"@type\":\"SearchAction\",\"target\":{\"@type\":\"EntryPoint\",\"urlTemplate\":\"https:\/\/iberogen.com\/fr\/?s={search_term_string}\"},\"query-input\":{\"@type\":\"PropertyValueSpecification\",\"valueRequired\":true,\"valueName\":\"search_term_string\"}}],\"inLanguage\":\"fr-FR\"}]}<\/script>\n<!-- \/ Yoast SEO plugin. -->","yoast_head_json":{"title":"Pack Sant\u00e9 Totale Psittacid\u00e9s - Iberogen","robots":{"index":"index","follow":"follow","max-snippet":"max-snippet:-1","max-image-preview":"max-image-preview:large","max-video-preview":"max-video-preview:-1"},"canonical":"https:\/\/iberogen.com\/fr\/produit\/pack-sante-quarantaine-psittacides-copia\/","og_locale":"fr_FR","og_type":"article","og_title":"Pack Sant\u00e9 Totale Psittacid\u00e9s - Iberogen","og_description":"Ce pack comprend PBFD + Psittacose + Polyomavirus, et vous pouvez choisir entre l\u2019analyse des f\u00e8ces ou la maladie de Pacheco (il est indispensable de contacter le laboratoire avant l\u2019envoi des \u00e9chantillons). Les analyses de f\u00e8ces sont r\u00e9alis\u00e9es du lundi au jeudi ; les \u00e9chantillons doivent donc \u00eatre envoy\u00e9s au laboratoire du lundi au mercredi [&hellip;]","og_url":"https:\/\/iberogen.com\/fr\/produit\/pack-sante-quarantaine-psittacides-copia\/","og_site_name":"Iberogen","article_modified_time":"2026-03-04T11:05:01+00:00","twitter_card":"summary_large_image","twitter_misc":{"Dur\u00e9e de lecture estim\u00e9e":"2 minutes"},"schema":{"@context":"https:\/\/schema.org","@graph":[{"@type":"WebPage","@id":"https:\/\/iberogen.com\/fr\/produit\/pack-sante-quarantaine-psittacides-copia\/","url":"https:\/\/iberogen.com\/fr\/produit\/pack-sante-quarantaine-psittacides-copia\/","name":"Pack Sant\u00e9 Totale Psittacid\u00e9s - Iberogen","isPartOf":{"@id":"https:\/\/iberogen.com\/fr\/#website"},"datePublished":"2026-02-05T10:57:18+00:00","dateModified":"2026-03-04T11:05:01+00:00","breadcrumb":{"@id":"https:\/\/iberogen.com\/fr\/produit\/pack-sante-quarantaine-psittacides-copia\/#breadcrumb"},"inLanguage":"fr-FR","potentialAction":[{"@type":"ReadAction","target":["https:\/\/iberogen.com\/fr\/produit\/pack-sante-quarantaine-psittacides-copia\/"]}]},{"@type":"BreadcrumbList","@id":"https:\/\/iberogen.com\/fr\/produit\/pack-sante-quarantaine-psittacides-copia\/#breadcrumb","itemListElement":[{"@type":"ListItem","position":1,"name":"Portada","item":"https:\/\/iberogen.com\/fr\/"},{"@type":"ListItem","position":2,"name":"Boutique","item":"https:\/\/iberogen.com\/fr\/boutique\/"},{"@type":"ListItem","position":3,"name":"Pack Sant\u00e9 Totale Psittacid\u00e9s"}]},{"@type":"WebSite","@id":"https:\/\/iberogen.com\/fr\/#website","url":"https:\/\/iberogen.com\/fr\/","name":"Iberogen","description":"","potentialAction":[{"@type":"SearchAction","target":{"@type":"EntryPoint","urlTemplate":"https:\/\/iberogen.com\/fr\/?s={search_term_string}"},"query-input":{"@type":"PropertyValueSpecification","valueRequired":true,"valueName":"search_term_string"}}],"inLanguage":"fr-FR"}]}},"_links":{"self":[{"href":"https:\/\/iberogen.com\/fr\/wp-json\/wp\/v2\/product\/10182","targetHints":{"allow":["GET"]}}],"collection":[{"href":"https:\/\/iberogen.com\/fr\/wp-json\/wp\/v2\/product"}],"about":[{"href":"https:\/\/iberogen.com\/fr\/wp-json\/wp\/v2\/types\/product"}],"wp:attachment":[{"href":"https:\/\/iberogen.com\/fr\/wp-json\/wp\/v2\/media?parent=10182"}],"wp:term":[{"taxonomy":"product_brand","embeddable":true,"href":"https:\/\/iberogen.com\/fr\/wp-json\/wp\/v2\/product_brand?post=10182"},{"taxonomy":"product_cat","embeddable":true,"href":"https:\/\/iberogen.com\/fr\/wp-json\/wp\/v2\/product_cat?post=10182"},{"taxonomy":"product_tag","embeddable":true,"href":"https:\/\/iberogen.com\/fr\/wp-json\/wp\/v2\/product_tag?post=10182"},{"taxonomy":"tipo_de_muestra","embeddable":true,"href":"https:\/\/iberogen.com\/fr\/wp-json\/wp\/v2\/tipo_de_muestra?post=10182"},{"taxonomy":"especie","embeddable":true,"href":"https:\/\/iberogen.com\/fr\/wp-json\/wp\/v2\/especie?post=10182"}],"curies":[{"name":"wp","href":"https:\/\/api.w.org\/{rel}","templated":true}]}}