{"id":10617,"date":"2026-03-18T11:17:30","date_gmt":"2026-03-18T11:17:30","guid":{"rendered":"https:\/\/iberogen.com\/?post_type=product&#038;p=10617"},"modified":"2026-03-18T11:30:24","modified_gmt":"2026-03-18T11:30:24","slug":"chouettes-tyto-spp-copia","status":"publish","type":"product","link":"https:\/\/iberogen.com\/fr\/produit\/chouettes-tyto-spp-copia\/","title":{"rendered":"Rapaces nocturnes: Chouettes (Tyto spp.), hiboux, \u00e9claireurs, chevaux tawl, etc. (familia Strigidae)"},"content":{"rendered":"<p>D\u00c9TERMINATION MOL\u00c9CULAIRE DE LA PARENT\u00c9\/PATERNIT\u00c9 DU CHOUETTES <em>(Tyto spp.), HIBOUX, \u00c9CLAIREURS, CHEVAUX TAWL, etc. (familia Strigidae).<\/em><\/p>\n<p><strong>\u00c9chantillons \u00e0 analyser: \u00e9chantillons de sang o pluma.<\/strong><\/p>\n","protected":false},"excerpt":{"rendered":"<p>D\u00c9TERMINATION MOL\u00c9CULAIRE DE LA PARENT\u00c9\/PATERNIT\u00c9 DU CHOUETTES (Tyto spp.), HIBOUX, \u00c9CLAIREURS, CHEVAUX TAWL, etc. (familia Strigidae). \u00c9chantillons \u00e0 analyser: \u00e9chantillons de sang o pluma.<\/p>\n","protected":false},"featured_media":0,"template":"","meta":{"_acf_changed":false},"product_brand":[],"product_cat":[1503,1493],"product_tag":[],"tipo_de_muestra":[],"especie":[],"class_list":{"0":"post-10617","1":"product","2":"type-product","3":"status-publish","5":"product_cat-paternite-et-genotypage","6":"product_cat-veterinaire","8":"first","9":"instock","10":"shipping-taxable","11":"purchasable","12":"product-type-variable"},"acf":[],"yoast_head":"<!-- This site is optimized with the Yoast SEO plugin v27.2 - https:\/\/yoast.com\/product\/yoast-seo-wordpress\/ -->\n<title>D\u00e9termination mol\u00e9culaire de la paternit\u00e9 des hiboux | Iberogen<\/title>\n<meta name=\"description\" content=\"Commandez notre service de d\u00e9termination mol\u00e9culaire de paternit\u00e9 de hibou en ligne. Visitez notre boutique en ligne et d\u00e9couvrez tous nos services.\" \/>\n<meta name=\"robots\" content=\"index, follow, max-snippet:-1, max-image-preview:large, max-video-preview:-1\" \/>\n<link rel=\"canonical\" href=\"https:\/\/iberogen.com\/fr\/produit\/chouettes-tyto-spp-copia\/\" \/>\n<meta property=\"og:locale\" content=\"fr_FR\" \/>\n<meta property=\"og:type\" content=\"article\" \/>\n<meta property=\"og:title\" content=\"D\u00e9termination mol\u00e9culaire de la paternit\u00e9 des hiboux | Iberogen\" \/>\n<meta property=\"og:description\" content=\"Commandez notre service de d\u00e9termination mol\u00e9culaire de paternit\u00e9 de hibou en ligne. Visitez notre boutique en ligne et d\u00e9couvrez tous nos services.\" \/>\n<meta property=\"og:url\" content=\"https:\/\/iberogen.com\/fr\/produit\/chouettes-tyto-spp-copia\/\" \/>\n<meta property=\"og:site_name\" content=\"Iberogen\" \/>\n<meta property=\"article:modified_time\" content=\"2026-03-18T11:30:24+00:00\" \/>\n<meta name=\"twitter:card\" content=\"summary_large_image\" \/>\n<meta name=\"twitter:label1\" content=\"Dur\u00e9e de lecture estim\u00e9e\" \/>\n\t<meta name=\"twitter:data1\" content=\"1 minute\" \/>\n<script type=\"application\/ld+json\" class=\"yoast-schema-graph\">{\"@context\":\"https:\/\/schema.org\",\"@graph\":[{\"@type\":\"WebPage\",\"@id\":\"https:\/\/iberogen.com\/fr\/produit\/chouettes-tyto-spp-copia\/\",\"url\":\"https:\/\/iberogen.com\/fr\/produit\/chouettes-tyto-spp-copia\/\",\"name\":\"D\u00e9termination mol\u00e9culaire de la paternit\u00e9 des hiboux | Iberogen\",\"isPartOf\":{\"@id\":\"https:\/\/iberogen.com\/fr\/#website\"},\"datePublished\":\"2026-03-18T11:17:30+00:00\",\"dateModified\":\"2026-03-18T11:30:24+00:00\",\"description\":\"Commandez notre service de d\u00e9termination mol\u00e9culaire de paternit\u00e9 de hibou en ligne. Visitez notre boutique en ligne et d\u00e9couvrez tous nos services.\",\"breadcrumb\":{\"@id\":\"https:\/\/iberogen.com\/fr\/produit\/chouettes-tyto-spp-copia\/#breadcrumb\"},\"inLanguage\":\"fr-FR\",\"potentialAction\":[{\"@type\":\"ReadAction\",\"target\":[\"https:\/\/iberogen.com\/fr\/produit\/chouettes-tyto-spp-copia\/\"]}]},{\"@type\":\"BreadcrumbList\",\"@id\":\"https:\/\/iberogen.com\/fr\/produit\/chouettes-tyto-spp-copia\/#breadcrumb\",\"itemListElement\":[{\"@type\":\"ListItem\",\"position\":1,\"name\":\"Portada\",\"item\":\"https:\/\/iberogen.com\/fr\/\"},{\"@type\":\"ListItem\",\"position\":2,\"name\":\"Boutique\",\"item\":\"https:\/\/iberogen.com\/fr\/boutique\/\"},{\"@type\":\"ListItem\",\"position\":3,\"name\":\"Rapaces nocturnes: Chouettes (Tyto spp.), hiboux, \u00e9claireurs, chevaux tawl, etc. (familia Strigidae)\"}]},{\"@type\":\"WebSite\",\"@id\":\"https:\/\/iberogen.com\/fr\/#website\",\"url\":\"https:\/\/iberogen.com\/fr\/\",\"name\":\"Iberogen\",\"description\":\"\",\"potentialAction\":[{\"@type\":\"SearchAction\",\"target\":{\"@type\":\"EntryPoint\",\"urlTemplate\":\"https:\/\/iberogen.com\/fr\/?s={search_term_string}\"},\"query-input\":{\"@type\":\"PropertyValueSpecification\",\"valueRequired\":true,\"valueName\":\"search_term_string\"}}],\"inLanguage\":\"fr-FR\"}]}<\/script>\n<!-- \/ Yoast SEO plugin. -->","yoast_head_json":{"title":"D\u00e9termination mol\u00e9culaire de la paternit\u00e9 des hiboux | Iberogen","description":"Commandez notre service de d\u00e9termination mol\u00e9culaire de paternit\u00e9 de hibou en ligne. Visitez notre boutique en ligne et d\u00e9couvrez tous nos services.","robots":{"index":"index","follow":"follow","max-snippet":"max-snippet:-1","max-image-preview":"max-image-preview:large","max-video-preview":"max-video-preview:-1"},"canonical":"https:\/\/iberogen.com\/fr\/produit\/chouettes-tyto-spp-copia\/","og_locale":"fr_FR","og_type":"article","og_title":"D\u00e9termination mol\u00e9culaire de la paternit\u00e9 des hiboux | Iberogen","og_description":"Commandez notre service de d\u00e9termination mol\u00e9culaire de paternit\u00e9 de hibou en ligne. Visitez notre boutique en ligne et d\u00e9couvrez tous nos services.","og_url":"https:\/\/iberogen.com\/fr\/produit\/chouettes-tyto-spp-copia\/","og_site_name":"Iberogen","article_modified_time":"2026-03-18T11:30:24+00:00","twitter_card":"summary_large_image","twitter_misc":{"Dur\u00e9e de lecture estim\u00e9e":"1 minute"},"schema":{"@context":"https:\/\/schema.org","@graph":[{"@type":"WebPage","@id":"https:\/\/iberogen.com\/fr\/produit\/chouettes-tyto-spp-copia\/","url":"https:\/\/iberogen.com\/fr\/produit\/chouettes-tyto-spp-copia\/","name":"D\u00e9termination mol\u00e9culaire de la paternit\u00e9 des hiboux | Iberogen","isPartOf":{"@id":"https:\/\/iberogen.com\/fr\/#website"},"datePublished":"2026-03-18T11:17:30+00:00","dateModified":"2026-03-18T11:30:24+00:00","description":"Commandez notre service de d\u00e9termination mol\u00e9culaire de paternit\u00e9 de hibou en ligne. Visitez notre boutique en ligne et d\u00e9couvrez tous nos services.","breadcrumb":{"@id":"https:\/\/iberogen.com\/fr\/produit\/chouettes-tyto-spp-copia\/#breadcrumb"},"inLanguage":"fr-FR","potentialAction":[{"@type":"ReadAction","target":["https:\/\/iberogen.com\/fr\/produit\/chouettes-tyto-spp-copia\/"]}]},{"@type":"BreadcrumbList","@id":"https:\/\/iberogen.com\/fr\/produit\/chouettes-tyto-spp-copia\/#breadcrumb","itemListElement":[{"@type":"ListItem","position":1,"name":"Portada","item":"https:\/\/iberogen.com\/fr\/"},{"@type":"ListItem","position":2,"name":"Boutique","item":"https:\/\/iberogen.com\/fr\/boutique\/"},{"@type":"ListItem","position":3,"name":"Rapaces nocturnes: Chouettes (Tyto spp.), hiboux, \u00e9claireurs, chevaux tawl, etc. (familia Strigidae)"}]},{"@type":"WebSite","@id":"https:\/\/iberogen.com\/fr\/#website","url":"https:\/\/iberogen.com\/fr\/","name":"Iberogen","description":"","potentialAction":[{"@type":"SearchAction","target":{"@type":"EntryPoint","urlTemplate":"https:\/\/iberogen.com\/fr\/?s={search_term_string}"},"query-input":{"@type":"PropertyValueSpecification","valueRequired":true,"valueName":"search_term_string"}}],"inLanguage":"fr-FR"}]}},"_links":{"self":[{"href":"https:\/\/iberogen.com\/fr\/wp-json\/wp\/v2\/product\/10617","targetHints":{"allow":["GET"]}}],"collection":[{"href":"https:\/\/iberogen.com\/fr\/wp-json\/wp\/v2\/product"}],"about":[{"href":"https:\/\/iberogen.com\/fr\/wp-json\/wp\/v2\/types\/product"}],"wp:attachment":[{"href":"https:\/\/iberogen.com\/fr\/wp-json\/wp\/v2\/media?parent=10617"}],"wp:term":[{"taxonomy":"product_brand","embeddable":true,"href":"https:\/\/iberogen.com\/fr\/wp-json\/wp\/v2\/product_brand?post=10617"},{"taxonomy":"product_cat","embeddable":true,"href":"https:\/\/iberogen.com\/fr\/wp-json\/wp\/v2\/product_cat?post=10617"},{"taxonomy":"product_tag","embeddable":true,"href":"https:\/\/iberogen.com\/fr\/wp-json\/wp\/v2\/product_tag?post=10617"},{"taxonomy":"tipo_de_muestra","embeddable":true,"href":"https:\/\/iberogen.com\/fr\/wp-json\/wp\/v2\/tipo_de_muestra?post=10617"},{"taxonomy":"especie","embeddable":true,"href":"https:\/\/iberogen.com\/fr\/wp-json\/wp\/v2\/especie?post=10617"}],"curies":[{"name":"wp","href":"https:\/\/api.w.org\/{rel}","templated":true}]}}