{"id":2889,"date":"2021-11-11T12:35:18","date_gmt":"2021-11-11T12:35:18","guid":{"rendered":"https:\/\/iberogen.com\/product\/envio-de-muestras\/"},"modified":"2024-07-31T08:52:21","modified_gmt":"2024-07-31T08:52:21","slug":"expedition-dechantillons","status":"publish","type":"product","link":"https:\/\/iberogen.com\/fr\/produit\/expedition-dechantillons\/","title":{"rendered":"Exp\u00e9dition d&rsquo;\u00e9chantillons"},"content":{"rendered":"<p>Service mondial. Tous nos services sont internationaux. Nous op\u00e9rons en Europe, en Am\u00e9rique, en Asie et en Afrique.<\/p>\n<p>Si vous souhaitez profiter de notre service sp\u00e9cial avec NACEX ou FEDEX, il vous suffit de choisir votre emplacement et de nous contacter afin que nous puissions programmer la collecte. Ils recueilleront vos \u00e9chantillons et les apporteront directement \u00e0 notre laboratoire dans les plus brefs d\u00e9lais.<\/p>\n<ul>\n<li>Si votre emplacement ne figure pas sur notre liste, contactez-nous et nous vous indiquerons la meilleure fa\u00e7on d&rsquo;envoyer vos \u00e9chantillons \u00e0 notre laboratoire.<\/li>\n<li>Chaque envoi que vous achetez ne doit pas d\u00e9passer 500 grammes de poids par colis.<\/li>\n<\/ul>\n","protected":false},"excerpt":{"rendered":"<p>Service mondial. Tous nos services sont internationaux. Nous op\u00e9rons en Europe, en Am\u00e9rique, en Asie et en Afrique. Si vous souhaitez profiter de notre service sp\u00e9cial avec NACEX ou FEDEX, il vous suffit de choisir votre emplacement et de nous contacter afin que nous puissions programmer la collecte. Ils recueilleront vos \u00e9chantillons et les apporteront [&hellip;]<\/p>\n","protected":false},"featured_media":0,"template":"","meta":{"_acf_changed":false},"product_brand":[],"product_cat":[1493],"product_tag":[],"tipo_de_muestra":[],"especie":[],"class_list":{"0":"post-2889","1":"product","2":"type-product","3":"status-publish","5":"product_cat-veterinaire","7":"first","8":"instock","9":"shipping-taxable","10":"purchasable","11":"product-type-variable"},"acf":[],"yoast_head":"<!-- This site is optimized with the Yoast SEO plugin v27.2 - https:\/\/yoast.com\/product\/yoast-seo-wordpress\/ -->\n<title>Comment envoyer des \u00e9chantillons \u00e0 Iberogen? | Iberogen<\/title>\n<meta name=\"description\" content=\"Profitez de notre service de collecte, il vous suffit de choisir votre localisation et de nous contacter afin que nous puissions planifier la collecte des \u00e9chantillons.\" \/>\n<meta name=\"robots\" content=\"index, follow, max-snippet:-1, max-image-preview:large, max-video-preview:-1\" \/>\n<link rel=\"canonical\" href=\"https:\/\/iberogen.com\/fr\/produit\/expedition-dechantillons\/\" \/>\n<meta property=\"og:locale\" content=\"fr_FR\" \/>\n<meta property=\"og:type\" content=\"article\" \/>\n<meta property=\"og:title\" content=\"Comment envoyer des \u00e9chantillons \u00e0 Iberogen? | Iberogen\" \/>\n<meta property=\"og:description\" content=\"Profitez de notre service de collecte, il vous suffit de choisir votre localisation et de nous contacter afin que nous puissions planifier la collecte des \u00e9chantillons.\" \/>\n<meta property=\"og:url\" content=\"https:\/\/iberogen.com\/fr\/produit\/expedition-dechantillons\/\" \/>\n<meta property=\"og:site_name\" content=\"Iberogen\" \/>\n<meta property=\"article:modified_time\" content=\"2024-07-31T08:52:21+00:00\" \/>\n<meta name=\"twitter:card\" content=\"summary_large_image\" \/>\n<meta name=\"twitter:label1\" content=\"Dur\u00e9e de lecture estim\u00e9e\" \/>\n\t<meta name=\"twitter:data1\" content=\"1 minute\" \/>\n<script type=\"application\/ld+json\" class=\"yoast-schema-graph\">{\"@context\":\"https:\/\/schema.org\",\"@graph\":[{\"@type\":\"WebPage\",\"@id\":\"https:\/\/iberogen.com\/fr\/produit\/expedition-dechantillons\/\",\"url\":\"https:\/\/iberogen.com\/fr\/produit\/expedition-dechantillons\/\",\"name\":\"Comment envoyer des \u00e9chantillons \u00e0 Iberogen? | Iberogen\",\"isPartOf\":{\"@id\":\"https:\/\/iberogen.com\/fr\/#website\"},\"datePublished\":\"2021-11-11T12:35:18+00:00\",\"dateModified\":\"2024-07-31T08:52:21+00:00\",\"description\":\"Profitez de notre service de collecte, il vous suffit de choisir votre localisation et de nous contacter afin que nous puissions planifier la collecte des \u00e9chantillons.\",\"breadcrumb\":{\"@id\":\"https:\/\/iberogen.com\/fr\/produit\/expedition-dechantillons\/#breadcrumb\"},\"inLanguage\":\"fr-FR\",\"potentialAction\":[{\"@type\":\"ReadAction\",\"target\":[\"https:\/\/iberogen.com\/fr\/produit\/expedition-dechantillons\/\"]}]},{\"@type\":\"BreadcrumbList\",\"@id\":\"https:\/\/iberogen.com\/fr\/produit\/expedition-dechantillons\/#breadcrumb\",\"itemListElement\":[{\"@type\":\"ListItem\",\"position\":1,\"name\":\"Portada\",\"item\":\"https:\/\/iberogen.com\/fr\/\"},{\"@type\":\"ListItem\",\"position\":2,\"name\":\"Boutique\",\"item\":\"https:\/\/iberogen.com\/fr\/boutique\/\"},{\"@type\":\"ListItem\",\"position\":3,\"name\":\"Exp\u00e9dition d&#8217;\u00e9chantillons\"}]},{\"@type\":\"WebSite\",\"@id\":\"https:\/\/iberogen.com\/fr\/#website\",\"url\":\"https:\/\/iberogen.com\/fr\/\",\"name\":\"Iberogen\",\"description\":\"\",\"potentialAction\":[{\"@type\":\"SearchAction\",\"target\":{\"@type\":\"EntryPoint\",\"urlTemplate\":\"https:\/\/iberogen.com\/fr\/?s={search_term_string}\"},\"query-input\":{\"@type\":\"PropertyValueSpecification\",\"valueRequired\":true,\"valueName\":\"search_term_string\"}}],\"inLanguage\":\"fr-FR\"}]}<\/script>\n<!-- \/ Yoast SEO plugin. -->","yoast_head_json":{"title":"Comment envoyer des \u00e9chantillons \u00e0 Iberogen? | Iberogen","description":"Profitez de notre service de collecte, il vous suffit de choisir votre localisation et de nous contacter afin que nous puissions planifier la collecte des \u00e9chantillons.","robots":{"index":"index","follow":"follow","max-snippet":"max-snippet:-1","max-image-preview":"max-image-preview:large","max-video-preview":"max-video-preview:-1"},"canonical":"https:\/\/iberogen.com\/fr\/produit\/expedition-dechantillons\/","og_locale":"fr_FR","og_type":"article","og_title":"Comment envoyer des \u00e9chantillons \u00e0 Iberogen? | Iberogen","og_description":"Profitez de notre service de collecte, il vous suffit de choisir votre localisation et de nous contacter afin que nous puissions planifier la collecte des \u00e9chantillons.","og_url":"https:\/\/iberogen.com\/fr\/produit\/expedition-dechantillons\/","og_site_name":"Iberogen","article_modified_time":"2024-07-31T08:52:21+00:00","twitter_card":"summary_large_image","twitter_misc":{"Dur\u00e9e de lecture estim\u00e9e":"1 minute"},"schema":{"@context":"https:\/\/schema.org","@graph":[{"@type":"WebPage","@id":"https:\/\/iberogen.com\/fr\/produit\/expedition-dechantillons\/","url":"https:\/\/iberogen.com\/fr\/produit\/expedition-dechantillons\/","name":"Comment envoyer des \u00e9chantillons \u00e0 Iberogen? | Iberogen","isPartOf":{"@id":"https:\/\/iberogen.com\/fr\/#website"},"datePublished":"2021-11-11T12:35:18+00:00","dateModified":"2024-07-31T08:52:21+00:00","description":"Profitez de notre service de collecte, il vous suffit de choisir votre localisation et de nous contacter afin que nous puissions planifier la collecte des \u00e9chantillons.","breadcrumb":{"@id":"https:\/\/iberogen.com\/fr\/produit\/expedition-dechantillons\/#breadcrumb"},"inLanguage":"fr-FR","potentialAction":[{"@type":"ReadAction","target":["https:\/\/iberogen.com\/fr\/produit\/expedition-dechantillons\/"]}]},{"@type":"BreadcrumbList","@id":"https:\/\/iberogen.com\/fr\/produit\/expedition-dechantillons\/#breadcrumb","itemListElement":[{"@type":"ListItem","position":1,"name":"Portada","item":"https:\/\/iberogen.com\/fr\/"},{"@type":"ListItem","position":2,"name":"Boutique","item":"https:\/\/iberogen.com\/fr\/boutique\/"},{"@type":"ListItem","position":3,"name":"Exp\u00e9dition d&#8217;\u00e9chantillons"}]},{"@type":"WebSite","@id":"https:\/\/iberogen.com\/fr\/#website","url":"https:\/\/iberogen.com\/fr\/","name":"Iberogen","description":"","potentialAction":[{"@type":"SearchAction","target":{"@type":"EntryPoint","urlTemplate":"https:\/\/iberogen.com\/fr\/?s={search_term_string}"},"query-input":{"@type":"PropertyValueSpecification","valueRequired":true,"valueName":"search_term_string"}}],"inLanguage":"fr-FR"}]}},"_links":{"self":[{"href":"https:\/\/iberogen.com\/fr\/wp-json\/wp\/v2\/product\/2889","targetHints":{"allow":["GET"]}}],"collection":[{"href":"https:\/\/iberogen.com\/fr\/wp-json\/wp\/v2\/product"}],"about":[{"href":"https:\/\/iberogen.com\/fr\/wp-json\/wp\/v2\/types\/product"}],"wp:attachment":[{"href":"https:\/\/iberogen.com\/fr\/wp-json\/wp\/v2\/media?parent=2889"}],"wp:term":[{"taxonomy":"product_brand","embeddable":true,"href":"https:\/\/iberogen.com\/fr\/wp-json\/wp\/v2\/product_brand?post=2889"},{"taxonomy":"product_cat","embeddable":true,"href":"https:\/\/iberogen.com\/fr\/wp-json\/wp\/v2\/product_cat?post=2889"},{"taxonomy":"product_tag","embeddable":true,"href":"https:\/\/iberogen.com\/fr\/wp-json\/wp\/v2\/product_tag?post=2889"},{"taxonomy":"tipo_de_muestra","embeddable":true,"href":"https:\/\/iberogen.com\/fr\/wp-json\/wp\/v2\/tipo_de_muestra?post=2889"},{"taxonomy":"especie","embeddable":true,"href":"https:\/\/iberogen.com\/fr\/wp-json\/wp\/v2\/especie?post=2889"}],"curies":[{"name":"wp","href":"https:\/\/api.w.org\/{rel}","templated":true}]}}