{"id":2950,"date":"2022-04-29T08:35:25","date_gmt":"2022-04-29T08:35:25","guid":{"rendered":"https:\/\/iberogen.com\/product\/pack-cuarentena-psitacidas\/"},"modified":"2026-04-21T09:18:37","modified_gmt":"2026-04-21T09:18:37","slug":"psittaciformes-quarantaine-pack","status":"publish","type":"product","link":"https:\/\/iberogen.com\/fr\/produit\/psittaciformes-quarantaine-pack\/","title":{"rendered":"Pack Sant\u00e9 Quarantaine Psittacid\u00e9s (PBFD + Psittacose + Polyomavirus)"},"content":{"rendered":"<p>Vous incluez un nouveau perroquet dans votre voli\u00e8re ? Nous vous recommandons de le garder en quarantaine et de v\u00e9rifier votre nouvel oiseau.<\/p>\n<p>PBFD + Psittacose + Polyomavirus.<\/p>\n<p>D\u00e9tection par PCR du virus responsable de la maladie du bec et des plumes des Psittaciformes (PBFD) + d\u00e9tection par PCR de l&rsquo;agent responsable de la psittacose + d\u00e9tection par PCR du virus responsable du polyomavirus aviaire (APV).<\/p>\n<p><em>Pr\u00e9l\u00e8vements :<strong> sang et \u00e9couvillon cloacal.<\/strong><\/em><\/p>\n","protected":false},"excerpt":{"rendered":"<p>Vous incluez un nouveau perroquet dans votre voli\u00e8re ? Nous vous recommandons de le garder en quarantaine et de v\u00e9rifier votre nouvel oiseau. PBFD + Psittacose + Polyomavirus. D\u00e9tection par PCR du virus responsable de la maladie du bec et des plumes des Psittaciformes (PBFD) + d\u00e9tection par PCR de l&rsquo;agent responsable de la psittacose [&hellip;]<\/p>\n","protected":false},"featured_media":0,"template":"","meta":{"_acf_changed":false},"product_brand":[],"product_cat":[1501,4355,1493],"product_tag":[],"tipo_de_muestra":[1523],"especie":[1527],"class_list":{"0":"post-2950","1":"product","2":"type-product","3":"status-publish","5":"product_cat-detection-des-maladies","6":"product_cat-pack-detection-des-maladies","7":"product_cat-veterinaire","9":"first","10":"instock","11":"shipping-taxable","12":"purchasable","13":"product-type-variable"},"acf":[],"yoast_head":"<!-- This site is optimized with the Yoast SEO plugin v27.2 - https:\/\/yoast.com\/product\/yoast-seo-wordpress\/ -->\n<title>Pack Sant\u00e9 Quarantaine Psittacid\u00e9s (PBFD + Psittacose + Polyomavirus) - Iberogen<\/title>\n<meta name=\"robots\" content=\"index, follow, max-snippet:-1, max-image-preview:large, max-video-preview:-1\" \/>\n<link rel=\"canonical\" href=\"https:\/\/iberogen.com\/fr\/produit\/psittaciformes-quarantaine-pack\/\" \/>\n<meta property=\"og:locale\" content=\"fr_FR\" \/>\n<meta property=\"og:type\" content=\"article\" \/>\n<meta property=\"og:title\" content=\"Pack Sant\u00e9 Quarantaine Psittacid\u00e9s (PBFD + Psittacose + Polyomavirus) - Iberogen\" \/>\n<meta property=\"og:description\" content=\"Vous incluez un nouveau perroquet dans votre voli\u00e8re ? Nous vous recommandons de le garder en quarantaine et de v\u00e9rifier votre nouvel oiseau. PBFD + Psittacose + Polyomavirus. D\u00e9tection par PCR du virus responsable de la maladie du bec et des plumes des Psittaciformes (PBFD) + d\u00e9tection par PCR de l&rsquo;agent responsable de la psittacose [&hellip;]\" \/>\n<meta property=\"og:url\" content=\"https:\/\/iberogen.com\/fr\/produit\/psittaciformes-quarantaine-pack\/\" \/>\n<meta property=\"og:site_name\" content=\"Iberogen\" \/>\n<meta property=\"article:modified_time\" content=\"2026-04-21T09:18:37+00:00\" \/>\n<meta name=\"twitter:card\" content=\"summary_large_image\" \/>\n<meta name=\"twitter:label1\" content=\"Dur\u00e9e de lecture estim\u00e9e\" \/>\n\t<meta name=\"twitter:data1\" content=\"1 minute\" \/>\n<script type=\"application\/ld+json\" class=\"yoast-schema-graph\">{\"@context\":\"https:\/\/schema.org\",\"@graph\":[{\"@type\":\"WebPage\",\"@id\":\"https:\/\/iberogen.com\/fr\/produit\/psittaciformes-quarantaine-pack\/\",\"url\":\"https:\/\/iberogen.com\/fr\/produit\/psittaciformes-quarantaine-pack\/\",\"name\":\"Pack Sant\u00e9 Quarantaine Psittacid\u00e9s (PBFD + Psittacose + Polyomavirus) - Iberogen\",\"isPartOf\":{\"@id\":\"https:\/\/iberogen.com\/fr\/#website\"},\"datePublished\":\"2022-04-29T08:35:25+00:00\",\"dateModified\":\"2026-04-21T09:18:37+00:00\",\"breadcrumb\":{\"@id\":\"https:\/\/iberogen.com\/fr\/produit\/psittaciformes-quarantaine-pack\/#breadcrumb\"},\"inLanguage\":\"fr-FR\",\"potentialAction\":[{\"@type\":\"ReadAction\",\"target\":[\"https:\/\/iberogen.com\/fr\/produit\/psittaciformes-quarantaine-pack\/\"]}]},{\"@type\":\"BreadcrumbList\",\"@id\":\"https:\/\/iberogen.com\/fr\/produit\/psittaciformes-quarantaine-pack\/#breadcrumb\",\"itemListElement\":[{\"@type\":\"ListItem\",\"position\":1,\"name\":\"Portada\",\"item\":\"https:\/\/iberogen.com\/fr\/\"},{\"@type\":\"ListItem\",\"position\":2,\"name\":\"Boutique\",\"item\":\"https:\/\/iberogen.com\/fr\/boutique\/\"},{\"@type\":\"ListItem\",\"position\":3,\"name\":\"Pack Sant\u00e9 Quarantaine Psittacid\u00e9s (PBFD + Psittacose + Polyomavirus)\"}]},{\"@type\":\"WebSite\",\"@id\":\"https:\/\/iberogen.com\/fr\/#website\",\"url\":\"https:\/\/iberogen.com\/fr\/\",\"name\":\"Iberogen\",\"description\":\"\",\"potentialAction\":[{\"@type\":\"SearchAction\",\"target\":{\"@type\":\"EntryPoint\",\"urlTemplate\":\"https:\/\/iberogen.com\/fr\/?s={search_term_string}\"},\"query-input\":{\"@type\":\"PropertyValueSpecification\",\"valueRequired\":true,\"valueName\":\"search_term_string\"}}],\"inLanguage\":\"fr-FR\"}]}<\/script>\n<!-- \/ Yoast SEO plugin. -->","yoast_head_json":{"title":"Pack Sant\u00e9 Quarantaine Psittacid\u00e9s (PBFD + Psittacose + Polyomavirus) - Iberogen","robots":{"index":"index","follow":"follow","max-snippet":"max-snippet:-1","max-image-preview":"max-image-preview:large","max-video-preview":"max-video-preview:-1"},"canonical":"https:\/\/iberogen.com\/fr\/produit\/psittaciformes-quarantaine-pack\/","og_locale":"fr_FR","og_type":"article","og_title":"Pack Sant\u00e9 Quarantaine Psittacid\u00e9s (PBFD + Psittacose + Polyomavirus) - Iberogen","og_description":"Vous incluez un nouveau perroquet dans votre voli\u00e8re ? Nous vous recommandons de le garder en quarantaine et de v\u00e9rifier votre nouvel oiseau. PBFD + Psittacose + Polyomavirus. D\u00e9tection par PCR du virus responsable de la maladie du bec et des plumes des Psittaciformes (PBFD) + d\u00e9tection par PCR de l&rsquo;agent responsable de la psittacose [&hellip;]","og_url":"https:\/\/iberogen.com\/fr\/produit\/psittaciformes-quarantaine-pack\/","og_site_name":"Iberogen","article_modified_time":"2026-04-21T09:18:37+00:00","twitter_card":"summary_large_image","twitter_misc":{"Dur\u00e9e de lecture estim\u00e9e":"1 minute"},"schema":{"@context":"https:\/\/schema.org","@graph":[{"@type":"WebPage","@id":"https:\/\/iberogen.com\/fr\/produit\/psittaciformes-quarantaine-pack\/","url":"https:\/\/iberogen.com\/fr\/produit\/psittaciformes-quarantaine-pack\/","name":"Pack Sant\u00e9 Quarantaine Psittacid\u00e9s (PBFD + Psittacose + Polyomavirus) - Iberogen","isPartOf":{"@id":"https:\/\/iberogen.com\/fr\/#website"},"datePublished":"2022-04-29T08:35:25+00:00","dateModified":"2026-04-21T09:18:37+00:00","breadcrumb":{"@id":"https:\/\/iberogen.com\/fr\/produit\/psittaciformes-quarantaine-pack\/#breadcrumb"},"inLanguage":"fr-FR","potentialAction":[{"@type":"ReadAction","target":["https:\/\/iberogen.com\/fr\/produit\/psittaciformes-quarantaine-pack\/"]}]},{"@type":"BreadcrumbList","@id":"https:\/\/iberogen.com\/fr\/produit\/psittaciformes-quarantaine-pack\/#breadcrumb","itemListElement":[{"@type":"ListItem","position":1,"name":"Portada","item":"https:\/\/iberogen.com\/fr\/"},{"@type":"ListItem","position":2,"name":"Boutique","item":"https:\/\/iberogen.com\/fr\/boutique\/"},{"@type":"ListItem","position":3,"name":"Pack Sant\u00e9 Quarantaine Psittacid\u00e9s (PBFD + Psittacose + Polyomavirus)"}]},{"@type":"WebSite","@id":"https:\/\/iberogen.com\/fr\/#website","url":"https:\/\/iberogen.com\/fr\/","name":"Iberogen","description":"","potentialAction":[{"@type":"SearchAction","target":{"@type":"EntryPoint","urlTemplate":"https:\/\/iberogen.com\/fr\/?s={search_term_string}"},"query-input":{"@type":"PropertyValueSpecification","valueRequired":true,"valueName":"search_term_string"}}],"inLanguage":"fr-FR"}]}},"_links":{"self":[{"href":"https:\/\/iberogen.com\/fr\/wp-json\/wp\/v2\/product\/2950","targetHints":{"allow":["GET"]}}],"collection":[{"href":"https:\/\/iberogen.com\/fr\/wp-json\/wp\/v2\/product"}],"about":[{"href":"https:\/\/iberogen.com\/fr\/wp-json\/wp\/v2\/types\/product"}],"wp:attachment":[{"href":"https:\/\/iberogen.com\/fr\/wp-json\/wp\/v2\/media?parent=2950"}],"wp:term":[{"taxonomy":"product_brand","embeddable":true,"href":"https:\/\/iberogen.com\/fr\/wp-json\/wp\/v2\/product_brand?post=2950"},{"taxonomy":"product_cat","embeddable":true,"href":"https:\/\/iberogen.com\/fr\/wp-json\/wp\/v2\/product_cat?post=2950"},{"taxonomy":"product_tag","embeddable":true,"href":"https:\/\/iberogen.com\/fr\/wp-json\/wp\/v2\/product_tag?post=2950"},{"taxonomy":"tipo_de_muestra","embeddable":true,"href":"https:\/\/iberogen.com\/fr\/wp-json\/wp\/v2\/tipo_de_muestra?post=2950"},{"taxonomy":"especie","embeddable":true,"href":"https:\/\/iberogen.com\/fr\/wp-json\/wp\/v2\/especie?post=2950"}],"curies":[{"name":"wp","href":"https:\/\/api.w.org\/{rel}","templated":true}]}}