{"id":2954,"date":"2021-09-30T06:30:16","date_gmt":"2021-09-30T06:30:16","guid":{"rendered":"https:\/\/iberogen.com\/product\/sexado-molecular-de-aves\/"},"modified":"2026-03-24T11:29:26","modified_gmt":"2026-03-24T11:29:26","slug":"sexage-des-oiseaux-par-adn","status":"publish","type":"product","link":"https:\/\/iberogen.com\/fr\/produit\/sexage-des-oiseaux-par-adn\/","title":{"rendered":"Sexage des oiseaux par ADN"},"content":{"rendered":"<p>Sexage des oiseaux par ADN (PCR), actuellement la technique la plus rapide et la plus fiable qui existe. Avec des r\u00e9sultats avec une pr\u00e9cision de 99%.<\/p>\n<p><strong>Type d&rsquo;\u00e9chantillons: plume et\/ou sang.<\/strong><\/p>\n<p>Nous r\u00e9alisons le sexage g\u00e9n\u00e9tique des oiseaux pour toutes les esp\u00e8ces appartenant aux Neoaves et aux Galloanseriformes, \u00e0 l\u2019exception des Pal\u00e9ognathes, tels que les autruches, \u00e9meus, nandous et kiwis.<\/p>\n","protected":false},"excerpt":{"rendered":"<p>Sexage des oiseaux par ADN (PCR), actuellement la technique la plus rapide et la plus fiable qui existe. Avec des r\u00e9sultats avec une pr\u00e9cision de 99%. Type d&rsquo;\u00e9chantillons: plume et\/ou sang. Nous r\u00e9alisons le sexage g\u00e9n\u00e9tique des oiseaux pour toutes les esp\u00e8ces appartenant aux Neoaves et aux Galloanseriformes, \u00e0 l\u2019exception des Pal\u00e9ognathes, tels que les [&hellip;]<\/p>\n","protected":false},"featured_media":0,"template":"","meta":{"_acf_changed":false},"product_brand":[],"product_cat":[1502,1504,1493],"product_tag":[],"tipo_de_muestra":[1519,1524],"especie":[1527],"class_list":{"0":"post-2954","1":"product","2":"type-product","3":"status-publish","5":"product_cat-amelioration-genetique-des-pigeons","6":"product_cat-sexage-adn-des-oiseaux","7":"product_cat-veterinaire","9":"first","10":"instock","11":"shipping-taxable","12":"purchasable","13":"product-type-variable"},"acf":[],"yoast_head":"<!-- This site is optimized with the Yoast SEO plugin v27.2 - https:\/\/yoast.com\/product\/yoast-seo-wordpress\/ -->\n<title>Sexage ADN des oiseaux : location en ligne | Iberogen<\/title>\n<meta name=\"description\" content=\"Commandez en ligne notre service de sexage mol\u00e9culaire des oiseaux : Commandez en ligne. Visitez notre boutique en ligne et d\u00e9couvrez tous nos services.\" \/>\n<meta name=\"robots\" content=\"index, follow, max-snippet:-1, max-image-preview:large, max-video-preview:-1\" \/>\n<link rel=\"canonical\" href=\"https:\/\/iberogen.com\/fr\/produit\/sexage-des-oiseaux-par-adn\/\" \/>\n<meta property=\"og:locale\" content=\"fr_FR\" \/>\n<meta property=\"og:type\" content=\"article\" \/>\n<meta property=\"og:title\" content=\"Sexage ADN des oiseaux : location en ligne | Iberogen\" \/>\n<meta property=\"og:description\" content=\"Commandez en ligne notre service de sexage mol\u00e9culaire des oiseaux : Commandez en ligne. Visitez notre boutique en ligne et d\u00e9couvrez tous nos services.\" \/>\n<meta property=\"og:url\" content=\"https:\/\/iberogen.com\/fr\/produit\/sexage-des-oiseaux-par-adn\/\" \/>\n<meta property=\"og:site_name\" content=\"Iberogen\" \/>\n<meta property=\"article:modified_time\" content=\"2026-03-24T11:29:26+00:00\" \/>\n<meta name=\"twitter:card\" content=\"summary_large_image\" \/>\n<meta name=\"twitter:label1\" content=\"Dur\u00e9e de lecture estim\u00e9e\" \/>\n\t<meta name=\"twitter:data1\" content=\"1 minute\" \/>\n<script type=\"application\/ld+json\" class=\"yoast-schema-graph\">{\"@context\":\"https:\/\/schema.org\",\"@graph\":[{\"@type\":\"WebPage\",\"@id\":\"https:\/\/iberogen.com\/fr\/produit\/sexage-des-oiseaux-par-adn\/\",\"url\":\"https:\/\/iberogen.com\/fr\/produit\/sexage-des-oiseaux-par-adn\/\",\"name\":\"Sexage ADN des oiseaux : location en ligne | Iberogen\",\"isPartOf\":{\"@id\":\"https:\/\/iberogen.com\/fr\/#website\"},\"datePublished\":\"2021-09-30T06:30:16+00:00\",\"dateModified\":\"2026-03-24T11:29:26+00:00\",\"description\":\"Commandez en ligne notre service de sexage mol\u00e9culaire des oiseaux : Commandez en ligne. Visitez notre boutique en ligne et d\u00e9couvrez tous nos services.\",\"breadcrumb\":{\"@id\":\"https:\/\/iberogen.com\/fr\/produit\/sexage-des-oiseaux-par-adn\/#breadcrumb\"},\"inLanguage\":\"fr-FR\",\"potentialAction\":[{\"@type\":\"ReadAction\",\"target\":[\"https:\/\/iberogen.com\/fr\/produit\/sexage-des-oiseaux-par-adn\/\"]}]},{\"@type\":\"BreadcrumbList\",\"@id\":\"https:\/\/iberogen.com\/fr\/produit\/sexage-des-oiseaux-par-adn\/#breadcrumb\",\"itemListElement\":[{\"@type\":\"ListItem\",\"position\":1,\"name\":\"Portada\",\"item\":\"https:\/\/iberogen.com\/fr\/\"},{\"@type\":\"ListItem\",\"position\":2,\"name\":\"Boutique\",\"item\":\"https:\/\/iberogen.com\/fr\/boutique\/\"},{\"@type\":\"ListItem\",\"position\":3,\"name\":\"Sexage des oiseaux par ADN\"}]},{\"@type\":\"WebSite\",\"@id\":\"https:\/\/iberogen.com\/fr\/#website\",\"url\":\"https:\/\/iberogen.com\/fr\/\",\"name\":\"Iberogen\",\"description\":\"\",\"potentialAction\":[{\"@type\":\"SearchAction\",\"target\":{\"@type\":\"EntryPoint\",\"urlTemplate\":\"https:\/\/iberogen.com\/fr\/?s={search_term_string}\"},\"query-input\":{\"@type\":\"PropertyValueSpecification\",\"valueRequired\":true,\"valueName\":\"search_term_string\"}}],\"inLanguage\":\"fr-FR\"}]}<\/script>\n<!-- \/ Yoast SEO plugin. -->","yoast_head_json":{"title":"Sexage ADN des oiseaux : location en ligne | Iberogen","description":"Commandez en ligne notre service de sexage mol\u00e9culaire des oiseaux : Commandez en ligne. Visitez notre boutique en ligne et d\u00e9couvrez tous nos services.","robots":{"index":"index","follow":"follow","max-snippet":"max-snippet:-1","max-image-preview":"max-image-preview:large","max-video-preview":"max-video-preview:-1"},"canonical":"https:\/\/iberogen.com\/fr\/produit\/sexage-des-oiseaux-par-adn\/","og_locale":"fr_FR","og_type":"article","og_title":"Sexage ADN des oiseaux : location en ligne | Iberogen","og_description":"Commandez en ligne notre service de sexage mol\u00e9culaire des oiseaux : Commandez en ligne. Visitez notre boutique en ligne et d\u00e9couvrez tous nos services.","og_url":"https:\/\/iberogen.com\/fr\/produit\/sexage-des-oiseaux-par-adn\/","og_site_name":"Iberogen","article_modified_time":"2026-03-24T11:29:26+00:00","twitter_card":"summary_large_image","twitter_misc":{"Dur\u00e9e de lecture estim\u00e9e":"1 minute"},"schema":{"@context":"https:\/\/schema.org","@graph":[{"@type":"WebPage","@id":"https:\/\/iberogen.com\/fr\/produit\/sexage-des-oiseaux-par-adn\/","url":"https:\/\/iberogen.com\/fr\/produit\/sexage-des-oiseaux-par-adn\/","name":"Sexage ADN des oiseaux : location en ligne | Iberogen","isPartOf":{"@id":"https:\/\/iberogen.com\/fr\/#website"},"datePublished":"2021-09-30T06:30:16+00:00","dateModified":"2026-03-24T11:29:26+00:00","description":"Commandez en ligne notre service de sexage mol\u00e9culaire des oiseaux : Commandez en ligne. Visitez notre boutique en ligne et d\u00e9couvrez tous nos services.","breadcrumb":{"@id":"https:\/\/iberogen.com\/fr\/produit\/sexage-des-oiseaux-par-adn\/#breadcrumb"},"inLanguage":"fr-FR","potentialAction":[{"@type":"ReadAction","target":["https:\/\/iberogen.com\/fr\/produit\/sexage-des-oiseaux-par-adn\/"]}]},{"@type":"BreadcrumbList","@id":"https:\/\/iberogen.com\/fr\/produit\/sexage-des-oiseaux-par-adn\/#breadcrumb","itemListElement":[{"@type":"ListItem","position":1,"name":"Portada","item":"https:\/\/iberogen.com\/fr\/"},{"@type":"ListItem","position":2,"name":"Boutique","item":"https:\/\/iberogen.com\/fr\/boutique\/"},{"@type":"ListItem","position":3,"name":"Sexage des oiseaux par ADN"}]},{"@type":"WebSite","@id":"https:\/\/iberogen.com\/fr\/#website","url":"https:\/\/iberogen.com\/fr\/","name":"Iberogen","description":"","potentialAction":[{"@type":"SearchAction","target":{"@type":"EntryPoint","urlTemplate":"https:\/\/iberogen.com\/fr\/?s={search_term_string}"},"query-input":{"@type":"PropertyValueSpecification","valueRequired":true,"valueName":"search_term_string"}}],"inLanguage":"fr-FR"}]}},"_links":{"self":[{"href":"https:\/\/iberogen.com\/fr\/wp-json\/wp\/v2\/product\/2954","targetHints":{"allow":["GET"]}}],"collection":[{"href":"https:\/\/iberogen.com\/fr\/wp-json\/wp\/v2\/product"}],"about":[{"href":"https:\/\/iberogen.com\/fr\/wp-json\/wp\/v2\/types\/product"}],"wp:attachment":[{"href":"https:\/\/iberogen.com\/fr\/wp-json\/wp\/v2\/media?parent=2954"}],"wp:term":[{"taxonomy":"product_brand","embeddable":true,"href":"https:\/\/iberogen.com\/fr\/wp-json\/wp\/v2\/product_brand?post=2954"},{"taxonomy":"product_cat","embeddable":true,"href":"https:\/\/iberogen.com\/fr\/wp-json\/wp\/v2\/product_cat?post=2954"},{"taxonomy":"product_tag","embeddable":true,"href":"https:\/\/iberogen.com\/fr\/wp-json\/wp\/v2\/product_tag?post=2954"},{"taxonomy":"tipo_de_muestra","embeddable":true,"href":"https:\/\/iberogen.com\/fr\/wp-json\/wp\/v2\/tipo_de_muestra?post=2954"},{"taxonomy":"especie","embeddable":true,"href":"https:\/\/iberogen.com\/fr\/wp-json\/wp\/v2\/especie?post=2954"}],"curies":[{"name":"wp","href":"https:\/\/api.w.org\/{rel}","templated":true}]}}