{"id":2981,"date":"2021-11-22T16:30:34","date_gmt":"2021-11-22T16:30:34","guid":{"rendered":"https:\/\/iberogen.com\/product\/deteccion-molecular-de-bornavirus-aviar-pdd\/"},"modified":"2026-01-22T11:16:45","modified_gmt":"2026-01-22T11:16:45","slug":"deteccion-molecular-de-bornavirus-aviar-pdd","status":"publish","type":"product","link":"https:\/\/iberogen.com\/fr\/produit\/deteccion-molecular-de-bornavirus-aviar-pdd\/","title":{"rendered":"Le Bornavirus aviare (PDD)"},"content":{"rendered":"<p>D\u00e9tection par RT-PCR du virus responsable du bornavirus aviaire (PDD).<\/p>\n<p><strong>\u00c9chantillons \u00e0 analyser: plumes de poitrine.<\/strong><br \/>\n<strong>Autopsie: cerveau.<\/strong><\/p>\n","protected":false},"excerpt":{"rendered":"<p>D\u00e9tection par RT-PCR du virus responsable du bornavirus aviaire (PDD). \u00c9chantillons \u00e0 analyser: plumes de poitrine. Autopsie: cerveau.<\/p>\n","protected":false},"featured_media":0,"template":"","meta":{"_acf_changed":false},"product_brand":[],"product_cat":[1501,1493],"product_tag":[],"tipo_de_muestra":[1507,1520],"especie":[1527],"class_list":{"0":"post-2981","1":"product","2":"type-product","3":"status-publish","5":"product_cat-detection-des-maladies","6":"product_cat-veterinaire","8":"first","9":"instock","10":"shipping-taxable","11":"purchasable","12":"product-type-variable"},"acf":[],"yoast_head":"<!-- This site is optimized with the Yoast SEO plugin v27.2 - https:\/\/yoast.com\/product\/yoast-seo-wordpress\/ -->\n<title>Maladie aviaire \u00e0 bornavirus (TED) | Iberogen<\/title>\n<meta name=\"description\" content=\"Commandez notre service Maladie \u00e0 Bornavirus Aviaire (TED) en ligne. Visitez notre boutique en ligne et d\u00e9couvrez tous nos services.\" \/>\n<meta name=\"robots\" content=\"index, follow, max-snippet:-1, max-image-preview:large, max-video-preview:-1\" \/>\n<link rel=\"canonical\" href=\"https:\/\/iberogen.com\/fr\/produit\/deteccion-molecular-de-bornavirus-aviar-pdd\/\" \/>\n<meta property=\"og:locale\" content=\"fr_FR\" \/>\n<meta property=\"og:type\" content=\"article\" \/>\n<meta property=\"og:title\" content=\"Maladie aviaire \u00e0 bornavirus (TED) | Iberogen\" \/>\n<meta property=\"og:description\" content=\"Commandez notre service Maladie \u00e0 Bornavirus Aviaire (TED) en ligne. Visitez notre boutique en ligne et d\u00e9couvrez tous nos services.\" \/>\n<meta property=\"og:url\" content=\"https:\/\/iberogen.com\/fr\/produit\/deteccion-molecular-de-bornavirus-aviar-pdd\/\" \/>\n<meta property=\"og:site_name\" content=\"Iberogen\" \/>\n<meta property=\"article:modified_time\" content=\"2026-01-22T11:16:45+00:00\" \/>\n<meta name=\"twitter:card\" content=\"summary_large_image\" \/>\n<meta name=\"twitter:label1\" content=\"Dur\u00e9e de lecture estim\u00e9e\" \/>\n\t<meta name=\"twitter:data1\" content=\"1 minute\" \/>\n<script type=\"application\/ld+json\" class=\"yoast-schema-graph\">{\"@context\":\"https:\/\/schema.org\",\"@graph\":[{\"@type\":\"WebPage\",\"@id\":\"https:\/\/iberogen.com\/fr\/produit\/deteccion-molecular-de-bornavirus-aviar-pdd\/\",\"url\":\"https:\/\/iberogen.com\/fr\/produit\/deteccion-molecular-de-bornavirus-aviar-pdd\/\",\"name\":\"Maladie aviaire \u00e0 bornavirus (TED) | Iberogen\",\"isPartOf\":{\"@id\":\"https:\/\/iberogen.com\/fr\/#website\"},\"datePublished\":\"2021-11-22T16:30:34+00:00\",\"dateModified\":\"2026-01-22T11:16:45+00:00\",\"description\":\"Commandez notre service Maladie \u00e0 Bornavirus Aviaire (TED) en ligne. Visitez notre boutique en ligne et d\u00e9couvrez tous nos services.\",\"breadcrumb\":{\"@id\":\"https:\/\/iberogen.com\/fr\/produit\/deteccion-molecular-de-bornavirus-aviar-pdd\/#breadcrumb\"},\"inLanguage\":\"fr-FR\",\"potentialAction\":[{\"@type\":\"ReadAction\",\"target\":[\"https:\/\/iberogen.com\/fr\/produit\/deteccion-molecular-de-bornavirus-aviar-pdd\/\"]}]},{\"@type\":\"BreadcrumbList\",\"@id\":\"https:\/\/iberogen.com\/fr\/produit\/deteccion-molecular-de-bornavirus-aviar-pdd\/#breadcrumb\",\"itemListElement\":[{\"@type\":\"ListItem\",\"position\":1,\"name\":\"Portada\",\"item\":\"https:\/\/iberogen.com\/fr\/\"},{\"@type\":\"ListItem\",\"position\":2,\"name\":\"Boutique\",\"item\":\"https:\/\/iberogen.com\/fr\/boutique\/\"},{\"@type\":\"ListItem\",\"position\":3,\"name\":\"Le Bornavirus aviare (PDD)\"}]},{\"@type\":\"WebSite\",\"@id\":\"https:\/\/iberogen.com\/fr\/#website\",\"url\":\"https:\/\/iberogen.com\/fr\/\",\"name\":\"Iberogen\",\"description\":\"\",\"potentialAction\":[{\"@type\":\"SearchAction\",\"target\":{\"@type\":\"EntryPoint\",\"urlTemplate\":\"https:\/\/iberogen.com\/fr\/?s={search_term_string}\"},\"query-input\":{\"@type\":\"PropertyValueSpecification\",\"valueRequired\":true,\"valueName\":\"search_term_string\"}}],\"inLanguage\":\"fr-FR\"}]}<\/script>\n<!-- \/ Yoast SEO plugin. -->","yoast_head_json":{"title":"Maladie aviaire \u00e0 bornavirus (TED) | Iberogen","description":"Commandez notre service Maladie \u00e0 Bornavirus Aviaire (TED) en ligne. Visitez notre boutique en ligne et d\u00e9couvrez tous nos services.","robots":{"index":"index","follow":"follow","max-snippet":"max-snippet:-1","max-image-preview":"max-image-preview:large","max-video-preview":"max-video-preview:-1"},"canonical":"https:\/\/iberogen.com\/fr\/produit\/deteccion-molecular-de-bornavirus-aviar-pdd\/","og_locale":"fr_FR","og_type":"article","og_title":"Maladie aviaire \u00e0 bornavirus (TED) | Iberogen","og_description":"Commandez notre service Maladie \u00e0 Bornavirus Aviaire (TED) en ligne. Visitez notre boutique en ligne et d\u00e9couvrez tous nos services.","og_url":"https:\/\/iberogen.com\/fr\/produit\/deteccion-molecular-de-bornavirus-aviar-pdd\/","og_site_name":"Iberogen","article_modified_time":"2026-01-22T11:16:45+00:00","twitter_card":"summary_large_image","twitter_misc":{"Dur\u00e9e de lecture estim\u00e9e":"1 minute"},"schema":{"@context":"https:\/\/schema.org","@graph":[{"@type":"WebPage","@id":"https:\/\/iberogen.com\/fr\/produit\/deteccion-molecular-de-bornavirus-aviar-pdd\/","url":"https:\/\/iberogen.com\/fr\/produit\/deteccion-molecular-de-bornavirus-aviar-pdd\/","name":"Maladie aviaire \u00e0 bornavirus (TED) | Iberogen","isPartOf":{"@id":"https:\/\/iberogen.com\/fr\/#website"},"datePublished":"2021-11-22T16:30:34+00:00","dateModified":"2026-01-22T11:16:45+00:00","description":"Commandez notre service Maladie \u00e0 Bornavirus Aviaire (TED) en ligne. Visitez notre boutique en ligne et d\u00e9couvrez tous nos services.","breadcrumb":{"@id":"https:\/\/iberogen.com\/fr\/produit\/deteccion-molecular-de-bornavirus-aviar-pdd\/#breadcrumb"},"inLanguage":"fr-FR","potentialAction":[{"@type":"ReadAction","target":["https:\/\/iberogen.com\/fr\/produit\/deteccion-molecular-de-bornavirus-aviar-pdd\/"]}]},{"@type":"BreadcrumbList","@id":"https:\/\/iberogen.com\/fr\/produit\/deteccion-molecular-de-bornavirus-aviar-pdd\/#breadcrumb","itemListElement":[{"@type":"ListItem","position":1,"name":"Portada","item":"https:\/\/iberogen.com\/fr\/"},{"@type":"ListItem","position":2,"name":"Boutique","item":"https:\/\/iberogen.com\/fr\/boutique\/"},{"@type":"ListItem","position":3,"name":"Le Bornavirus aviare (PDD)"}]},{"@type":"WebSite","@id":"https:\/\/iberogen.com\/fr\/#website","url":"https:\/\/iberogen.com\/fr\/","name":"Iberogen","description":"","potentialAction":[{"@type":"SearchAction","target":{"@type":"EntryPoint","urlTemplate":"https:\/\/iberogen.com\/fr\/?s={search_term_string}"},"query-input":{"@type":"PropertyValueSpecification","valueRequired":true,"valueName":"search_term_string"}}],"inLanguage":"fr-FR"}]}},"_links":{"self":[{"href":"https:\/\/iberogen.com\/fr\/wp-json\/wp\/v2\/product\/2981","targetHints":{"allow":["GET"]}}],"collection":[{"href":"https:\/\/iberogen.com\/fr\/wp-json\/wp\/v2\/product"}],"about":[{"href":"https:\/\/iberogen.com\/fr\/wp-json\/wp\/v2\/types\/product"}],"wp:attachment":[{"href":"https:\/\/iberogen.com\/fr\/wp-json\/wp\/v2\/media?parent=2981"}],"wp:term":[{"taxonomy":"product_brand","embeddable":true,"href":"https:\/\/iberogen.com\/fr\/wp-json\/wp\/v2\/product_brand?post=2981"},{"taxonomy":"product_cat","embeddable":true,"href":"https:\/\/iberogen.com\/fr\/wp-json\/wp\/v2\/product_cat?post=2981"},{"taxonomy":"product_tag","embeddable":true,"href":"https:\/\/iberogen.com\/fr\/wp-json\/wp\/v2\/product_tag?post=2981"},{"taxonomy":"tipo_de_muestra","embeddable":true,"href":"https:\/\/iberogen.com\/fr\/wp-json\/wp\/v2\/tipo_de_muestra?post=2981"},{"taxonomy":"especie","embeddable":true,"href":"https:\/\/iberogen.com\/fr\/wp-json\/wp\/v2\/especie?post=2981"}],"curies":[{"name":"wp","href":"https:\/\/api.w.org\/{rel}","templated":true}]}}