{"id":2995,"date":"2021-11-25T15:07:13","date_gmt":"2021-11-25T15:07:13","guid":{"rendered":"https:\/\/iberogen.com\/product\/deteccion-molecular-de-polioma-virus-apv\/"},"modified":"2026-01-22T10:46:31","modified_gmt":"2026-01-22T10:46:31","slug":"polyomavirus-aviaire-apv","status":"publish","type":"product","link":"https:\/\/iberogen.com\/fr\/produit\/polyomavirus-aviaire-apv\/","title":{"rendered":"Polyomavirus aviaire (APV)"},"content":{"rendered":"<p>D\u00e9tection par PCR du virus responsable du polyomavirus aviaire (APV).<\/p>\n<p><strong>\u00c9chantillons \u00e0 analyser: \u00e9chantillons de sang.<br \/>\nAutopsie: rate, foie ou rein.<\/strong><\/p>\n","protected":false},"excerpt":{"rendered":"<p>D\u00e9tection par PCR du virus responsable du polyomavirus aviaire (APV). \u00c9chantillons \u00e0 analyser: \u00e9chantillons de sang. Autopsie: rate, foie ou rein.<\/p>\n","protected":false},"featured_media":0,"template":"","meta":{"_acf_changed":false},"product_brand":[],"product_cat":[1501,1493],"product_tag":[],"tipo_de_muestra":[1515,1506,1522,1524],"especie":[1527],"class_list":{"0":"post-2995","1":"product","2":"type-product","3":"status-publish","5":"product_cat-detection-des-maladies","6":"product_cat-veterinaire","8":"first","9":"instock","10":"shipping-taxable","11":"purchasable","12":"product-type-variable"},"acf":[],"yoast_head":"<!-- This site is optimized with the Yoast SEO plugin v27.2 - https:\/\/yoast.com\/product\/yoast-seo-wordpress\/ -->\n<title>Maladie \u00e0 polyomavirus (APV) | Iberogen<\/title>\n<meta name=\"description\" content=\"Commandez en ligne notre service Maladie \u00e0 polyomavirus (APV). Visitez notre boutique en ligne et d\u00e9couvrez tous nos services.\" \/>\n<meta name=\"robots\" content=\"index, follow, max-snippet:-1, max-image-preview:large, max-video-preview:-1\" \/>\n<link rel=\"canonical\" href=\"https:\/\/iberogen.com\/fr\/produit\/polyomavirus-aviaire-apv\/\" \/>\n<meta property=\"og:locale\" content=\"fr_FR\" \/>\n<meta property=\"og:type\" content=\"article\" \/>\n<meta property=\"og:title\" content=\"Maladie \u00e0 polyomavirus (APV) | Iberogen\" \/>\n<meta property=\"og:description\" content=\"Commandez en ligne notre service Maladie \u00e0 polyomavirus (APV). Visitez notre boutique en ligne et d\u00e9couvrez tous nos services.\" \/>\n<meta property=\"og:url\" content=\"https:\/\/iberogen.com\/fr\/produit\/polyomavirus-aviaire-apv\/\" \/>\n<meta property=\"og:site_name\" content=\"Iberogen\" \/>\n<meta property=\"article:modified_time\" content=\"2026-01-22T10:46:31+00:00\" \/>\n<meta name=\"twitter:card\" content=\"summary_large_image\" \/>\n<meta name=\"twitter:label1\" content=\"Dur\u00e9e de lecture estim\u00e9e\" \/>\n\t<meta name=\"twitter:data1\" content=\"1 minute\" \/>\n<script type=\"application\/ld+json\" class=\"yoast-schema-graph\">{\"@context\":\"https:\/\/schema.org\",\"@graph\":[{\"@type\":\"WebPage\",\"@id\":\"https:\/\/iberogen.com\/fr\/produit\/polyomavirus-aviaire-apv\/\",\"url\":\"https:\/\/iberogen.com\/fr\/produit\/polyomavirus-aviaire-apv\/\",\"name\":\"Maladie \u00e0 polyomavirus (APV) | Iberogen\",\"isPartOf\":{\"@id\":\"https:\/\/iberogen.com\/fr\/#website\"},\"datePublished\":\"2021-11-25T15:07:13+00:00\",\"dateModified\":\"2026-01-22T10:46:31+00:00\",\"description\":\"Commandez en ligne notre service Maladie \u00e0 polyomavirus (APV). Visitez notre boutique en ligne et d\u00e9couvrez tous nos services.\",\"breadcrumb\":{\"@id\":\"https:\/\/iberogen.com\/fr\/produit\/polyomavirus-aviaire-apv\/#breadcrumb\"},\"inLanguage\":\"fr-FR\",\"potentialAction\":[{\"@type\":\"ReadAction\",\"target\":[\"https:\/\/iberogen.com\/fr\/produit\/polyomavirus-aviaire-apv\/\"]}]},{\"@type\":\"BreadcrumbList\",\"@id\":\"https:\/\/iberogen.com\/fr\/produit\/polyomavirus-aviaire-apv\/#breadcrumb\",\"itemListElement\":[{\"@type\":\"ListItem\",\"position\":1,\"name\":\"Portada\",\"item\":\"https:\/\/iberogen.com\/fr\/\"},{\"@type\":\"ListItem\",\"position\":2,\"name\":\"Boutique\",\"item\":\"https:\/\/iberogen.com\/fr\/boutique\/\"},{\"@type\":\"ListItem\",\"position\":3,\"name\":\"Polyomavirus aviaire (APV)\"}]},{\"@type\":\"WebSite\",\"@id\":\"https:\/\/iberogen.com\/fr\/#website\",\"url\":\"https:\/\/iberogen.com\/fr\/\",\"name\":\"Iberogen\",\"description\":\"\",\"potentialAction\":[{\"@type\":\"SearchAction\",\"target\":{\"@type\":\"EntryPoint\",\"urlTemplate\":\"https:\/\/iberogen.com\/fr\/?s={search_term_string}\"},\"query-input\":{\"@type\":\"PropertyValueSpecification\",\"valueRequired\":true,\"valueName\":\"search_term_string\"}}],\"inLanguage\":\"fr-FR\"}]}<\/script>\n<!-- \/ Yoast SEO plugin. -->","yoast_head_json":{"title":"Maladie \u00e0 polyomavirus (APV) | Iberogen","description":"Commandez en ligne notre service Maladie \u00e0 polyomavirus (APV). Visitez notre boutique en ligne et d\u00e9couvrez tous nos services.","robots":{"index":"index","follow":"follow","max-snippet":"max-snippet:-1","max-image-preview":"max-image-preview:large","max-video-preview":"max-video-preview:-1"},"canonical":"https:\/\/iberogen.com\/fr\/produit\/polyomavirus-aviaire-apv\/","og_locale":"fr_FR","og_type":"article","og_title":"Maladie \u00e0 polyomavirus (APV) | Iberogen","og_description":"Commandez en ligne notre service Maladie \u00e0 polyomavirus (APV). Visitez notre boutique en ligne et d\u00e9couvrez tous nos services.","og_url":"https:\/\/iberogen.com\/fr\/produit\/polyomavirus-aviaire-apv\/","og_site_name":"Iberogen","article_modified_time":"2026-01-22T10:46:31+00:00","twitter_card":"summary_large_image","twitter_misc":{"Dur\u00e9e de lecture estim\u00e9e":"1 minute"},"schema":{"@context":"https:\/\/schema.org","@graph":[{"@type":"WebPage","@id":"https:\/\/iberogen.com\/fr\/produit\/polyomavirus-aviaire-apv\/","url":"https:\/\/iberogen.com\/fr\/produit\/polyomavirus-aviaire-apv\/","name":"Maladie \u00e0 polyomavirus (APV) | Iberogen","isPartOf":{"@id":"https:\/\/iberogen.com\/fr\/#website"},"datePublished":"2021-11-25T15:07:13+00:00","dateModified":"2026-01-22T10:46:31+00:00","description":"Commandez en ligne notre service Maladie \u00e0 polyomavirus (APV). Visitez notre boutique en ligne et d\u00e9couvrez tous nos services.","breadcrumb":{"@id":"https:\/\/iberogen.com\/fr\/produit\/polyomavirus-aviaire-apv\/#breadcrumb"},"inLanguage":"fr-FR","potentialAction":[{"@type":"ReadAction","target":["https:\/\/iberogen.com\/fr\/produit\/polyomavirus-aviaire-apv\/"]}]},{"@type":"BreadcrumbList","@id":"https:\/\/iberogen.com\/fr\/produit\/polyomavirus-aviaire-apv\/#breadcrumb","itemListElement":[{"@type":"ListItem","position":1,"name":"Portada","item":"https:\/\/iberogen.com\/fr\/"},{"@type":"ListItem","position":2,"name":"Boutique","item":"https:\/\/iberogen.com\/fr\/boutique\/"},{"@type":"ListItem","position":3,"name":"Polyomavirus aviaire (APV)"}]},{"@type":"WebSite","@id":"https:\/\/iberogen.com\/fr\/#website","url":"https:\/\/iberogen.com\/fr\/","name":"Iberogen","description":"","potentialAction":[{"@type":"SearchAction","target":{"@type":"EntryPoint","urlTemplate":"https:\/\/iberogen.com\/fr\/?s={search_term_string}"},"query-input":{"@type":"PropertyValueSpecification","valueRequired":true,"valueName":"search_term_string"}}],"inLanguage":"fr-FR"}]}},"_links":{"self":[{"href":"https:\/\/iberogen.com\/fr\/wp-json\/wp\/v2\/product\/2995","targetHints":{"allow":["GET"]}}],"collection":[{"href":"https:\/\/iberogen.com\/fr\/wp-json\/wp\/v2\/product"}],"about":[{"href":"https:\/\/iberogen.com\/fr\/wp-json\/wp\/v2\/types\/product"}],"wp:attachment":[{"href":"https:\/\/iberogen.com\/fr\/wp-json\/wp\/v2\/media?parent=2995"}],"wp:term":[{"taxonomy":"product_brand","embeddable":true,"href":"https:\/\/iberogen.com\/fr\/wp-json\/wp\/v2\/product_brand?post=2995"},{"taxonomy":"product_cat","embeddable":true,"href":"https:\/\/iberogen.com\/fr\/wp-json\/wp\/v2\/product_cat?post=2995"},{"taxonomy":"product_tag","embeddable":true,"href":"https:\/\/iberogen.com\/fr\/wp-json\/wp\/v2\/product_tag?post=2995"},{"taxonomy":"tipo_de_muestra","embeddable":true,"href":"https:\/\/iberogen.com\/fr\/wp-json\/wp\/v2\/tipo_de_muestra?post=2995"},{"taxonomy":"especie","embeddable":true,"href":"https:\/\/iberogen.com\/fr\/wp-json\/wp\/v2\/especie?post=2995"}],"curies":[{"name":"wp","href":"https:\/\/api.w.org\/{rel}","templated":true}]}}