{"id":3023,"date":"2021-11-25T15:43:41","date_gmt":"2021-11-25T15:43:41","guid":{"rendered":"https:\/\/iberogen.com\/product\/deteccion-molecular-de-bordetella\/"},"modified":"2026-02-03T10:18:19","modified_gmt":"2026-02-03T10:18:19","slug":"bordetella","status":"publish","type":"product","link":"https:\/\/iberogen.com\/fr\/produit\/bordetella\/","title":{"rendered":"AUTRES MALADIES"},"content":{"rendered":"<p data-start=\"504\" data-end=\"750\">Diagnostic mol\u00e9culaire par PCR pour la d\u00e9tection de <em>Bordetella avium<\/em>, de la maladie de <em>Gumboro<\/em> (agent causal de la bursite infectieuse) et du <em>virus du Nil occidental<\/em> (agent causal de la fi\u00e8vre du Nil occidental).<\/p>\n<p data-start=\"752\" data-end=\"923\"><strong>Pour plus d\u2019informations sur ces maladies ou sur d\u2019autres non mentionn\u00e9es sur notre site web, veuillez contacter le laboratoire par courrier \u00e9lectronique ou par t\u00e9l\u00e9phone.<\/strong><\/p>\n","protected":false},"excerpt":{"rendered":"<p>Diagnostic mol\u00e9culaire par PCR pour la d\u00e9tection de Bordetella avium, de la maladie de Gumboro (agent causal de la bursite infectieuse) et du virus du Nil occidental (agent causal de la fi\u00e8vre du Nil occidental). Pour plus d\u2019informations sur ces maladies ou sur d\u2019autres non mentionn\u00e9es sur notre site web, veuillez contacter le laboratoire par [&hellip;]<\/p>\n","protected":false},"featured_media":0,"template":"","meta":{"_acf_changed":false},"product_brand":[],"product_cat":[1501,1493],"product_tag":[],"tipo_de_muestra":[1513,1521,1526],"especie":[1527],"class_list":{"0":"post-3023","1":"product","2":"type-product","3":"status-publish","5":"product_cat-detection-des-maladies","6":"product_cat-veterinaire","8":"first","9":"outofstock","10":"shipping-taxable","11":"purchasable","12":"product-type-variable"},"acf":[],"yoast_head":"<!-- This site is optimized with the Yoast SEO plugin v27.2 - https:\/\/yoast.com\/product\/yoast-seo-wordpress\/ -->\n<title>D\u00e9tection de Bordetella Avium | Iberogen<\/title>\n<meta name=\"description\" content=\"Commandez notre service de d\u00e9tection Bordetella Avium en ligne. Visitez notre boutique en ligne et d\u00e9couvrez tous nos services.\" \/>\n<meta name=\"robots\" content=\"index, follow, max-snippet:-1, max-image-preview:large, max-video-preview:-1\" \/>\n<link rel=\"canonical\" href=\"https:\/\/iberogen.com\/fr\/produit\/bordetella\/\" \/>\n<meta property=\"og:locale\" content=\"fr_FR\" \/>\n<meta property=\"og:type\" content=\"article\" \/>\n<meta property=\"og:title\" content=\"D\u00e9tection de Bordetella Avium | Iberogen\" \/>\n<meta property=\"og:description\" content=\"Commandez notre service de d\u00e9tection Bordetella Avium en ligne. Visitez notre boutique en ligne et d\u00e9couvrez tous nos services.\" \/>\n<meta property=\"og:url\" content=\"https:\/\/iberogen.com\/fr\/produit\/bordetella\/\" \/>\n<meta property=\"og:site_name\" content=\"Iberogen\" \/>\n<meta property=\"article:modified_time\" content=\"2026-02-03T10:18:19+00:00\" \/>\n<meta name=\"twitter:card\" content=\"summary_large_image\" \/>\n<meta name=\"twitter:label1\" content=\"Dur\u00e9e de lecture estim\u00e9e\" \/>\n\t<meta name=\"twitter:data1\" content=\"1 minute\" \/>\n<script type=\"application\/ld+json\" class=\"yoast-schema-graph\">{\"@context\":\"https:\/\/schema.org\",\"@graph\":[{\"@type\":\"WebPage\",\"@id\":\"https:\/\/iberogen.com\/fr\/produit\/bordetella\/\",\"url\":\"https:\/\/iberogen.com\/fr\/produit\/bordetella\/\",\"name\":\"D\u00e9tection de Bordetella Avium | Iberogen\",\"isPartOf\":{\"@id\":\"https:\/\/iberogen.com\/fr\/#website\"},\"datePublished\":\"2021-11-25T15:43:41+00:00\",\"dateModified\":\"2026-02-03T10:18:19+00:00\",\"description\":\"Commandez notre service de d\u00e9tection Bordetella Avium en ligne. Visitez notre boutique en ligne et d\u00e9couvrez tous nos services.\",\"breadcrumb\":{\"@id\":\"https:\/\/iberogen.com\/fr\/produit\/bordetella\/#breadcrumb\"},\"inLanguage\":\"fr-FR\",\"potentialAction\":[{\"@type\":\"ReadAction\",\"target\":[\"https:\/\/iberogen.com\/fr\/produit\/bordetella\/\"]}]},{\"@type\":\"BreadcrumbList\",\"@id\":\"https:\/\/iberogen.com\/fr\/produit\/bordetella\/#breadcrumb\",\"itemListElement\":[{\"@type\":\"ListItem\",\"position\":1,\"name\":\"Portada\",\"item\":\"https:\/\/iberogen.com\/fr\/\"},{\"@type\":\"ListItem\",\"position\":2,\"name\":\"Boutique\",\"item\":\"https:\/\/iberogen.com\/fr\/boutique\/\"},{\"@type\":\"ListItem\",\"position\":3,\"name\":\"AUTRES MALADIES\"}]},{\"@type\":\"WebSite\",\"@id\":\"https:\/\/iberogen.com\/fr\/#website\",\"url\":\"https:\/\/iberogen.com\/fr\/\",\"name\":\"Iberogen\",\"description\":\"\",\"potentialAction\":[{\"@type\":\"SearchAction\",\"target\":{\"@type\":\"EntryPoint\",\"urlTemplate\":\"https:\/\/iberogen.com\/fr\/?s={search_term_string}\"},\"query-input\":{\"@type\":\"PropertyValueSpecification\",\"valueRequired\":true,\"valueName\":\"search_term_string\"}}],\"inLanguage\":\"fr-FR\"}]}<\/script>\n<!-- \/ Yoast SEO plugin. -->","yoast_head_json":{"title":"D\u00e9tection de Bordetella Avium | Iberogen","description":"Commandez notre service de d\u00e9tection Bordetella Avium en ligne. Visitez notre boutique en ligne et d\u00e9couvrez tous nos services.","robots":{"index":"index","follow":"follow","max-snippet":"max-snippet:-1","max-image-preview":"max-image-preview:large","max-video-preview":"max-video-preview:-1"},"canonical":"https:\/\/iberogen.com\/fr\/produit\/bordetella\/","og_locale":"fr_FR","og_type":"article","og_title":"D\u00e9tection de Bordetella Avium | Iberogen","og_description":"Commandez notre service de d\u00e9tection Bordetella Avium en ligne. Visitez notre boutique en ligne et d\u00e9couvrez tous nos services.","og_url":"https:\/\/iberogen.com\/fr\/produit\/bordetella\/","og_site_name":"Iberogen","article_modified_time":"2026-02-03T10:18:19+00:00","twitter_card":"summary_large_image","twitter_misc":{"Dur\u00e9e de lecture estim\u00e9e":"1 minute"},"schema":{"@context":"https:\/\/schema.org","@graph":[{"@type":"WebPage","@id":"https:\/\/iberogen.com\/fr\/produit\/bordetella\/","url":"https:\/\/iberogen.com\/fr\/produit\/bordetella\/","name":"D\u00e9tection de Bordetella Avium | Iberogen","isPartOf":{"@id":"https:\/\/iberogen.com\/fr\/#website"},"datePublished":"2021-11-25T15:43:41+00:00","dateModified":"2026-02-03T10:18:19+00:00","description":"Commandez notre service de d\u00e9tection Bordetella Avium en ligne. Visitez notre boutique en ligne et d\u00e9couvrez tous nos services.","breadcrumb":{"@id":"https:\/\/iberogen.com\/fr\/produit\/bordetella\/#breadcrumb"},"inLanguage":"fr-FR","potentialAction":[{"@type":"ReadAction","target":["https:\/\/iberogen.com\/fr\/produit\/bordetella\/"]}]},{"@type":"BreadcrumbList","@id":"https:\/\/iberogen.com\/fr\/produit\/bordetella\/#breadcrumb","itemListElement":[{"@type":"ListItem","position":1,"name":"Portada","item":"https:\/\/iberogen.com\/fr\/"},{"@type":"ListItem","position":2,"name":"Boutique","item":"https:\/\/iberogen.com\/fr\/boutique\/"},{"@type":"ListItem","position":3,"name":"AUTRES MALADIES"}]},{"@type":"WebSite","@id":"https:\/\/iberogen.com\/fr\/#website","url":"https:\/\/iberogen.com\/fr\/","name":"Iberogen","description":"","potentialAction":[{"@type":"SearchAction","target":{"@type":"EntryPoint","urlTemplate":"https:\/\/iberogen.com\/fr\/?s={search_term_string}"},"query-input":{"@type":"PropertyValueSpecification","valueRequired":true,"valueName":"search_term_string"}}],"inLanguage":"fr-FR"}]}},"_links":{"self":[{"href":"https:\/\/iberogen.com\/fr\/wp-json\/wp\/v2\/product\/3023","targetHints":{"allow":["GET"]}}],"collection":[{"href":"https:\/\/iberogen.com\/fr\/wp-json\/wp\/v2\/product"}],"about":[{"href":"https:\/\/iberogen.com\/fr\/wp-json\/wp\/v2\/types\/product"}],"wp:attachment":[{"href":"https:\/\/iberogen.com\/fr\/wp-json\/wp\/v2\/media?parent=3023"}],"wp:term":[{"taxonomy":"product_brand","embeddable":true,"href":"https:\/\/iberogen.com\/fr\/wp-json\/wp\/v2\/product_brand?post=3023"},{"taxonomy":"product_cat","embeddable":true,"href":"https:\/\/iberogen.com\/fr\/wp-json\/wp\/v2\/product_cat?post=3023"},{"taxonomy":"product_tag","embeddable":true,"href":"https:\/\/iberogen.com\/fr\/wp-json\/wp\/v2\/product_tag?post=3023"},{"taxonomy":"tipo_de_muestra","embeddable":true,"href":"https:\/\/iberogen.com\/fr\/wp-json\/wp\/v2\/tipo_de_muestra?post=3023"},{"taxonomy":"especie","embeddable":true,"href":"https:\/\/iberogen.com\/fr\/wp-json\/wp\/v2\/especie?post=3023"}],"curies":[{"name":"wp","href":"https:\/\/api.w.org\/{rel}","templated":true}]}}