{"id":3074,"date":"2021-11-26T08:31:30","date_gmt":"2021-11-26T08:31:30","guid":{"rendered":"https:\/\/iberogen.com\/product\/deteccion-molecular-de-herpesvirus-de-palomas\/"},"modified":"2026-01-23T10:59:37","modified_gmt":"2026-01-23T10:59:37","slug":"herpesvirus-pigeons-et-oiseaux-de-proie","status":"publish","type":"product","link":"https:\/\/iberogen.com\/fr\/produit\/herpesvirus-pigeons-et-oiseaux-de-proie\/","title":{"rendered":"Herpesvirus pigeons et oiseaux de proie"},"content":{"rendered":"<p>D\u00e9tection par PCR du CoHV-1 <em>(Columbid herpesvirus-1).<\/em><\/p>\n<p><strong>\u00c9chantillons \u00e0 analyser: \u00e9chantillons de sang.<\/strong> Des tests environnementaux peuvent \u00eatre effectu\u00e9s en pr\u00e9levant des \u00e9chantillons \u00e0 la surface de la voli\u00e8re.<strong><br \/>\nAutopsie: rate ou foie.<\/strong><\/p>\n","protected":false},"excerpt":{"rendered":"<p>D\u00e9tection par PCR du CoHV-1 (Columbid herpesvirus-1). \u00c9chantillons \u00e0 analyser: \u00e9chantillons de sang. Des tests environnementaux peuvent \u00eatre effectu\u00e9s en pr\u00e9levant des \u00e9chantillons \u00e0 la surface de la voli\u00e8re. Autopsie: rate ou foie.<\/p>\n","protected":false},"featured_media":0,"template":"","meta":{"_acf_changed":false},"product_brand":[],"product_cat":[1502,1501,1493],"product_tag":[],"tipo_de_muestra":[1517,1515,1506,1524],"especie":[1527],"class_list":{"0":"post-3074","1":"product","2":"type-product","3":"status-publish","5":"product_cat-amelioration-genetique-des-pigeons","6":"product_cat-detection-des-maladies","7":"product_cat-veterinaire","9":"first","10":"instock","11":"shipping-taxable","12":"purchasable","13":"product-type-variable"},"acf":[],"yoast_head":"<!-- This site is optimized with the Yoast SEO plugin v27.2 - https:\/\/yoast.com\/product\/yoast-seo-wordpress\/ -->\n<title>D\u00e9tection de l&#039;herp\u00e8svirus chez les pigeons et les oiseaux de proie | Iberogen<\/title>\n<meta name=\"description\" content=\"Commandez en ligne notre service de D\u00e9tection d&#039;Herp\u00e8svirus pour pigeons et oiseaux de proie. Visitez notre boutique en ligne et d\u00e9couvrez tous nos services.\" \/>\n<meta name=\"robots\" content=\"index, follow, max-snippet:-1, max-image-preview:large, max-video-preview:-1\" \/>\n<link rel=\"canonical\" href=\"https:\/\/iberogen.com\/fr\/produit\/herpesvirus-pigeons-et-oiseaux-de-proie\/\" \/>\n<meta property=\"og:locale\" content=\"fr_FR\" \/>\n<meta property=\"og:type\" content=\"article\" \/>\n<meta property=\"og:title\" content=\"D\u00e9tection de l&#039;herp\u00e8svirus chez les pigeons et les oiseaux de proie | Iberogen\" \/>\n<meta property=\"og:description\" content=\"Commandez en ligne notre service de D\u00e9tection d&#039;Herp\u00e8svirus pour pigeons et oiseaux de proie. Visitez notre boutique en ligne et d\u00e9couvrez tous nos services.\" \/>\n<meta property=\"og:url\" content=\"https:\/\/iberogen.com\/fr\/produit\/herpesvirus-pigeons-et-oiseaux-de-proie\/\" \/>\n<meta property=\"og:site_name\" content=\"Iberogen\" \/>\n<meta property=\"article:modified_time\" content=\"2026-01-23T10:59:37+00:00\" \/>\n<meta name=\"twitter:card\" content=\"summary_large_image\" \/>\n<meta name=\"twitter:label1\" content=\"Dur\u00e9e de lecture estim\u00e9e\" \/>\n\t<meta name=\"twitter:data1\" content=\"1 minute\" \/>\n<script type=\"application\/ld+json\" class=\"yoast-schema-graph\">{\"@context\":\"https:\/\/schema.org\",\"@graph\":[{\"@type\":\"WebPage\",\"@id\":\"https:\/\/iberogen.com\/fr\/produit\/herpesvirus-pigeons-et-oiseaux-de-proie\/\",\"url\":\"https:\/\/iberogen.com\/fr\/produit\/herpesvirus-pigeons-et-oiseaux-de-proie\/\",\"name\":\"D\u00e9tection de l'herp\u00e8svirus chez les pigeons et les oiseaux de proie | Iberogen\",\"isPartOf\":{\"@id\":\"https:\/\/iberogen.com\/fr\/#website\"},\"datePublished\":\"2021-11-26T08:31:30+00:00\",\"dateModified\":\"2026-01-23T10:59:37+00:00\",\"description\":\"Commandez en ligne notre service de D\u00e9tection d'Herp\u00e8svirus pour pigeons et oiseaux de proie. Visitez notre boutique en ligne et d\u00e9couvrez tous nos services.\",\"breadcrumb\":{\"@id\":\"https:\/\/iberogen.com\/fr\/produit\/herpesvirus-pigeons-et-oiseaux-de-proie\/#breadcrumb\"},\"inLanguage\":\"fr-FR\",\"potentialAction\":[{\"@type\":\"ReadAction\",\"target\":[\"https:\/\/iberogen.com\/fr\/produit\/herpesvirus-pigeons-et-oiseaux-de-proie\/\"]}]},{\"@type\":\"BreadcrumbList\",\"@id\":\"https:\/\/iberogen.com\/fr\/produit\/herpesvirus-pigeons-et-oiseaux-de-proie\/#breadcrumb\",\"itemListElement\":[{\"@type\":\"ListItem\",\"position\":1,\"name\":\"Portada\",\"item\":\"https:\/\/iberogen.com\/fr\/\"},{\"@type\":\"ListItem\",\"position\":2,\"name\":\"Boutique\",\"item\":\"https:\/\/iberogen.com\/fr\/boutique\/\"},{\"@type\":\"ListItem\",\"position\":3,\"name\":\"Herpesvirus pigeons et oiseaux de proie\"}]},{\"@type\":\"WebSite\",\"@id\":\"https:\/\/iberogen.com\/fr\/#website\",\"url\":\"https:\/\/iberogen.com\/fr\/\",\"name\":\"Iberogen\",\"description\":\"\",\"potentialAction\":[{\"@type\":\"SearchAction\",\"target\":{\"@type\":\"EntryPoint\",\"urlTemplate\":\"https:\/\/iberogen.com\/fr\/?s={search_term_string}\"},\"query-input\":{\"@type\":\"PropertyValueSpecification\",\"valueRequired\":true,\"valueName\":\"search_term_string\"}}],\"inLanguage\":\"fr-FR\"}]}<\/script>\n<!-- \/ Yoast SEO plugin. -->","yoast_head_json":{"title":"D\u00e9tection de l'herp\u00e8svirus chez les pigeons et les oiseaux de proie | Iberogen","description":"Commandez en ligne notre service de D\u00e9tection d'Herp\u00e8svirus pour pigeons et oiseaux de proie. Visitez notre boutique en ligne et d\u00e9couvrez tous nos services.","robots":{"index":"index","follow":"follow","max-snippet":"max-snippet:-1","max-image-preview":"max-image-preview:large","max-video-preview":"max-video-preview:-1"},"canonical":"https:\/\/iberogen.com\/fr\/produit\/herpesvirus-pigeons-et-oiseaux-de-proie\/","og_locale":"fr_FR","og_type":"article","og_title":"D\u00e9tection de l'herp\u00e8svirus chez les pigeons et les oiseaux de proie | Iberogen","og_description":"Commandez en ligne notre service de D\u00e9tection d'Herp\u00e8svirus pour pigeons et oiseaux de proie. Visitez notre boutique en ligne et d\u00e9couvrez tous nos services.","og_url":"https:\/\/iberogen.com\/fr\/produit\/herpesvirus-pigeons-et-oiseaux-de-proie\/","og_site_name":"Iberogen","article_modified_time":"2026-01-23T10:59:37+00:00","twitter_card":"summary_large_image","twitter_misc":{"Dur\u00e9e de lecture estim\u00e9e":"1 minute"},"schema":{"@context":"https:\/\/schema.org","@graph":[{"@type":"WebPage","@id":"https:\/\/iberogen.com\/fr\/produit\/herpesvirus-pigeons-et-oiseaux-de-proie\/","url":"https:\/\/iberogen.com\/fr\/produit\/herpesvirus-pigeons-et-oiseaux-de-proie\/","name":"D\u00e9tection de l'herp\u00e8svirus chez les pigeons et les oiseaux de proie | Iberogen","isPartOf":{"@id":"https:\/\/iberogen.com\/fr\/#website"},"datePublished":"2021-11-26T08:31:30+00:00","dateModified":"2026-01-23T10:59:37+00:00","description":"Commandez en ligne notre service de D\u00e9tection d'Herp\u00e8svirus pour pigeons et oiseaux de proie. Visitez notre boutique en ligne et d\u00e9couvrez tous nos services.","breadcrumb":{"@id":"https:\/\/iberogen.com\/fr\/produit\/herpesvirus-pigeons-et-oiseaux-de-proie\/#breadcrumb"},"inLanguage":"fr-FR","potentialAction":[{"@type":"ReadAction","target":["https:\/\/iberogen.com\/fr\/produit\/herpesvirus-pigeons-et-oiseaux-de-proie\/"]}]},{"@type":"BreadcrumbList","@id":"https:\/\/iberogen.com\/fr\/produit\/herpesvirus-pigeons-et-oiseaux-de-proie\/#breadcrumb","itemListElement":[{"@type":"ListItem","position":1,"name":"Portada","item":"https:\/\/iberogen.com\/fr\/"},{"@type":"ListItem","position":2,"name":"Boutique","item":"https:\/\/iberogen.com\/fr\/boutique\/"},{"@type":"ListItem","position":3,"name":"Herpesvirus pigeons et oiseaux de proie"}]},{"@type":"WebSite","@id":"https:\/\/iberogen.com\/fr\/#website","url":"https:\/\/iberogen.com\/fr\/","name":"Iberogen","description":"","potentialAction":[{"@type":"SearchAction","target":{"@type":"EntryPoint","urlTemplate":"https:\/\/iberogen.com\/fr\/?s={search_term_string}"},"query-input":{"@type":"PropertyValueSpecification","valueRequired":true,"valueName":"search_term_string"}}],"inLanguage":"fr-FR"}]}},"_links":{"self":[{"href":"https:\/\/iberogen.com\/fr\/wp-json\/wp\/v2\/product\/3074","targetHints":{"allow":["GET"]}}],"collection":[{"href":"https:\/\/iberogen.com\/fr\/wp-json\/wp\/v2\/product"}],"about":[{"href":"https:\/\/iberogen.com\/fr\/wp-json\/wp\/v2\/types\/product"}],"wp:attachment":[{"href":"https:\/\/iberogen.com\/fr\/wp-json\/wp\/v2\/media?parent=3074"}],"wp:term":[{"taxonomy":"product_brand","embeddable":true,"href":"https:\/\/iberogen.com\/fr\/wp-json\/wp\/v2\/product_brand?post=3074"},{"taxonomy":"product_cat","embeddable":true,"href":"https:\/\/iberogen.com\/fr\/wp-json\/wp\/v2\/product_cat?post=3074"},{"taxonomy":"product_tag","embeddable":true,"href":"https:\/\/iberogen.com\/fr\/wp-json\/wp\/v2\/product_tag?post=3074"},{"taxonomy":"tipo_de_muestra","embeddable":true,"href":"https:\/\/iberogen.com\/fr\/wp-json\/wp\/v2\/tipo_de_muestra?post=3074"},{"taxonomy":"especie","embeddable":true,"href":"https:\/\/iberogen.com\/fr\/wp-json\/wp\/v2\/especie?post=3074"}],"curies":[{"name":"wp","href":"https:\/\/api.w.org\/{rel}","templated":true}]}}