{"id":3120,"date":"2021-11-26T09:32:56","date_gmt":"2021-11-26T09:32:56","guid":{"rendered":"https:\/\/iberogen.com\/product\/pack-sexado-molecular-pbfd-psitacosis-polioma\/"},"modified":"2026-03-04T11:17:51","modified_gmt":"2026-03-04T11:17:51","slug":"pack-sexage-des-oiseaux-par-adn-pbfd-chlamydiose-aviaire-polyomavirus","status":"publish","type":"product","link":"https:\/\/iberogen.com\/fr\/produit\/pack-sexage-des-oiseaux-par-adn-pbfd-chlamydiose-aviaire-polyomavirus\/","title":{"rendered":"Sexage des oiseaux + Pack Sant\u00e9 Quarantaine Psittacid\u00e9s (PBFD + Chlamydiose aviaire + Polyomavirus)"},"content":{"rendered":"<p>PBFD + PSITACOSE + POLIOMAVIRUS + SEXAGE. D\u00e9tection par PCR du virus responsable de la maladie du bec et des plumes des psittacid\u00e9s (PBFD) + D\u00e9tection par PCR de l&rsquo;agent responsable de la psittacose + D\u00e9tection par PCR du virus responsable du polyomavirus aviaire (APV) + Sexage mol\u00e9culaire.<\/p>\n<p><strong>\u00c9chantillons \u00e0 analyser: des \u00e9chantillons de sang et un \u00e9couvillon cloacal.<\/strong><\/p>\n","protected":false},"excerpt":{"rendered":"<p>PBFD + PSITACOSE + POLIOMAVIRUS + SEXAGE. D\u00e9tection par PCR du virus responsable de la maladie du bec et des plumes des psittacid\u00e9s (PBFD) + D\u00e9tection par PCR de l&rsquo;agent responsable de la psittacose + D\u00e9tection par PCR du virus responsable du polyomavirus aviaire (APV) + Sexage mol\u00e9culaire. \u00c9chantillons \u00e0 analyser: des \u00e9chantillons de sang [&hellip;]<\/p>\n","protected":false},"featured_media":0,"template":"","meta":{"_acf_changed":false},"product_brand":[],"product_cat":[1505,1504,1493],"product_tag":[],"tipo_de_muestra":[1523],"especie":[1527],"class_list":{"0":"post-3120","1":"product","2":"type-product","3":"status-publish","5":"product_cat-pack-sexage-maladies","6":"product_cat-sexage-adn-des-oiseaux","7":"product_cat-veterinaire","9":"first","10":"instock","11":"shipping-taxable","12":"purchasable","13":"product-type-variable"},"acf":[],"yoast_head":"<!-- This site is optimized with the Yoast SEO plugin v27.2 - https:\/\/yoast.com\/product\/yoast-seo-wordpress\/ -->\n<title>Pack Sexage G\u00e9n\u00e9tique + PBFD + Psittacose + Polyomavirus | Iberogen<\/title>\n<meta name=\"description\" content=\"Commandez en ligne notre service Pack Sexage G\u00e9n\u00e9tique + PBFD + Psittacose + Polyomavirus. Visitez notre boutique en ligne et d\u00e9couvrez tous nos services.\" \/>\n<meta name=\"robots\" content=\"index, follow, max-snippet:-1, max-image-preview:large, max-video-preview:-1\" \/>\n<link rel=\"canonical\" href=\"https:\/\/iberogen.com\/fr\/produit\/pack-sexage-des-oiseaux-par-adn-pbfd-chlamydiose-aviaire-polyomavirus\/\" \/>\n<meta property=\"og:locale\" content=\"fr_FR\" \/>\n<meta property=\"og:type\" content=\"article\" \/>\n<meta property=\"og:title\" content=\"Pack Sexage G\u00e9n\u00e9tique + PBFD + Psittacose + Polyomavirus | Iberogen\" \/>\n<meta property=\"og:description\" content=\"Commandez en ligne notre service Pack Sexage G\u00e9n\u00e9tique + PBFD + Psittacose + Polyomavirus. Visitez notre boutique en ligne et d\u00e9couvrez tous nos services.\" \/>\n<meta property=\"og:url\" content=\"https:\/\/iberogen.com\/fr\/produit\/pack-sexage-des-oiseaux-par-adn-pbfd-chlamydiose-aviaire-polyomavirus\/\" \/>\n<meta property=\"og:site_name\" content=\"Iberogen\" \/>\n<meta property=\"article:modified_time\" content=\"2026-03-04T11:17:51+00:00\" \/>\n<meta name=\"twitter:card\" content=\"summary_large_image\" \/>\n<meta name=\"twitter:label1\" content=\"Dur\u00e9e de lecture estim\u00e9e\" \/>\n\t<meta name=\"twitter:data1\" content=\"1 minute\" \/>\n<script type=\"application\/ld+json\" class=\"yoast-schema-graph\">{\"@context\":\"https:\/\/schema.org\",\"@graph\":[{\"@type\":\"WebPage\",\"@id\":\"https:\/\/iberogen.com\/fr\/produit\/pack-sexage-des-oiseaux-par-adn-pbfd-chlamydiose-aviaire-polyomavirus\/\",\"url\":\"https:\/\/iberogen.com\/fr\/produit\/pack-sexage-des-oiseaux-par-adn-pbfd-chlamydiose-aviaire-polyomavirus\/\",\"name\":\"Pack Sexage G\u00e9n\u00e9tique + PBFD + Psittacose + Polyomavirus | Iberogen\",\"isPartOf\":{\"@id\":\"https:\/\/iberogen.com\/fr\/#website\"},\"datePublished\":\"2021-11-26T09:32:56+00:00\",\"dateModified\":\"2026-03-04T11:17:51+00:00\",\"description\":\"Commandez en ligne notre service Pack Sexage G\u00e9n\u00e9tique + PBFD + Psittacose + Polyomavirus. Visitez notre boutique en ligne et d\u00e9couvrez tous nos services.\",\"breadcrumb\":{\"@id\":\"https:\/\/iberogen.com\/fr\/produit\/pack-sexage-des-oiseaux-par-adn-pbfd-chlamydiose-aviaire-polyomavirus\/#breadcrumb\"},\"inLanguage\":\"fr-FR\",\"potentialAction\":[{\"@type\":\"ReadAction\",\"target\":[\"https:\/\/iberogen.com\/fr\/produit\/pack-sexage-des-oiseaux-par-adn-pbfd-chlamydiose-aviaire-polyomavirus\/\"]}]},{\"@type\":\"BreadcrumbList\",\"@id\":\"https:\/\/iberogen.com\/fr\/produit\/pack-sexage-des-oiseaux-par-adn-pbfd-chlamydiose-aviaire-polyomavirus\/#breadcrumb\",\"itemListElement\":[{\"@type\":\"ListItem\",\"position\":1,\"name\":\"Portada\",\"item\":\"https:\/\/iberogen.com\/fr\/\"},{\"@type\":\"ListItem\",\"position\":2,\"name\":\"Boutique\",\"item\":\"https:\/\/iberogen.com\/fr\/boutique\/\"},{\"@type\":\"ListItem\",\"position\":3,\"name\":\"Sexage des oiseaux + Pack Sant\u00e9 Quarantaine Psittacid\u00e9s (PBFD + Chlamydiose aviaire + Polyomavirus)\"}]},{\"@type\":\"WebSite\",\"@id\":\"https:\/\/iberogen.com\/fr\/#website\",\"url\":\"https:\/\/iberogen.com\/fr\/\",\"name\":\"Iberogen\",\"description\":\"\",\"potentialAction\":[{\"@type\":\"SearchAction\",\"target\":{\"@type\":\"EntryPoint\",\"urlTemplate\":\"https:\/\/iberogen.com\/fr\/?s={search_term_string}\"},\"query-input\":{\"@type\":\"PropertyValueSpecification\",\"valueRequired\":true,\"valueName\":\"search_term_string\"}}],\"inLanguage\":\"fr-FR\"}]}<\/script>\n<!-- \/ Yoast SEO plugin. -->","yoast_head_json":{"title":"Pack Sexage G\u00e9n\u00e9tique + PBFD + Psittacose + Polyomavirus | Iberogen","description":"Commandez en ligne notre service Pack Sexage G\u00e9n\u00e9tique + PBFD + Psittacose + Polyomavirus. Visitez notre boutique en ligne et d\u00e9couvrez tous nos services.","robots":{"index":"index","follow":"follow","max-snippet":"max-snippet:-1","max-image-preview":"max-image-preview:large","max-video-preview":"max-video-preview:-1"},"canonical":"https:\/\/iberogen.com\/fr\/produit\/pack-sexage-des-oiseaux-par-adn-pbfd-chlamydiose-aviaire-polyomavirus\/","og_locale":"fr_FR","og_type":"article","og_title":"Pack Sexage G\u00e9n\u00e9tique + PBFD + Psittacose + Polyomavirus | Iberogen","og_description":"Commandez en ligne notre service Pack Sexage G\u00e9n\u00e9tique + PBFD + Psittacose + Polyomavirus. Visitez notre boutique en ligne et d\u00e9couvrez tous nos services.","og_url":"https:\/\/iberogen.com\/fr\/produit\/pack-sexage-des-oiseaux-par-adn-pbfd-chlamydiose-aviaire-polyomavirus\/","og_site_name":"Iberogen","article_modified_time":"2026-03-04T11:17:51+00:00","twitter_card":"summary_large_image","twitter_misc":{"Dur\u00e9e de lecture estim\u00e9e":"1 minute"},"schema":{"@context":"https:\/\/schema.org","@graph":[{"@type":"WebPage","@id":"https:\/\/iberogen.com\/fr\/produit\/pack-sexage-des-oiseaux-par-adn-pbfd-chlamydiose-aviaire-polyomavirus\/","url":"https:\/\/iberogen.com\/fr\/produit\/pack-sexage-des-oiseaux-par-adn-pbfd-chlamydiose-aviaire-polyomavirus\/","name":"Pack Sexage G\u00e9n\u00e9tique + PBFD + Psittacose + Polyomavirus | Iberogen","isPartOf":{"@id":"https:\/\/iberogen.com\/fr\/#website"},"datePublished":"2021-11-26T09:32:56+00:00","dateModified":"2026-03-04T11:17:51+00:00","description":"Commandez en ligne notre service Pack Sexage G\u00e9n\u00e9tique + PBFD + Psittacose + Polyomavirus. Visitez notre boutique en ligne et d\u00e9couvrez tous nos services.","breadcrumb":{"@id":"https:\/\/iberogen.com\/fr\/produit\/pack-sexage-des-oiseaux-par-adn-pbfd-chlamydiose-aviaire-polyomavirus\/#breadcrumb"},"inLanguage":"fr-FR","potentialAction":[{"@type":"ReadAction","target":["https:\/\/iberogen.com\/fr\/produit\/pack-sexage-des-oiseaux-par-adn-pbfd-chlamydiose-aviaire-polyomavirus\/"]}]},{"@type":"BreadcrumbList","@id":"https:\/\/iberogen.com\/fr\/produit\/pack-sexage-des-oiseaux-par-adn-pbfd-chlamydiose-aviaire-polyomavirus\/#breadcrumb","itemListElement":[{"@type":"ListItem","position":1,"name":"Portada","item":"https:\/\/iberogen.com\/fr\/"},{"@type":"ListItem","position":2,"name":"Boutique","item":"https:\/\/iberogen.com\/fr\/boutique\/"},{"@type":"ListItem","position":3,"name":"Sexage des oiseaux + Pack Sant\u00e9 Quarantaine Psittacid\u00e9s (PBFD + Chlamydiose aviaire + Polyomavirus)"}]},{"@type":"WebSite","@id":"https:\/\/iberogen.com\/fr\/#website","url":"https:\/\/iberogen.com\/fr\/","name":"Iberogen","description":"","potentialAction":[{"@type":"SearchAction","target":{"@type":"EntryPoint","urlTemplate":"https:\/\/iberogen.com\/fr\/?s={search_term_string}"},"query-input":{"@type":"PropertyValueSpecification","valueRequired":true,"valueName":"search_term_string"}}],"inLanguage":"fr-FR"}]}},"_links":{"self":[{"href":"https:\/\/iberogen.com\/fr\/wp-json\/wp\/v2\/product\/3120","targetHints":{"allow":["GET"]}}],"collection":[{"href":"https:\/\/iberogen.com\/fr\/wp-json\/wp\/v2\/product"}],"about":[{"href":"https:\/\/iberogen.com\/fr\/wp-json\/wp\/v2\/types\/product"}],"wp:attachment":[{"href":"https:\/\/iberogen.com\/fr\/wp-json\/wp\/v2\/media?parent=3120"}],"wp:term":[{"taxonomy":"product_brand","embeddable":true,"href":"https:\/\/iberogen.com\/fr\/wp-json\/wp\/v2\/product_brand?post=3120"},{"taxonomy":"product_cat","embeddable":true,"href":"https:\/\/iberogen.com\/fr\/wp-json\/wp\/v2\/product_cat?post=3120"},{"taxonomy":"product_tag","embeddable":true,"href":"https:\/\/iberogen.com\/fr\/wp-json\/wp\/v2\/product_tag?post=3120"},{"taxonomy":"tipo_de_muestra","embeddable":true,"href":"https:\/\/iberogen.com\/fr\/wp-json\/wp\/v2\/tipo_de_muestra?post=3120"},{"taxonomy":"especie","embeddable":true,"href":"https:\/\/iberogen.com\/fr\/wp-json\/wp\/v2\/especie?post=3120"}],"curies":[{"name":"wp","href":"https:\/\/api.w.org\/{rel}","templated":true}]}}