{"id":3196,"date":"2021-11-29T07:33:02","date_gmt":"2021-11-29T07:33:02","guid":{"rendered":"https:\/\/iberogen.com\/product\/determinacion-molecular-del-genotipo-drd4-1\/"},"modified":"2024-02-06T18:31:34","modified_gmt":"2024-02-06T18:31:34","slug":"determination-moleculaire-du-genotype-drd4-1","status":"publish","type":"product","link":"https:\/\/iberogen.com\/fr\/produit\/determination-moleculaire-du-genotype-drd4-1\/","title":{"rendered":"D\u00e9termination mol\u00e9culaire du g\u00e9notype DRD4-1"},"content":{"rendered":"<p>Drd4-1 est le premier de l&rsquo;analyse compl\u00e8te de DRD4. Les deux locus diff\u00e9rents sont n\u00e9cessaires pour obtenir toutes les informations et si vous voulez conna\u00eetre le g\u00e9notype combin\u00e9\u00a0: CCCC, CCCT, CTCC, CTCT, TTCC, CTTT, TTCT, CCTT et TTTT.<\/p>\n<p><strong>\u00c9chantillons \u00e0 analyser: \u00e9chantillons de sang.<\/strong><\/p>\n","protected":false},"excerpt":{"rendered":"<p>Drd4-1 est le premier de l&rsquo;analyse compl\u00e8te de DRD4. Les deux locus diff\u00e9rents sont n\u00e9cessaires pour obtenir toutes les informations et si vous voulez conna\u00eetre le g\u00e9notype combin\u00e9\u00a0: CCCC, CCCT, CTCC, CTCT, TTCC, CTTT, TTCT, CCTT et TTTT. \u00c9chantillons \u00e0 analyser: \u00e9chantillons de sang.<\/p>\n","protected":false},"featured_media":0,"template":"","meta":{"_acf_changed":false},"product_brand":[],"product_cat":[1502,1493],"product_tag":[],"tipo_de_muestra":[1524],"especie":[1527],"class_list":{"0":"post-3196","1":"product","2":"type-product","3":"status-publish","5":"product_cat-amelioration-genetique-des-pigeons","6":"product_cat-veterinaire","8":"first","9":"instock","10":"shipping-taxable","11":"purchasable","12":"product-type-variable"},"acf":[],"yoast_head":"<!-- This site is optimized with the Yoast SEO plugin v27.2 - https:\/\/yoast.com\/product\/yoast-seo-wordpress\/ -->\n<title>D\u00e9termination mol\u00e9culaire du g\u00e9notype DRD4-1 | Iberogen<\/title>\n<meta name=\"description\" content=\"Commandez en ligne notre service de d\u00e9termination mol\u00e9culaire du g\u00e9notype DRD4-1. Visitez notre boutique en ligne et d\u00e9couvrez tous nos services.\" \/>\n<meta name=\"robots\" content=\"index, follow, max-snippet:-1, max-image-preview:large, max-video-preview:-1\" \/>\n<link rel=\"canonical\" href=\"https:\/\/iberogen.com\/fr\/produit\/determination-moleculaire-du-genotype-drd4-1\/\" \/>\n<meta property=\"og:locale\" content=\"fr_FR\" \/>\n<meta property=\"og:type\" content=\"article\" \/>\n<meta property=\"og:title\" content=\"D\u00e9termination mol\u00e9culaire du g\u00e9notype DRD4-1 | Iberogen\" \/>\n<meta property=\"og:description\" content=\"Commandez en ligne notre service de d\u00e9termination mol\u00e9culaire du g\u00e9notype DRD4-1. Visitez notre boutique en ligne et d\u00e9couvrez tous nos services.\" \/>\n<meta property=\"og:url\" content=\"https:\/\/iberogen.com\/fr\/produit\/determination-moleculaire-du-genotype-drd4-1\/\" \/>\n<meta property=\"og:site_name\" content=\"Iberogen\" \/>\n<meta property=\"article:modified_time\" content=\"2024-02-06T18:31:34+00:00\" \/>\n<meta name=\"twitter:card\" content=\"summary_large_image\" \/>\n<meta name=\"twitter:label1\" content=\"Dur\u00e9e de lecture estim\u00e9e\" \/>\n\t<meta name=\"twitter:data1\" content=\"1 minute\" \/>\n<script type=\"application\/ld+json\" class=\"yoast-schema-graph\">{\"@context\":\"https:\/\/schema.org\",\"@graph\":[{\"@type\":\"WebPage\",\"@id\":\"https:\/\/iberogen.com\/fr\/produit\/determination-moleculaire-du-genotype-drd4-1\/\",\"url\":\"https:\/\/iberogen.com\/fr\/produit\/determination-moleculaire-du-genotype-drd4-1\/\",\"name\":\"D\u00e9termination mol\u00e9culaire du g\u00e9notype DRD4-1 | Iberogen\",\"isPartOf\":{\"@id\":\"https:\/\/iberogen.com\/fr\/#website\"},\"datePublished\":\"2021-11-29T07:33:02+00:00\",\"dateModified\":\"2024-02-06T18:31:34+00:00\",\"description\":\"Commandez en ligne notre service de d\u00e9termination mol\u00e9culaire du g\u00e9notype DRD4-1. Visitez notre boutique en ligne et d\u00e9couvrez tous nos services.\",\"breadcrumb\":{\"@id\":\"https:\/\/iberogen.com\/fr\/produit\/determination-moleculaire-du-genotype-drd4-1\/#breadcrumb\"},\"inLanguage\":\"fr-FR\",\"potentialAction\":[{\"@type\":\"ReadAction\",\"target\":[\"https:\/\/iberogen.com\/fr\/produit\/determination-moleculaire-du-genotype-drd4-1\/\"]}]},{\"@type\":\"BreadcrumbList\",\"@id\":\"https:\/\/iberogen.com\/fr\/produit\/determination-moleculaire-du-genotype-drd4-1\/#breadcrumb\",\"itemListElement\":[{\"@type\":\"ListItem\",\"position\":1,\"name\":\"Portada\",\"item\":\"https:\/\/iberogen.com\/fr\/\"},{\"@type\":\"ListItem\",\"position\":2,\"name\":\"Boutique\",\"item\":\"https:\/\/iberogen.com\/fr\/boutique\/\"},{\"@type\":\"ListItem\",\"position\":3,\"name\":\"D\u00e9termination mol\u00e9culaire du g\u00e9notype DRD4-1\"}]},{\"@type\":\"WebSite\",\"@id\":\"https:\/\/iberogen.com\/fr\/#website\",\"url\":\"https:\/\/iberogen.com\/fr\/\",\"name\":\"Iberogen\",\"description\":\"\",\"potentialAction\":[{\"@type\":\"SearchAction\",\"target\":{\"@type\":\"EntryPoint\",\"urlTemplate\":\"https:\/\/iberogen.com\/fr\/?s={search_term_string}\"},\"query-input\":{\"@type\":\"PropertyValueSpecification\",\"valueRequired\":true,\"valueName\":\"search_term_string\"}}],\"inLanguage\":\"fr-FR\"}]}<\/script>\n<!-- \/ Yoast SEO plugin. -->","yoast_head_json":{"title":"D\u00e9termination mol\u00e9culaire du g\u00e9notype DRD4-1 | Iberogen","description":"Commandez en ligne notre service de d\u00e9termination mol\u00e9culaire du g\u00e9notype DRD4-1. Visitez notre boutique en ligne et d\u00e9couvrez tous nos services.","robots":{"index":"index","follow":"follow","max-snippet":"max-snippet:-1","max-image-preview":"max-image-preview:large","max-video-preview":"max-video-preview:-1"},"canonical":"https:\/\/iberogen.com\/fr\/produit\/determination-moleculaire-du-genotype-drd4-1\/","og_locale":"fr_FR","og_type":"article","og_title":"D\u00e9termination mol\u00e9culaire du g\u00e9notype DRD4-1 | Iberogen","og_description":"Commandez en ligne notre service de d\u00e9termination mol\u00e9culaire du g\u00e9notype DRD4-1. Visitez notre boutique en ligne et d\u00e9couvrez tous nos services.","og_url":"https:\/\/iberogen.com\/fr\/produit\/determination-moleculaire-du-genotype-drd4-1\/","og_site_name":"Iberogen","article_modified_time":"2024-02-06T18:31:34+00:00","twitter_card":"summary_large_image","twitter_misc":{"Dur\u00e9e de lecture estim\u00e9e":"1 minute"},"schema":{"@context":"https:\/\/schema.org","@graph":[{"@type":"WebPage","@id":"https:\/\/iberogen.com\/fr\/produit\/determination-moleculaire-du-genotype-drd4-1\/","url":"https:\/\/iberogen.com\/fr\/produit\/determination-moleculaire-du-genotype-drd4-1\/","name":"D\u00e9termination mol\u00e9culaire du g\u00e9notype DRD4-1 | Iberogen","isPartOf":{"@id":"https:\/\/iberogen.com\/fr\/#website"},"datePublished":"2021-11-29T07:33:02+00:00","dateModified":"2024-02-06T18:31:34+00:00","description":"Commandez en ligne notre service de d\u00e9termination mol\u00e9culaire du g\u00e9notype DRD4-1. Visitez notre boutique en ligne et d\u00e9couvrez tous nos services.","breadcrumb":{"@id":"https:\/\/iberogen.com\/fr\/produit\/determination-moleculaire-du-genotype-drd4-1\/#breadcrumb"},"inLanguage":"fr-FR","potentialAction":[{"@type":"ReadAction","target":["https:\/\/iberogen.com\/fr\/produit\/determination-moleculaire-du-genotype-drd4-1\/"]}]},{"@type":"BreadcrumbList","@id":"https:\/\/iberogen.com\/fr\/produit\/determination-moleculaire-du-genotype-drd4-1\/#breadcrumb","itemListElement":[{"@type":"ListItem","position":1,"name":"Portada","item":"https:\/\/iberogen.com\/fr\/"},{"@type":"ListItem","position":2,"name":"Boutique","item":"https:\/\/iberogen.com\/fr\/boutique\/"},{"@type":"ListItem","position":3,"name":"D\u00e9termination mol\u00e9culaire du g\u00e9notype DRD4-1"}]},{"@type":"WebSite","@id":"https:\/\/iberogen.com\/fr\/#website","url":"https:\/\/iberogen.com\/fr\/","name":"Iberogen","description":"","potentialAction":[{"@type":"SearchAction","target":{"@type":"EntryPoint","urlTemplate":"https:\/\/iberogen.com\/fr\/?s={search_term_string}"},"query-input":{"@type":"PropertyValueSpecification","valueRequired":true,"valueName":"search_term_string"}}],"inLanguage":"fr-FR"}]}},"_links":{"self":[{"href":"https:\/\/iberogen.com\/fr\/wp-json\/wp\/v2\/product\/3196","targetHints":{"allow":["GET"]}}],"collection":[{"href":"https:\/\/iberogen.com\/fr\/wp-json\/wp\/v2\/product"}],"about":[{"href":"https:\/\/iberogen.com\/fr\/wp-json\/wp\/v2\/types\/product"}],"wp:attachment":[{"href":"https:\/\/iberogen.com\/fr\/wp-json\/wp\/v2\/media?parent=3196"}],"wp:term":[{"taxonomy":"product_brand","embeddable":true,"href":"https:\/\/iberogen.com\/fr\/wp-json\/wp\/v2\/product_brand?post=3196"},{"taxonomy":"product_cat","embeddable":true,"href":"https:\/\/iberogen.com\/fr\/wp-json\/wp\/v2\/product_cat?post=3196"},{"taxonomy":"product_tag","embeddable":true,"href":"https:\/\/iberogen.com\/fr\/wp-json\/wp\/v2\/product_tag?post=3196"},{"taxonomy":"tipo_de_muestra","embeddable":true,"href":"https:\/\/iberogen.com\/fr\/wp-json\/wp\/v2\/tipo_de_muestra?post=3196"},{"taxonomy":"especie","embeddable":true,"href":"https:\/\/iberogen.com\/fr\/wp-json\/wp\/v2\/especie?post=3196"}],"curies":[{"name":"wp","href":"https:\/\/api.w.org\/{rel}","templated":true}]}}